{"id":12663,"date":"2019-09-04T08:02:47","date_gmt":"2019-09-04T07:02:47","guid":{"rendered":"https:\/\/www.carpinteria-aluminio.cat\/politica-de-privacidad\/"},"modified":"2019-09-04T08:27:01","modified_gmt":"2019-09-04T07:27:01","slug":"politica-de-privacidad","status":"publish","type":"page","link":"https:\/\/www.carpinteria-aluminio.cat\/ca\/politica-de-privacidad\/","title":{"rendered":"Pol\u00edtica de Privacidad"},"content":{"rendered":"<p><strong>DATOS DE IDENTIFICACI\u00d3N DEL RESPONSABLE DEL TRATAMIENTO<\/strong><\/p>\n<p><strong>\u00a0<\/strong><\/p>\n<p><strong>Identidad: <\/strong>Rub\u00e9n Ponsico Cangueiro (tambi\u00e9n \u201c<strong>RPC<\/strong>\u201d o el \u201c<strong>Prestador<\/strong>\u201d)<\/p>\n<p><strong>NIF:<\/strong>40994326T<\/p>\n<p><strong>Direcci\u00f3n postal:<\/strong>Calle Murcia n\u00ba 29 local 3, 08027 Barcelona<\/p>\n<p><strong>Correo electr\u00f3nico:<\/strong><a href=\"mailto:ponsicoscp@hotmail.com\">ponsicoscp@hotmail.com<\/a><\/p>\n<ul>\n<li><strong>Objetivo de esta pol\u00edtica de privacidad <\/strong><\/li>\n<\/ul>\n<p>En Carpinter\u00eda de Aluminio Ponsico nos comprometemos con la privacidad de nuestros clientes y usuarios de la p\u00e1gina web <a href=\"https:\/\/www.carpinteria-aluminio.cat\/\">https:\/\/www.carpinteria-aluminio.cat\/<\/a> (en adelante, la \u201cWeb\u201d) y procuramos garantizar una adecuada protecci\u00f3n de los datos que nos facilitan. Por ello, en cumplimiento de lo previsto en el Reglamento (UE) 2016\/679 del Parlamento Europeo y del Consejo, de 27 de abril de 2016, relativo a la protecci\u00f3n de las personas f\u00edsicas en lo que respecta al tratamiento de datos personales y a la libre circulaci\u00f3n de estos datos (RGPD), la Ley Org\u00e1nica 3\/2018 de 5 de diciembre (LOPDGDD) y dem\u00e1s normativa legal vigente en materia de protecci\u00f3n de datos personales ponemos a tu disposici\u00f3n informaci\u00f3n acerca del uso que hacemos de tus datos personales, incluyendo: los datos que recogemos, las finalidades del tratamiento o los derechos que puedes ejercer sobre ellos.<\/p>\n<p>Antes que nada, creemos necesario explicarte qu\u00e9 se entiende por \u201cdato personal\u201d, definido como cualquier informaci\u00f3n que permita identificar a una persona.<\/p>\n<p>Hemos preparado esta informaci\u00f3n de forma que sea resumida, clara y transparente. <u>Es importante que leas con atenci\u00f3n y est\u00e9s conforme con esta pol\u00edtica de privacidad<\/u>, aceptando y consintiendo el tratamiento de los datos personales por RPC de la manera y para las finalidades que se describir\u00e1n m\u00e1s adelante. Con todo si en cualquier momento pudiera surgirte alguna duda podr\u00e1s contactar con nosotros a trav\u00e9s de la direcci\u00f3n de correo electr\u00f3nico indicada con anterioridad.<\/p>\n<p>La presente Pol\u00edtica General de Privacidad constituye junto con el <a href=\"https:\/\/www.carpinteria-aluminio.cat\/ca\/aviso-legal\/\">Aviso Legal<\/a> y la <a href=\"https:\/\/www.carpinteria-aluminio.cat\/ca\/politica-de-cookies\/\">Pol\u00edtica de cookies<\/a>\u00a0el conjunto de normas que regulan el uso de la Web.<\/p>\n<p><strong>\u00a0<\/strong><\/p>\n<ul>\n<li><strong>\u00c1mbito de aplicaci\u00f3n:<\/strong><\/li>\n<\/ul>\n<p>Nuestra pol\u00edtica de protecci\u00f3n de datos se aplicar\u00e1:<\/p>\n<ul>\n<li>A los Usuarios que faciliten cualquier tipo de dato que en cada momento pueda considerarse de car\u00e1cter personal cuando accedan a nuestra Web.<\/li>\n<li>A nuestros clientes, en la medida que nos faciliten cualquier tipo de dato personal en el momento que adquieran nuestros productos o contraten nuestros servicios de fabricaci\u00f3n, distribuci\u00f3n y montaje en el \u00e1mbito de la carpinter\u00eda de aluminio.<\/li>\n<\/ul>\n<ul>\n<li>Aquellos que de manera voluntaria se comuniquen con el Prestador a trav\u00e9s de alguno de los formularios que incluyamos en nuestra Web, as\u00ed como por correo electr\u00f3nico o por cualquier otro medio.<\/li>\n<\/ul>\n<ul>\n<li><strong>Informaci\u00f3n necesaria para proveer nuestros servicios: <\/strong><\/li>\n<\/ul>\n<p>Tal y como te informamos en el punto 2.1 de esta pol\u00edtica de privacidad, por el mero acceso a nuestra Web recogemos meramente <strong>datos no identificativos. <\/strong>Ahora bien, precisaremos que nos facilites tus datos si te quieres poner en contacto con nosotros o para proveerte nuestros productos y\/o servicios. Nunca recogeremos m\u00e1s datos de los estrictamente necesarios, pero si no nos los proporcionas quiz\u00e1s no podremos ofrecerte nuestros servicios o, en su caso, ponernos en contacto contigo. No sufrir\u00e1s ninguna consecuencia m\u00e1s.<\/p>\n<ol start=\"2\">\n<li><strong>\u00bfQU\u00c9 TIPO DE DATOS RECOGEMOS, CON QU\u00c9 FINALIDAD Y CU\u00c1L ES LA BASE QUE LEGITIMA SU TRATAMIENTO?<\/strong><\/li>\n<\/ol>\n<p>Las categor\u00edas de datos recogidos, el uso o la finalidad para los cuales se recogen o la base jur\u00eddica que legitima el uso de los datos personales facilitados pueden variar seg\u00fan sea la manera en la que interacciones con RPC. Para mayor claridad a continuaci\u00f3n te ofrecemos la informaci\u00f3n de manera desglosada:<\/p>\n<ul>\n<li><strong>Por el mero acceso a nuestra Web <\/strong><\/li>\n<\/ul>\n<p>Si tan solo accedes a nuestra Web no tendremos acceso a datos con los que podamos identificarte. \u00c9stos se podr\u00e1n limitar a: direcci\u00f3n IP del ordenador, fecha, hora y duraci\u00f3n de la navegaci\u00f3n; p\u00e1ginas web desde la que ha tenido lugar el acceso; buscador que ha utilizado; etc.<\/p>\n<p>El Proveedor podr\u00e1 tratar estos datos con las siguientes finalidades:<\/p>\n<ul>\n<li>Establecer la conexi\u00f3n<\/li>\n<li>Garantizar la seguridad y estabilidad del sistema<\/li>\n<li>Administraci\u00f3n t\u00e9cnica y optimizaci\u00f3n de la infraestructura de la red<\/li>\n<li>Perseguir los usos indebidos<\/li>\n<li>Analizar sus preferencias<\/li>\n<\/ul>\n<p>En lo que respecta a las finalidades anteriores la base legal para el tratamiento de sus datos ser\u00e1 <strong>inter\u00e9s leg\u00edtimo<\/strong>(Art. 6.1, apartado f) RGPD). En todo caso no utilizaremos estos datos para elaborar un perfil o realizar conclusiones sobre ti.<\/p>\n<p>Con todo debes conocer que nuestra Web utiliza cookies. Puede obtener m\u00e1s informaci\u00f3n a trav\u00e9s de nuestra <strong>Pol\u00edtica de cookies<\/strong><\/p>\n<ul>\n<li><strong>Por la formulaci\u00f3n de consultas, requerimientos de informaci\u00f3n, etc. a trav\u00e9s de nuestro formulario de contacto o email. <\/strong><\/li>\n<\/ul>\n<p>En nuestro formulario solicitamos de manera obligatoria los siguientes datos personales: nombre, mail y tel\u00e9fono. Te pedimos los datos m\u00ednimos que consideramos necesarios para poder ponernos en contacto contigo y darte respuesta. Podr\u00e1s facilitarnos otros datos en el espacio provisto para incluir tus comentarios de manera voluntaria.<\/p>\n<p>En este caso RPC tratar\u00e1 estos datos de forma automatizada y\/o manualmente con la finalidad de gestionar tus consultas, requerimientos y solicitudes de informaci\u00f3n, mayoritariamente en relaci\u00f3n a los servicios prestados por RPC.<\/p>\n<p>En lo que respecta a las finalidades anteriores la base legal para el tratamiento de sus datos ser\u00e1 <strong>el consentimiento<\/strong>(Art. 6.1, apartado a) RGPD).<\/p>\n<ul>\n<li><strong>En tu condici\u00f3n de cliente de RPC<\/strong><\/li>\n<\/ul>\n<p>Para procurar la prestaci\u00f3n de nuestros productos y servicios solicitamos las siguientes categor\u00edas de datos: datos identificativos (nombre, apellidos, DNI), tel\u00e9fono, direcci\u00f3n postal y\/o electr\u00f3nica y, cuando sea necesario para completar una transacci\u00f3n, necesitaremos solicitar tus datos bancarios.<\/p>\n<p>En este caso RPC tratar\u00e1 estos datos de forma automatizada y\/o manualmente con las siguientes finalidades:<\/p>\n<ul>\n<li>Provisi\u00f3n de los productos y servicios requeridos por nuestros clientes en el \u00e1mbito de la carpinter\u00eda de aluminio, as\u00ed como actuaciones directamente relacionadas como tareas de administraci\u00f3n, facturaci\u00f3n, servicio de atenci\u00f3n al cliente, gesti\u00f3n de cobros o cumplimiento de nuestras obligaciones fiscales.<\/li>\n<\/ul>\n<p>En lo que respecta a las finalidades anteriores la base legal para el tratamiento de tus datos ser\u00e1 posibilitar la propia ejecuci\u00f3n del <strong>contrato<\/strong>o para la aplicaci\u00f3n a petici\u00f3n tuya de medidas precontractuales (Art. 6.1., apartado b) RGPD).<\/p>\n<ul>\n<li><strong>Marketing<\/strong><\/li>\n<\/ul>\n<p>De acuerdo con la LSSICE, RPC no realiza pr\u00e1cticas de SPAM, por tanto, no env\u00eda correos comerciales por email que no hayan sido previamente solicitados o autorizados por el usuario (Art. 6.1, apartado a) RGPD. <strong>Consentimiento<\/strong>). En consecuencia, en todas las comunicaciones que recibir\u00e1 del Prestador el usuario tiene la posibilidad de cancelar su consentimiento expreso para recibir nuestras comunicaciones.<\/p>\n<p>Adem\u00e1s, tratamos tus datos personales con las siguientes finalidades:<\/p>\n<ul>\n<li>Para garantizar el cumplimiento de las condiciones de uso y la ley aplicable. Para esta finalidad nuestra base jur\u00eddica es el <strong>inter\u00e9s leg\u00edtimo<\/strong>(Art. 6.1, apartado f) RGPD).<\/li>\n<li>Para gestionar nuestras redes sociales trataremos los datos personales de las personas que se hagan seguidoras de las mismas. Para este tratamiento nuestra base jur\u00eddica ser\u00e1 el <strong>consentimiento<\/strong>del Usuario en el entorno de la red social que corresponda (Art. 6.1, apartado a) RGPD) y de acuerdo a las pol\u00edticas de privacidad de cada una de ellas:<\/li>\n<\/ul>\n<p><strong>\u00a0<\/strong><\/p>\n<p>Facebook: <a href=\"https:\/\/es-es.facebook.com\/privacy\/explanation\">https:\/\/es-es.facebook.com\/privacy\/explanation<\/a><\/p>\n<p>Twitter: <a href=\"https:\/\/twitter.com\/es\/privacy\">https:\/\/twitter.com\/es\/privacy<\/a><\/p>\n<p>Linkedin: <a href=\"https:\/\/www.linkedin.com\/legal\/privacy-policy?_l=es_ESY\">https:\/\/www.linkedin.com\/legal\/privacy-policy?_l=es_ESY<\/a><\/p>\n<p>Youtube: <a href=\"https:\/\/www.youtube.com\/intl\/es\/yt\/about\/policies\/#community-guidelines\">https:\/\/www.youtube.com\/intl\/es\/yt\/about\/policies\/#community-guidelines<\/a><\/p>\n<p>En todo caso, si remite informaci\u00f3n personal a trav\u00e9s de la red social, RPC quedar\u00e1 exento de responsabilidad en relaci\u00f3n a las medidas de seguridad aplicables a la presente plataforma, debiendo el Usuario en caso de querer conocerlas, consultar las correspondientes condiciones particulares de la red en cuesti\u00f3n.<\/p>\n<p>No trataremos tus datos personales para ninguna otra finalidad de las descritas salvo por obligaci\u00f3n legal o requerimiento judicial. Asimismo, informarte que tus datos no ser\u00e1n objeto de decisiones basadas en tratamientos automatizados.<\/p>\n<ol start=\"3\">\n<li><strong>\u00bfC\u00d3MO HEMOS OBTENIDO TUS DATOS?<\/strong><\/li>\n<\/ol>\n<p>Los datos personales que tratamos proceden del propio interesado.<\/p>\n<ol start=\"4\">\n<li><strong>\u00bfPOR CU\u00c1NTO TIEMPO CONSERVAREMOS TUS DATOS?<\/strong><\/li>\n<\/ol>\n<p>RPC conservar\u00e1 tus datos el tiempo que sea necesario para atender a las finalidades para los que fueron recogidos, siendo \u00e9stos plazos, en concreto:<\/p>\n<table>\n<tbody>\n<tr>\n<td width=\"302\"><strong>Finalidad<\/strong><\/td>\n<td width=\"302\"><strong>Plazo de conservaci\u00f3n<\/strong><\/td>\n<\/tr>\n<tr>\n<td width=\"302\">Consultas, requerimientos, solicitudes de informaci\u00f3n<\/td>\n<td width=\"302\">Durante el periodo que empleemos en gestionarla<\/td>\n<\/tr>\n<tr>\n<td width=\"302\">Provisi\u00f3n de nuestros productos y servicios<\/td>\n<td width=\"302\">Mientras se mantenga la relaci\u00f3n comercial.<\/td>\n<\/tr>\n<tr>\n<td width=\"302\">Marketing, comunicaciones comerciales<\/td>\n<td width=\"302\">Hasta que retire el consentimiento<\/td>\n<\/tr>\n<tr>\n<td width=\"302\">Cumplimiento de obligaciones legales (fiscal, civil)<\/td>\n<td width=\"302\">Durante los plazos exigidos por la normativa que resulte de aplicaci\u00f3n<\/td>\n<\/tr>\n<\/tbody>\n<\/table>\n<p>Consulta asimismo nuestra Pol\u00edtica de cookies para conocer los plazos de conservaci\u00f3n de las cookies que utilizamos.<\/p>\n<p>Si tus datos son utilizados para varias finalidades que impliquen tiempos de conservaci\u00f3n diferentes aplicaremos el plazo de conservaci\u00f3n m\u00e1s largo. En todo caso limitaremos el acceso y su uso a las concretas finalidades que sean necesarias en cada momento.<\/p>\n<ol start=\"5\">\n<li><strong>\u00bfA QUI\u00c9NES CEDEMOS TUS DATOS?<\/strong><\/li>\n<\/ol>\n<p><strong>\u00a0<\/strong><\/p>\n<p>Podr\u00e1n tener acceso a datos personales los proveedores de servicios con los que el Prestador mantenga una relaci\u00f3n contractual y tengan la condici\u00f3n de encargados del tratamiento.\u00a0 En todo caso se comunicar\u00e1n a \u00e9stos con el fin de ofrecer al Prestador servicios auxiliares que supongan funciones de apoyo necesarias para la actividad y fines indicados con anterioridad, teniendo \u00e9stos prohibido su uso para fines propios.<\/p>\n<p>Por lo dem\u00e1s, RPC no ceder\u00e1 los datos recogidos a terceros salvo que exista necesidad razonable para cumplir con un procedimiento judicial, obligaci\u00f3n legal o previa obtenci\u00f3n del consentimiento del usuario.<\/p>\n<ol start=\"6\">\n<li><strong>\u00bfQU\u00c9 DERECHOS PUEDES EJERCITAR EN RELACI\u00d3N A TUS DATOS?<\/strong><\/li>\n<\/ol>\n<p>Como Usuario-interesado, puede solicitar el ejercicio de los siguientes derechos ante <strong>RPC<\/strong>presentando un escrito a la direcci\u00f3n postal del encabezamiento o enviando un correo electr\u00f3nico a <a href=\"mailto:ponsicoscp@hotmail.com\">ponsicoscp@hotmail.com<\/a>, indicando como asunto: \u201cLOPD, EJERCICIO DERECHOS\u201d, y adjuntando fotocopia de su DNI o cualquier medio an\u00e1logo en derecho.<\/p>\n<p><strong>Derechos:<\/strong><\/p>\n<ul>\n<li><strong>Derecho de acceso:<\/strong>permite al interesado conocer y obtener informaci\u00f3n sobre sus datos de car\u00e1cter personal sometidos a tratamiento.<\/li>\n<li><strong>Derecho de rectificaci\u00f3n o supresi\u00f3n:<\/strong>permite corregir errores y modificar los datos que resulten ser inexactos o incompletos.<\/li>\n<li><strong>Derecho de cancelaci\u00f3n:<\/strong>permite que se supriman los datos que resulten ser inadecuados o excesivos.<\/li>\n<li><strong>Derecho de oposici\u00f3n:<\/strong>derecho del interesado a que no se lleve a cabo el tratamiento de sus datos de car\u00e1cter personal o se cese en el mismo.<\/li>\n<li><strong>Limitaci\u00f3n del tratamiento:<\/strong>conlleva el marcado de los datos personales conservados, con la finalidad de limitar su futuro tratamiento.<\/li>\n<li><strong>Portabilidad de los datos:<\/strong>facilitaci\u00f3n de los datos objeto de tratamiento al interesado, a fin de que \u00e9ste pueda transmitirlos a otro responsable, sin impedimentos.<\/li>\n<li><strong>Derecho a no ser objeto de decisiones individuales automatizadas (incluida la elaboraci\u00f3n de perfiles):<\/strong>derecho a no ser objeto de una decisi\u00f3n basada en el tratamiento automatizado que produzca efectos o afecte significativamente.<\/li>\n<\/ul>\n<p>Como Usuario\/interesado, <strong><u>tiene derecho a retirar el consentimiento que hubiera prestado<\/u><\/strong>, en su caso, en cualquier momento. La retirada del consentimiento no afectar\u00e1 a la licitud del tratamiento efectuado antes de la retirada del consentimiento.<\/p>\n<p>Tambi\u00e9n tiene derecho a presentar una reclamaci\u00f3n ante la autoridad de control si considera que pueden haberse visto vulnerados sus derechos con relaci\u00f3n a la protecci\u00f3n de sus datos (agpd.es).<\/p>\n<ol start=\"7\">\n<li><strong>TRANSFERENCIAS INTERNACIONALES DE DATOS <\/strong><\/li>\n<\/ol>\n<p>No se realizar\u00e1n transferencias internacionales de sus datos de car\u00e1cter personal sin su consentimiento previo<\/p>\n<ol start=\"8\">\n<li><strong>MEDIDAS DE SEGURIDAD:<\/strong><\/li>\n<\/ol>\n<p>Los datos que nos facilite se tratar\u00e1n de forma confidencial. El Prestador ha adoptado todas las medidas t\u00e9cnicas y organizativas y todos los niveles de protecci\u00f3n necesarios para garantizar la seguridad en el tratamiento de los datos y evitar su alteraci\u00f3n, p\u00e9rdida, robo, tratamiento o acceso no autorizado, de acuerdo el estado de la tecnolog\u00eda y naturaleza de los datos almacenados. As\u00ed mismo, se garantiza tambi\u00e9n que el tratamiento y registro en ficheros, programas, sistemas o equipos, locales y centros cumplen con los requisitos y condiciones de integridad y seguridad establecidas en la normativa vigente.<\/p>\n<ol start=\"9\">\n<li><strong>IDIOMA <\/strong><\/li>\n<\/ol>\n<p>El idioma aplicable a esta Pol\u00edtica de Privacidad es el espa\u00f1ol. Por tanto, en caso de que hubiera alguna contradicci\u00f3n en alguna de las versiones facilitadas en otros idiomas, prevalecer\u00e1 la versi\u00f3n en espa\u00f1ol.<\/p>\n<ol start=\"10\">\n<li><strong>CAMBIOS EN LA PRESENTE POL\u00cdTICA DE PRIVACIDAD<\/strong><\/li>\n<\/ol>\n<p><strong>RPC<\/strong>se reserva el derecho a modificar la presente pol\u00edtica para adaptarla a novedades legislativas o jurisprudenciales.<\/p>\n<p>Versi\u00f3n: julio 2019<\/p>\n","protected":false},"excerpt":{"rendered":"<p>DATOS DE IDENTIFICACI\u00d3N DEL RESPONSABLE DEL TRATAMIENTO \u00a0 Identidad: Rub\u00e9n Ponsico Cangueiro (tambi\u00e9n \u201cRPC\u201d o el \u201cPrestador\u201d) NIF:40994326T Direcci\u00f3n postal:Calle Murcia n\u00ba 29 local 3, 08027<span class=\"excerpt-hellip\"> [\u2026]<\/span><\/p>\n","protected":false},"author":5,"featured_media":0,"parent":0,"menu_order":0,"comment_status":"closed","ping_status":"closed","template":"","meta":{"_joinchat":[],"footnotes":""},"class_list":["post-12663","page","type-page","status-publish","hentry"],"aioseo_notices":[],"_links":{"self":[{"href":"https:\/\/www.carpinteria-aluminio.cat\/ca\/wp-json\/wp\/v2\/pages\/12663","targetHints":{"allow":["GET"]}}],"collection":[{"href":"https:\/\/www.carpinteria-aluminio.cat\/ca\/wp-json\/wp\/v2\/pages"}],"about":[{"href":"https:\/\/www.carpinteria-aluminio.cat\/ca\/wp-json\/wp\/v2\/types\/page"}],"author":[{"embeddable":true,"href":"https:\/\/www.carpinteria-aluminio.cat\/ca\/wp-json\/wp\/v2\/users\/5"}],"replies":[{"embeddable":true,"href":"https:\/\/www.carpinteria-aluminio.cat\/ca\/wp-json\/wp\/v2\/comments?post=12663"}],"version-history":[{"count":1,"href":"https:\/\/www.carpinteria-aluminio.cat\/ca\/wp-json\/wp\/v2\/pages\/12663\/revisions"}],"predecessor-version":[{"id":12687,"href":"https:\/\/www.carpinteria-aluminio.cat\/ca\/wp-json\/wp\/v2\/pages\/12663\/revisions\/12687"}],"wp:attachment":[{"href":"https:\/\/www.carpinteria-aluminio.cat\/ca\/wp-json\/wp\/v2\/media?parent=12663"}],"curies":[{"name":"wp","href":"https:\/\/api.w.org\/{rel}","templated":true}]}}