{"id":12669,"date":"2019-09-04T08:10:38","date_gmt":"2019-09-04T07:10:38","guid":{"rendered":"https:\/\/www.carpinteria-aluminio.cat\/politica-de-cookies\/"},"modified":"2019-09-04T08:10:38","modified_gmt":"2019-09-04T07:10:38","slug":"politica-de-cookies","status":"publish","type":"page","link":"https:\/\/www.carpinteria-aluminio.cat\/ca\/politica-de-cookies\/","title":{"rendered":"Pol\u00edtica de Cookies"},"content":{"rendered":"\n<p>Esta p\u00e1gina web usa cookies para mejorar la experiencia del usuario. A continuaci\u00f3n, encontrar\u00e1 informaci\u00f3n sobre qu\u00e9 son las cookies, qu\u00e9 tipo de cookies utiliza esta p\u00e1gina, c\u00f3mo puede desactivar las cookies en su navegador y c\u00f3mo desactivar espec\u00edficamente la instalaci\u00f3n de cookies de terceros. Si no encuentra la informaci\u00f3n espec\u00edfica que usted est\u00e1 buscando, por favor env\u00ede un correo a ponsicoscp@hotmail.com<\/p>\n\n\n\n<ol class=\"wp-block-list\"><li><strong>ANTECEDENTES<\/strong><\/li><\/ol>\n\n\n\n<p>De conformidad con la normativa espa\u00f1ola que regula el uso de cookies en relaci\u00f3n a la prestaci\u00f3n de servicios de comunicaciones electr\u00f3nicas, recogida en el Real Decreto Ley 13\/2012 del 30 de marzo, le informamos sobre las cookies utilizadas en el sitio web de&nbsp;<strong>RUB\u00c9N PONSICO CANGUEIRO<\/strong>(tambi\u00e9n \u201c<strong>RPC<\/strong>\u201d o el \u201c<strong>Prestador<\/strong>\u201d) y el motivo de su uso. Asimismo, le informamos que al navegar en la Web usted est\u00e1 prestando su consentimiento para poder utilizarlas.<\/p>\n\n\n\n<ul class=\"wp-block-list\"><li><strong>\u00bfQU\u00c9 SON LAS COOKIES?<\/strong><\/li><\/ul>\n\n\n\n<p>Una cookie es un fichero que se descarga en su ordenador al acceder a determinadas p\u00e1ginas web. Las cookies permiten a una p\u00e1gina web, entre otras cosas, almacenar y recuperar informaci\u00f3n sobre los h\u00e1bitos de navegaci\u00f3n de un usuario o de su equipo y, dependiendo de la informaci\u00f3n que contengan y de la forma en que utilice su equipo, pueden utilizarse para reconocer al usuario.&nbsp;Las cookies se asocian \u00fanicamente a un usuario an\u00f3nimo y su ordenador o dispositivo y no proporcionan referencias que permitan conocer sus datos personales.<\/p>\n\n\n\n<ul class=\"wp-block-list\"><li><strong>COOKIES AFECTADAS PER LA NORMATIVA Y COOKIES EXENTAS<\/strong><\/li><\/ul>\n\n\n\n<p>Seg\u00fan la directiva de la UE, las cookies que requieren el consentimiento informado por parte del usuario son las cookies de anal\u00edtica y las de publicidad y afiliaci\u00f3n, quedando exceptuadas las de car\u00e1cter t\u00e9cnico y las necesarias para el funcionamiento del sitio web o la prestaci\u00f3n de servicios expresamente demandados por el usuario.<\/p>\n\n\n\n<ul class=\"wp-block-list\"><li><strong>TIPOS DE COOKIES<\/strong><\/li><\/ul>\n\n\n\n<p>a) Seg\u00fan la&nbsp;<strong>entidad<\/strong>que las gestione, hay&nbsp;<strong>Cookies propias<\/strong>(aqu\u00e9llas que se env\u00edan al equipo terminal del usuario desde un equipo o dominio gestionado por el propio editor y desde el que se presta el servicio Solicitado por el usuario) y&nbsp;<strong>de terceros<\/strong>(las que se env\u00edan al equipo terminal del usuario desde un equipo o dominio que no es gestionado por el editor, sino por otra entidad que trata los datos obtenidos trav\u00e9s de las cookies).<\/p>\n\n\n\n<p>b) Seg\u00fan el&nbsp;<strong>tiempo<\/strong>que permanecen activas, existen las de&nbsp;<strong>sesi\u00f3n<\/strong>(dise\u00f1adas para recabar y almacenar datos mientras el usuario accede a una p\u00e1gina web) y las&nbsp;<strong>persistentes<\/strong>(en las que los datos se almacenan en el terminal y pueden ser accedidos y tratados durante un periodo definido por el responsable de la cookie -puede ir de unos minutos a varios a\u00f1os-).<\/p>\n\n\n\n<p>c) Seg\u00fan la&nbsp;<strong>finalidad<\/strong>para la que traten la informaci\u00f3n que recopilan, pueden ser:<\/p>\n\n\n\n<p>&#8211;&nbsp;<strong>Cookies t\u00e9cnicas<\/strong>(necesarias para el uso de la web y la prestaci\u00f3n del servicio contratado),&nbsp;<\/p>\n\n\n\n<p>&#8211;&nbsp;<strong>Cookies de personalizaci\u00f3n<\/strong>(que permiten al usuario acceder al servicio con caracter\u00edsticas predefinidas, como por ejemplo el idioma, tipo de navegador, configuraci\u00f3n regional, etc.)<\/p>\n\n\n\n<p>&#8211;&nbsp;<strong>Cookies de an\u00e1lisis<\/strong>(recogen informaci\u00f3n el uso que se realiza de la web),<\/p>\n\n\n\n<p>&#8211;&nbsp;<strong>Cookies publicitarias<\/strong>(recogen informaci\u00f3n sobre las preferencias y elecciones personales de los usuarios),<\/p>\n\n\n\n<p>&#8211;&nbsp;<strong>Cookies de afiliados<\/strong>(permiten realizar un seguimiento de las visitas procedentes de otras webs, con las que el sitio web establece un contrato de afiliaci\u00f3n).<\/p>\n\n\n\n<ul class=\"wp-block-list\"><li><strong>TIPOS DE COOKIES UTILIZADAS POR ESTE SITIO WEB<\/strong><\/li><\/ul>\n\n\n\n<p>Las cookies utilizadas en nuestro sitio web son de terceros (de sesi\u00f3n y persistentes), y nos permiten almacenar y acceder a informaci\u00f3n para seguir y analizar la actividad que lleva a cabo para mejorar y prestar nuestros servicios de una manera m\u00e1s eficiente y personalizada.&nbsp;<\/p>\n\n\n\n<p>La utilizaci\u00f3n de las cookies ofrece ventajas, como, por ejemplo, favorecer la mejora del funcionamiento y de los servicios prestados a trav\u00e9s de esta Web, tras el correspondiente an\u00e1lisis de la informaci\u00f3n obtenida a trav\u00e9s de las cookies instaladas.<\/p>\n\n\n\n<p>Al acceder a nuestra Web se le informa que si sigue navegando se le instalar\u00e1n diversas cookies de terceros consintiendo as\u00ed la instalaci\u00f3n de determinadas cookies que tendr\u00e1n como \u00fanica finalidad la de registrar el acceso a nuestro sitio web para la realizaci\u00f3n de estad\u00edsticas an\u00f3nimas sobre las visitas, recopilando informaci\u00f3n siempre de forma an\u00f3nima. No es necesario que acepte la instalaci\u00f3n de estas cookies, podr\u00e1 navegar igualmente por toda nuestra Web.<\/p>\n\n\n\n<p>En diversas secciones de nuestra web se podr\u00e1n instalar cookies de redes sociales, en concreto:&nbsp;<\/p>\n\n\n\n<p>\u2022 Cookie de Facebook, Twitter o LinkedIn, seg\u00fan lo dispuesto en su pol\u00edtica de cookies.<\/p>\n\n\n\n<p><a>A continuaci\u00f3n le ofrecemos nuestro listado de cookies:<\/a><a href=\"applewebdata:\/\/25D82ABB-5AF6-40D8-B169-5B21499F35F7#_msocom_1\">[MAC1]<\/a>&nbsp;<\/p>\n\n\n\n<table class=\"wp-block-table\"><tbody><tr><td>&nbsp;Nombre<\/td><td>&nbsp;Tipo<\/td><td>&nbsp;Descripci\u00f3n<\/td><td>&nbsp;Caducidad<\/td><td>&nbsp;Finalidad<\/td><\/tr><tr><td>&nbsp;1P_JAR<\/td><td>&nbsp;Anal\u00edticas<\/td><td>&nbsp;Google&nbsp;&nbsp;&nbsp;&nbsp;&nbsp;&nbsp;Analytics<\/td><td>&nbsp;&nbsp;1 mes<\/td><td>&nbsp;Transfiere datos a Google<\/td><\/tr><tr><td><strong>_ga<\/strong><\/td><td>&nbsp;Anal\u00edticas&nbsp;<\/td><td>Google Analytics<\/td><td>&nbsp;&nbsp;2 a\u00f1os<\/td><td>&nbsp;Se usa para distinguir a los usuarios.<\/td><\/tr><tr><td><strong>_gid&nbsp;<\/strong>(1)<\/td><td>&nbsp;Anal\u00edticas<\/td><td>&nbsp;Google Analytics<\/td><td>&nbsp;24 horas<\/td><td>&nbsp;Se usa para distinguir a los usuarios.<\/td><\/tr><tr><td><strong>SID, SSID, SIDCC, HSID, APISID, CONSENT, LOGIN_INFO, SAPISID, YSC, PREF, VISITOR_INFO1_LIVE<\/strong>&nbsp;<\/td><td>Anal\u00edticas<\/td><td>Youtube.com<\/td><td>+ info&nbsp;(2)<\/td><td>&nbsp;Cookies t\u00e9cnicas usadas por Youtube<\/td><\/tr><tr><td><strong>comment_author_[hash], comment_author_email_[hash], comment_author_url_[hash]\u00a0<\/strong><\/td><td>Comentario<\/td><td>WordPress<\/td><td>347 d\u00edas<\/td><td>Cookies para comentarios<\/td><\/tr><\/tbody><\/table>\n\n\n\n<p>(2) Cookies de Youtube: Utilizadas en la reproducci\u00f3n de v\u00eddeos a trav\u00e9s del Website. Puede obtener m\u00e1s informaci\u00f3n sobre las cookies que usa y c\u00f3mo deshabilitarlas en&nbsp;<a href=\"http:\/\/www.google.es\/intl\/es\/policies\/technologies\/cookies\/\">http:\/\/www.google.es\/intl\/es\/policies\/technologies\/cookies\/<\/a>(entendi\u00e9ndose que no somos responsables del contenido o la veracidad de los sitios web de terceros).<\/p>\n\n\n\n<ul class=\"wp-block-list\"><li><strong>REVOCACI\u00d3N<\/strong><\/li><\/ul>\n\n\n\n<p>En todo momento podr\u00e1 acceder a la configuraci\u00f3n de su navegador aceptando o rechazando todas las cookies, o bien seleccionar aqu\u00e9llas cuya instalaci\u00f3n admite y cu\u00e1les no, siguiendo uno de los siguientes procedimientos, que depende del navegador que utilice:<\/p>\n\n\n\n<p><strong>Google Chrome<\/strong>(en el Men\u00fa Herramientas):<\/p>\n\n\n\n<p>Configuraci\u00f3n &gt; Mostrar opciones avanzadas &gt; Privacidad (Configuraci\u00f3n de contenido) &gt; Cookies: https:\/\/support.google.com\/chrome\/answer\/95647?co=GENIE.Platform%3DDesktopandhl=es<\/p>\n\n\n\n<p><strong>Microsoft Internet Explorer<\/strong>(en el Men\u00fa Herramientas):<\/p>\n\n\n\n<p>Opciones de Internet &gt; Privacidad &gt; Avanzada: https:\/\/support.microsoft.com\/es-es\/help\/17442\/windows-internet-explorer-delete-manage-cookies<\/p>\n\n\n\n<p><strong>Firefox:<\/strong><\/p>\n\n\n\n<p>Opciones &gt; Privacidad &gt; Cookies: https:\/\/support.mozilla.org\/es\/kb\/habilitar-y-deshabilitar-cookies-sitios-web-rastrear-preferencias<\/p>\n\n\n\n<p><strong>Safari, iPad y iPhone:<\/strong><\/p>\n\n\n\n<p>Preferencias &gt; Privacidad: https:\/\/support.apple.com\/kb\/ph21411?locale=es_ES<\/p>\n\n\n\n<p><strong>Opera:<\/strong><\/p>\n\n\n\n<p>Configuraci\u00f3n &gt; Opciones &gt; Avanzado &gt; Cookies: http:\/\/help.opera.com\/Windows\/12.00\/es-ES\/cookies.html<\/p>\n\n\n\n<p>Estos navegadores est\u00e1n sometidos a actualizaciones o modificaciones, por lo que no podemos garantizar que se ajusten completamente a la versi\u00f3n de su navegador. Tambi\u00e9n puede ser que utilice otro navegador no contemplado en estos enlaces como Konqueror, Arora, Flock, etc. Para evitar estos desajustes, puede acceder directamente desde las opciones de su navegador, generalmente en el men\u00fa de &#8220;Opciones&#8221; en la secci\u00f3n de &#8220;Privacidad&#8221;. (Por favor, consulte la ayuda de su navegador para m\u00e1s informaci\u00f3n).<\/p>\n\n\n\n<ul class=\"wp-block-list\"><li><strong>DESACTIVACI\u00d3N\/ACTIVACI\u00d3N Y ELIMINACI\u00d3N DE COOKIES<\/strong><\/li><\/ul>\n\n\n\n<p>Para restringir o bloquear las cookies, se hace a trav\u00e9s de la configuraci\u00f3n del navegador.<\/p>\n\n\n\n<p>Si no desea que los sitios web pongan ninguna cookie en su equipo, puede adaptar la configuraci\u00f3n del navegador de modo que se le notifique antes de que se coloque ninguna cookie. De igual modo, puede adaptar la configuraci\u00f3n de forma que el navegador rechace todas las cookies, o \u00fanicamente las cookies de terceros. Tambi\u00e9n puede eliminar cualquiera de las cookies que ya se encuentren en el equipo. Tenga en cuenta que tendr\u00e1 que adaptar por separado la configuraci\u00f3n de cada navegador y equipo que utilice.<\/p>\n\n\n\n<p>Para desactivar las cookies en el tel\u00e9fono m\u00f3vil, consulte el manual del dispositivo para obtener m\u00e1s informaci\u00f3n.<\/p>\n\n\n\n<p>Puede obtener m\u00e1s informaci\u00f3n sobre las cookies en Internet, http:\/\/www.aboutcookies.org\/.<\/p>\n\n\n\n<p>Teniendo en cuenta la forma en la que funciona Internet y los sitios web, no siempre contamos con informaci\u00f3n de las cookies que colocan terceras partes a trav\u00e9s de nuestro sitio web. Esto se aplica especialmente a casos en los que nuestra p\u00e1gina web contiene lo que se denominan elementos integrados: textos, documentos, im\u00e1genes o breves pel\u00edculas que se almacenan en otra parte, pero se muestran en nuestro sitio web o a trav\u00e9s del mismo.<\/p>\n\n\n\n<p>Por consiguiente, en caso de que se encuentre con este tipo de cookies en este sitio web y no est\u00e9n enumeradas en la lista anterior, le rogamos que nos lo comunique. O bien p\u00f3ngase en contacto directamente con el tercero para pedirle informaci\u00f3n sobre las cookies que coloca, la finalidad y la duraci\u00f3n de la cookie, y c\u00f3mo ha garantizado su privacidad.<\/p>\n\n\n\n<p>Versi\u00f3n: Julio 2019<\/p>\n\n\n\n<hr class=\"wp-block-separator\"\/>\n\n\n\n<p><\/p>\n","protected":false},"excerpt":{"rendered":"<p>Esta p\u00e1gina web usa cookies para mejorar la experiencia del usuario. A continuaci\u00f3n, encontrar\u00e1 informaci\u00f3n sobre qu\u00e9 son las cookies, qu\u00e9 tipo de cookies utiliza esta<span class=\"excerpt-hellip\"> [\u2026]<\/span><\/p>\n","protected":false},"author":5,"featured_media":0,"parent":0,"menu_order":0,"comment_status":"closed","ping_status":"closed","template":"","meta":{"_joinchat":[],"footnotes":""},"class_list":["post-12669","page","type-page","status-publish","hentry"],"aioseo_notices":[],"_links":{"self":[{"href":"https:\/\/www.carpinteria-aluminio.cat\/ca\/wp-json\/wp\/v2\/pages\/12669","targetHints":{"allow":["GET"]}}],"collection":[{"href":"https:\/\/www.carpinteria-aluminio.cat\/ca\/wp-json\/wp\/v2\/pages"}],"about":[{"href":"https:\/\/www.carpinteria-aluminio.cat\/ca\/wp-json\/wp\/v2\/types\/page"}],"author":[{"embeddable":true,"href":"https:\/\/www.carpinteria-aluminio.cat\/ca\/wp-json\/wp\/v2\/users\/5"}],"replies":[{"embeddable":true,"href":"https:\/\/www.carpinteria-aluminio.cat\/ca\/wp-json\/wp\/v2\/comments?post=12669"}],"version-history":[{"count":0,"href":"https:\/\/www.carpinteria-aluminio.cat\/ca\/wp-json\/wp\/v2\/pages\/12669\/revisions"}],"wp:attachment":[{"href":"https:\/\/www.carpinteria-aluminio.cat\/ca\/wp-json\/wp\/v2\/media?parent=12669"}],"curies":[{"name":"wp","href":"https:\/\/api.w.org\/{rel}","templated":true}]}}