{"id":6847,"date":"2012-08-16T16:02:07","date_gmt":"2012-08-16T16:02:07","guid":{"rendered":"https:\/\/www.carpinteria-aluminio.cat\/pla-renovat-2012-2\/"},"modified":"2012-08-16T16:02:07","modified_gmt":"2012-08-16T16:02:07","slug":"pla-renovat-2012-2","status":"publish","type":"page","link":"https:\/\/www.carpinteria-aluminio.cat\/ca\/pla-renovat-2012-2\/","title":{"rendered":"Pla Renova&#8217;t 2012"},"content":{"rendered":"<p>El Pla Renova&#8217;t de finestres i tancaments de l&#8217;Institut Catal\u00e0 d&#8217;Energia (ICAEN) t\u00e9 l&#8217;objectiu d&#8217;impulsar la substituci\u00f3 dels tancaments exteriors per tal de millorar l&#8217;efici\u00e8ncia energ\u00e8tica de les llars catalanes i reduir el consum d&#8217;energia. <strong>Renovaci\u00f3 de tancaments<\/strong>\u00a0com finestres,\u00a0portes-vidrieres i claraboies\u00a0per d&#8217;altres m\u00e9s eficients t\u00e8rmicament que millorin, com a m\u00ednim, en un 20% l&#8217;efici\u00e8ncia t\u00e8rmica. Se subvencionaran les actuacions seg\u00fcents:<\/p>\n<ul>\n<li>Substituci\u00f3 de tancaments (finestres,\u00a0portes-vidrieres, claraboies) poc eficients t\u00e8rmicament per altres d&#8217;eficients, en edificis dins del territori catal\u00e0, i que proporcionin una millora, com a m\u00ednim, del 20% en la seva efici\u00e8ncia t\u00e8rmica.<\/li>\n<li>Els tancaments han d&#8217;estar en un recinte habitable en contacte amb l&#8217;exterior o amb contacte amb un espai no habitable.<\/li>\n<li>La superf\u00edcie de l&#8217;obertura considerada \u00e9s el buit d&#8217;obra (tancament mesurat des de l&#8217;exterior).<\/li>\n<li>En el cas de renovaci\u00f3 del tancament en habitatges, cal que aquest sigui la primera resid\u00e8ncia del sol\u00b7licitant.<\/li>\n<\/ul>\n<p>Es consideren beneficiaris i podran acollir-se als ajuts regulats en aquesta Resoluci\u00f3 totes les persones f\u00edsiques i jur\u00eddiques que es relacionen a continuaci\u00f3: <strong>Per a habitatges particulars<\/strong><\/p>\n<ul>\n<li>Fam\u00edlies (s\u2019inclouen en aquesta tipologia de beneficiari les comunitats de b\u00e9ns formades per fam\u00edlies).<\/li>\n<\/ul>\n<div><strong>Per a edificis del sector terciari i actuacions integrals en blocs d\u2019habitatges<\/strong><\/div>\n<ul>\n<li>Fam\u00edlies (s\u2019inclouen en aquesta tipologia de beneficiari les comunitats de propietaris formades per fam\u00edlies).<\/li>\n<li>Empreses privades.<\/li>\n<li>Institucions sense finalitat de lucre.<\/li>\n<li>Fundacions.<\/li>\n<li>Altres institucions sense finalitat de lucre i altres ens corporatius.<\/li>\n<\/ul>\n<p>Per m\u00e9s informaci\u00f3 visiteu la web oficial del\u00a0<a href=\" http:\/\/www.plarenovat.cat\/2012-finestres\/plarenovat\">Pla Renova&#8217;t<\/a>.<\/p>\n","protected":false},"excerpt":{"rendered":"<p>El Pla Renova&#8217;t de finestres i tancaments de l&#8217;Institut Catal\u00e0 d&#8217;Energia (ICAEN) t\u00e9 l&#8217;objectiu d&#8217;impulsar la substituci\u00f3 dels tancaments exteriors per tal de millorar l&#8217;efici\u00e8ncia energ\u00e8tica<span class=\"excerpt-hellip\"> [\u2026]<\/span><\/p>\n","protected":false},"author":1,"featured_media":0,"parent":0,"menu_order":0,"comment_status":"closed","ping_status":"closed","template":"","meta":{"_joinchat":[],"footnotes":""},"class_list":["post-6847","page","type-page","status-publish","hentry"],"aioseo_notices":[],"_links":{"self":[{"href":"https:\/\/www.carpinteria-aluminio.cat\/ca\/wp-json\/wp\/v2\/pages\/6847","targetHints":{"allow":["GET"]}}],"collection":[{"href":"https:\/\/www.carpinteria-aluminio.cat\/ca\/wp-json\/wp\/v2\/pages"}],"about":[{"href":"https:\/\/www.carpinteria-aluminio.cat\/ca\/wp-json\/wp\/v2\/types\/page"}],"author":[{"embeddable":true,"href":"https:\/\/www.carpinteria-aluminio.cat\/ca\/wp-json\/wp\/v2\/users\/1"}],"replies":[{"embeddable":true,"href":"https:\/\/www.carpinteria-aluminio.cat\/ca\/wp-json\/wp\/v2\/comments?post=6847"}],"version-history":[{"count":0,"href":"https:\/\/www.carpinteria-aluminio.cat\/ca\/wp-json\/wp\/v2\/pages\/6847\/revisions"}],"wp:attachment":[{"href":"https:\/\/www.carpinteria-aluminio.cat\/ca\/wp-json\/wp\/v2\/media?parent=6847"}],"curies":[{"name":"wp","href":"https:\/\/api.w.org\/{rel}","templated":true}]}}