{"id":6850,"date":"2012-08-16T16:05:32","date_gmt":"2012-08-16T16:05:32","guid":{"rendered":"https:\/\/www.carpinteria-aluminio.cat\/la-nostra-empresa\/"},"modified":"2012-08-16T16:05:32","modified_gmt":"2012-08-16T16:05:32","slug":"la-nostra-empresa","status":"publish","type":"page","link":"https:\/\/www.carpinteria-aluminio.cat\/ca\/la-nostra-empresa\/","title":{"rendered":"La nostra empresa"},"content":{"rendered":"<p><img loading=\"lazy\" decoding=\"async\" class=\"alignleft wp-image-471\" style=\"border: 2px solid black; margin: 1px;\" src=\"https:\/\/www.carpinteria-aluminio.cat\/wp-content\/uploads\/2012\/12\/Ponsico-Logo.jpg\" alt=\"Ponsico Logo\" width=\"913\" height=\"181\" \/><\/p>\n<p style=\"text-align: left;\"><strong> Fusteria d&#8217;Alumini Ponsico<\/strong> \u00e9s una empresa 100% familiar situada a Barcelona, \u200b\u200bdedicada a la fusteria d&#8217;alumini, fabricaci\u00f3 i muntatge, amb m\u00e9s de 30 anys d&#8217;experi\u00e8ncia en el sector. Formem un equip de 10 persones, i estem connectats amb empreses de reformes integrals. Sempre hem treballat gr\u00e0cies a respostes de clients, ia trav\u00e9s d&#8217;aquesta web esperem oferir un major desplegament dels nostres serveis. Ens caracteritzem per:<\/p>\n<p style=\"text-align: left;\">&#8211; Una llarga experi\u00e8ncia en aquest sector. &#8211; Formar un equip de persones responsables i eficients. &#8211; Oferir productes homologats, amb sistemes europeus que reuneixen tots els requisits que exigeix \u200b\u200bla CE (a\u00efllament t\u00e8rmic i ac\u00fastic), amb els seus corresponents certificats d&#8217;assaigs. &#8211; Una relaci\u00f3 qualitat-preu competitiu al mercat. &#8211; Realitzar treballs d&#8217;acord amb les necessitats t\u00e8rmiques \/ ac\u00fastiques \/ est\u00e8tiques de cada situaci\u00f3. &#8211; Realitzar pressupostos sense comprom\u00eds, aconsellant de la millor manera en cada situaci\u00f3 que se&#8217;ns planteja. &#8211; Oferir garantia dels nostres productes.<\/p>\n<p>Coneixins millor visitant les seg\u00fcents seccions: <div class=\"wrap one\"><div class=\"column column_column one-third column-first\"><\/p>\n<div style=\"width: 190px\" class=\"wp-caption aligncenter\"><a title=\"Hist\u00f2ria\" href=\"https:\/\/www.carpinteria-aluminio.cat\/ca\/nuestra-empresa\/historia\/\"><img loading=\"lazy\" decoding=\"async\" title=\"HIST\u00d2RIA\" src=\"https:\/\/www.carpinteria-aluminio.cat\/wp-content\/uploads\/2013\/01\/IMG_2116_resized-150x150.jpg\" alt=\"HIST\u00d2RIA\" width=\"180\" height=\"180\" \/><\/a><p class=\"wp-caption-text\">HIST\u00d2RIA<\/p><\/div>\n<p style=\"text-align: left;\"><\/div> <div class=\"column column_column one-third column-inner\"><\/p>\n<div style=\"width: 190px\" class=\"wp-caption aligncenter\"><a title=\"L\u00b4equip hum\u00e0\" href=\"https:\/\/www.carpinteria-aluminio.cat\/ca\/nuestra-empresa\/equipo-humano\/\"><img loading=\"lazy\" decoding=\"async\" title=\"L'EQUIP HUM\u00c0\" src=\"https:\/\/www.carpinteria-aluminio.cat\/wp-content\/uploads\/2012\/12\/Preguntale-a-Francisco-150x150.jpg\" alt=\"L'EQUIP HUM\u00c0\" width=\"180\" height=\"180\" \/><\/a><p class=\"wp-caption-text\">L&#8217;EQUIP HUM\u00c0<\/p><\/div>\n<p style=\"text-align: left;\"><\/div> <div class=\"column column_column one-third column-last\"><\/p>\n<div style=\"width: 190px\" class=\"wp-caption aligncenter\"><a title=\"Instalacions\" href=\"https:\/\/www.carpinteria-aluminio.cat\/ca\/instalaciones-y-equipamiento\/\"><img loading=\"lazy\" decoding=\"async\" title=\"INSTAL\u00b7LACIONS\" src=\"https:\/\/www.carpinteria-aluminio.cat\/wp-content\/uploads\/2013\/01\/IMG_0036-150x150.jpg\" alt=\"INSTAL\u00b7LACIONS\" width=\"180\" height=\"180\" \/><\/a><p class=\"wp-caption-text\">INSTAL\u00b7LACIONS<\/p><\/div>\n<p><\/div><\/div> <div class=\"wrap one\"><div class=\"column column_column one-third column-first\"><\/p>\n<div style=\"width: 190px\" class=\"wp-caption aligncenter\"><a title=\"Prove\u00efdors\" href=\"https:\/\/www.carpinteria-aluminio.cat\/ca\/nuestra-empresa\/proveedores\/\"><img loading=\"lazy\" decoding=\"async\" title=\"PROVE\u00cfDORS\" src=\"https:\/\/www.carpinteria-aluminio.cat\/wp-content\/uploads\/2013\/01\/Logo-somfy-150x150.jpg\" alt=\"PROVE\u00cfDORS\" width=\"180\" height=\"180\" \/><\/a><p class=\"wp-caption-text\">PROVE\u00cfDORS<\/p><\/div>\n<p><\/div> <div class=\"column column_column one-third column-inner\"><\/p>\n<div style=\"width: 190px\" class=\"wp-caption aligncenter\"><a title=\"Col\u00b7laboradors\" href=\"https:\/\/www.carpinteria-aluminio.cat\/ca\/nuestra-empresa\/colaboradores\/\"><img loading=\"lazy\" decoding=\"async\" title=\"COL\u00b7LABORADORS\" src=\"https:\/\/www.carpinteria-aluminio.cat\/wp-content\/uploads\/2013\/01\/545178_265024220279886_664641204_n-150x150.jpg\" alt=\"COL\u00b7LABORADORS\" width=\"180\" height=\"180\" \/><\/a><p class=\"wp-caption-text\">COL\u00b7LABORADORS<\/p><\/div>\n<p><\/div> <div class=\"column column_column one-third column-last\"><\/p>\n<div id=\"attachment_279\" style=\"width: 190px\" class=\"wp-caption aligncenter\"><a title=\"Clients\" href=\"https:\/\/www.carpinteria-aluminio.cat\/ca\/nuestra-empresa\/clientes\/\"><img loading=\"lazy\" decoding=\"async\" aria-describedby=\"caption-attachment-279\" class=\"thumbnail wp-image-279 \" title=\"CLIENTS\" src=\"https:\/\/www.carpinteria-aluminio.cat\/wp-content\/uploads\/2012\/08\/DSC01240-150x150.jpg\" alt=\"CLIENTS\" width=\"180\" height=\"180\" \/><\/a><p id=\"caption-attachment-279\" class=\"wp-caption-text\">CLIENTS<\/p><\/div>\n<p><\/div><\/div>\n","protected":false},"excerpt":{"rendered":"<p>Fusteria d&#8217;Alumini Ponsico \u00e9s una empresa 100% familiar situada a Barcelona, \u200b\u200bdedicada a la fusteria d&#8217;alumini, fabricaci\u00f3 i muntatge, amb m\u00e9s de 30 anys d&#8217;experi\u00e8ncia en<span class=\"excerpt-hellip\"> [\u2026]<\/span><\/p>\n","protected":false},"author":3,"featured_media":0,"parent":0,"menu_order":0,"comment_status":"closed","ping_status":"closed","template":"","meta":{"_joinchat":[],"footnotes":""},"class_list":["post-6850","page","type-page","status-publish","hentry"],"aioseo_notices":[],"_links":{"self":[{"href":"https:\/\/www.carpinteria-aluminio.cat\/ca\/wp-json\/wp\/v2\/pages\/6850","targetHints":{"allow":["GET"]}}],"collection":[{"href":"https:\/\/www.carpinteria-aluminio.cat\/ca\/wp-json\/wp\/v2\/pages"}],"about":[{"href":"https:\/\/www.carpinteria-aluminio.cat\/ca\/wp-json\/wp\/v2\/types\/page"}],"author":[{"embeddable":true,"href":"https:\/\/www.carpinteria-aluminio.cat\/ca\/wp-json\/wp\/v2\/users\/3"}],"replies":[{"embeddable":true,"href":"https:\/\/www.carpinteria-aluminio.cat\/ca\/wp-json\/wp\/v2\/comments?post=6850"}],"version-history":[{"count":0,"href":"https:\/\/www.carpinteria-aluminio.cat\/ca\/wp-json\/wp\/v2\/pages\/6850\/revisions"}],"wp:attachment":[{"href":"https:\/\/www.carpinteria-aluminio.cat\/ca\/wp-json\/wp\/v2\/media?parent=6850"}],"curies":[{"name":"wp","href":"https:\/\/api.w.org\/{rel}","templated":true}]}}