{"id":6859,"date":"2012-08-16T16:45:07","date_gmt":"2012-08-16T16:45:07","guid":{"rendered":"https:\/\/www.carpinteria-aluminio.cat\/fabricacio-venda-i-instal%c2%b7lacio-de-mosquiteres-dalumini-a-barcelona\/"},"modified":"2012-08-16T16:45:07","modified_gmt":"2012-08-16T16:45:07","slug":"fabricacio-venda-i-instal%c2%b7lacio-de-mosquiteres-dalumini-a-barcelona","status":"publish","type":"page","link":"https:\/\/www.carpinteria-aluminio.cat\/ca\/cataleg-de-productes-de-metal%c2%b7listeria-dalumini-ponsico\/fabricacio-venda-i-instal%c2%b7lacio-de-mosquiteres-dalumini-a-barcelona\/","title":{"rendered":"Fabricaci\u00f3, venda i instal\u00b7laci\u00f3 de mosquiteres d&#8217;alumini a Barcelona"},"content":{"rendered":"<div id=\"attachment_813\" style=\"width: 896px\" class=\"wp-caption alignleft\"><a href=\"https:\/\/www.carpinteria-aluminio.cat\/wp-content\/uploads\/2012\/08\/mosquitera.jpg\"><img loading=\"lazy\" decoding=\"async\" aria-describedby=\"caption-attachment-813\" class=\" wp-image-813 \" style=\"border: 0px; margin: 0px;\" title=\"Mosquiteres d'alumini a Barcelona\" src=\"https:\/\/www.carpinteria-aluminio.cat\/wp-content\/uploads\/2012\/08\/mosquitera.jpg\" alt=\"Mosquiteres d'alumini a Barcelona\" width=\"886\" height=\"330\" \/><\/a><p id=\"caption-attachment-813\" class=\"wp-caption-text\">Mosquiteres d&#8217;alumini a Barcelona<\/p><\/div>\n<div id=\"attachment_1624\" style=\"width: 284px\" class=\"wp-caption alignleft\"><a href=\"https:\/\/www.carpinteria-aluminio.cat\/wp-content\/uploads\/2012\/08\/IMG_1497_resized.jpg\" target=\"_blank\"><img loading=\"lazy\" decoding=\"async\" aria-describedby=\"caption-attachment-1624\" class=\" wp-image-1624 \" style=\"margin: 0px; border: 0px;\" title=\"Mosquitera enrotllable recollida\" src=\"https:\/\/www.carpinteria-aluminio.cat\/wp-content\/uploads\/2012\/08\/IMG_1497_resized-300x200.jpg\" alt=\"Mosquitera enrotllable recollida\" width=\"274\" height=\"200\" \/><\/a><p id=\"caption-attachment-1624\" class=\"wp-caption-text\">Mosquitera enrotllable recollida<\/p><\/div>\n<div id=\"attachment_3489\" style=\"width: 284px\" class=\"wp-caption alignleft\"><a href=\"https:\/\/www.carpinteria-aluminio.cat\/wp-content\/uploads\/2013\/11\/20131024_130509_resized.jpg\" target=\"_blank\"><img loading=\"lazy\" decoding=\"async\" aria-describedby=\"caption-attachment-3489\" class=\" wp-image-3489 \" style=\"border: 0px; margin: 0px;\" title=\"Mosquitera prisada de dues fulles\" src=\"https:\/\/www.carpinteria-aluminio.cat\/wp-content\/uploads\/2013\/11\/20131024_130509_resized-300x225.jpg\" alt=\"Mosquitera prisada de dues fulles\" width=\"274\" height=\"200\" \/><\/a><p id=\"caption-attachment-3489\" class=\"wp-caption-text\">Mosquitera prisada de dues fulles<\/p><\/div>\n<div id=\"attachment_3494\" style=\"width: 284px\" class=\"wp-caption alignleft\"><a href=\"https:\/\/www.carpinteria-aluminio.cat\/wp-content\/uploads\/2013\/11\/20131024_130210_resized.jpg\" target=\"_blank\"><img loading=\"lazy\" decoding=\"async\" aria-describedby=\"caption-attachment-3494\" class=\" wp-image-3494 \" style=\"border: 0px; margin: 0px;\" title=\"Mosquitera enrotllable estesa\" src=\"https:\/\/www.carpinteria-aluminio.cat\/wp-content\/uploads\/2013\/11\/20131024_130210_resized-300x225.jpg\" alt=\"Mosquitera enrotllable estesa\" width=\"274\" height=\"200\" \/><\/a><p id=\"caption-attachment-3494\" class=\"wp-caption-text\">Mosquitera enrotllable estesa<\/p><\/div>\n<p style=\"text-align: justify;\">La mosquitera \u00e9s un producte econ\u00f2mic i molt funcional. Elaborada amb alumini al seu contorn i una malla de tipus PVC molt resistent, evitarem l&#8217;entrada d&#8217;insectes a les nits caloroses d&#8217;estiu a la nostra llar proporcionant aix\u00ed tranquil\u00b7litat i qualitat de vida. A PONSICO S.C.P. fabriquem alguns models com les mosquiteres fixes, siguent prop\u00edcies per a llocs on no \u00e9s necessari el pas, malgrat aix\u00f2 recomanem les mosquiteres enrotllables, d&#8217;accionament vertical mitjan\u00e7ant una molla, s\u00f3n de senzilla utilitzaci\u00f3, i un cop recollides amb un senzill &#8221; clic &#8220;, disposem de tot l&#8217;espai al lloc instal\u00b7lades. Tamb\u00e9 les mosquiteres prisades ofereixen gran qualitat i durabilitat, siguent un sistema semblant a les enrotllables per\u00f2 en aquest cas d&#8217;accionament horitzontal, siguent molt \u00fatils per als llocs de pas, com portes o balcons. Els <a href=\"https:\/\/www.carpinteria-aluminio.cat\/ca\/servicios\/acabados-carpinteria-aluminio-barcelona\/\" target=\"_blank\">acabats <\/a>disponibles s\u00f3n els mateixos que es pot aplicar a l&#8217;alumini, ja que la carcassa \u00e9s fabricada amb aquest metall. <a href=\"https:\/\/www.carpinteria-aluminio.cat\/ca\/contacto\/\" target=\"_blank\">Consulteu <\/a>preu sense cap cost per a vost\u00e8 , pressupostos gratu\u00efts .<\/p>\n<p>Les opcions que oferim als nostres clients s\u00f3n :<\/p>\n<div id=\"attachment_1625\" style=\"width: 190px\" class=\"wp-caption alignright\"><a href=\"https:\/\/www.carpinteria-aluminio.cat\/wp-content\/uploads\/2012\/08\/IMG_1502_resized.jpg\" target=\"_blank\"><img loading=\"lazy\" decoding=\"async\" aria-describedby=\"caption-attachment-1625\" class=\" wp-image-1625\" style=\"border: 0px; margin: 0px;\" title=\"Mosquitera enrollable plata\" src=\"https:\/\/www.carpinteria-aluminio.cat\/wp-content\/uploads\/2012\/08\/IMG_1502_resized-150x150.jpg\" alt=\"Mosquitera enrollable plata\" width=\"180\" height=\"180\" \/><\/a><p id=\"caption-attachment-1625\" class=\"wp-caption-text\">Mosquitera enrollable plata<\/p><\/div>\n<p style=\"text-align: left;\"><strong>1. \u00a0 \u00a0Mosquitera Enrollable:<\/strong><\/p>\n<p style=\"text-align: justify;\">Mosquitera molt apropiada per a finestres on en un moment determinat es pugui requerir l&#8217;espai per al pas de persones o objectes. Es componen d&#8217;un calaix superior de 5 x 5 cent\u00edmetres, el qual incorpora una molla i d&#8217;on baixa la malla per unes guies a la part inferior on ser\u00e0 ancorada a unes peces inferiors.<\/p>\n<p><strong>2.\u00a0\u00a0\u00a0\u00a0Mosquitera Fixa:<\/strong><\/p>\n<p style=\"text-align: justify;\">Tipus de mosquitera la qual queda fixa mitjan\u00e7ant unes grapes collades a la paret pr\u00e8viament, es pot extreure per\u00f2 no \u00e9s recomanable, les juntes apelfades eviten l&#8217;entrada d&#8217;insectes a l&#8217;interior de l&#8217;habitatge.<\/p>\n<p style=\"text-align: justify;\"><strong>3.\u00a0\u00a0\u00a0\u00a0Mosquitera Corredissa:<\/strong><\/p>\n<p style=\"text-align: justify;\">Mosquitera que s&#8217;incorpora al carril interior d&#8217;una porta o finestra corredissa d&#8217;alumini pr\u00e8viament instal\u00b7lada, lliscant com si fos una porta mes. S\u00f3n molt pr\u00e0ctiques ja que es poden desmuntar f\u00e0cilment per netejar, encara que no s\u00f3n tan s\u00f2lides com la resta.<\/p>\n<div id=\"attachment_3492\" style=\"width: 190px\" class=\"wp-caption alignleft\"><a href=\"https:\/\/www.carpinteria-aluminio.cat\/wp-content\/uploads\/2013\/11\/20131024_130524_resized.jpg\" target=\"_blank\"><img loading=\"lazy\" decoding=\"async\" aria-describedby=\"caption-attachment-3492\" class=\" wp-image-3492 \" style=\"border: 0px; margin: 0px;\" title=\"Mosquitera prisada de dues fulles\" src=\"https:\/\/www.carpinteria-aluminio.cat\/wp-content\/uploads\/2013\/11\/20131024_130524_resized-150x150.jpg\" alt=\"Mosquitera prisada de dues fulles\" width=\"180\" height=\"180\" \/><\/a><p id=\"caption-attachment-3492\" class=\"wp-caption-text\">Mosquitera prisada de dues fulles<\/p><\/div>\n<p style=\"text-align: left;\"><strong>4. \u00a0 \u00a0Mosquitera Prisada:<\/strong><\/p>\n<p style=\"text-align: justify;\">Model de mosquitera ideal per a llocs de pas com portes o balcons. Es composen d&#8217;un calaix vertical collat a la paret, del qual s&#8217;extreu la malla fins a l&#8217;altre extrem on es tanca mitjan\u00e7ant una banda magn\u00e8tica. A la part inferior es va desplegant una guia en forma de cadena, la qual \u00e9s ideal per a\u00efllar eficientment dels insectes, i el pas queda lliure una vegada recollida. <strong>5.\u00a0\u00a0\u00a0\u00a0Mosquitera\u00a0Practicable:<\/strong><\/p>\n<p style=\"text-align: justify;\">Mosquitera amb frontisses que actua com una porta d&#8217;obertura externa, amb un pom a dues cares obrirem la mosquitera c\u00f2modament per ambdues parts, tanca mitjan\u00e7ant una banda magn\u00e8tica vertical. Ideal per a portes de pas d&#8217;una mesura mitjana on puguem prescindir de p\u00e8rdua d&#8217;espai, at\u00e8s l&#8217;arc que descriu a l&#8217;obrir.<\/p>\n","protected":false},"excerpt":{"rendered":"<p>La mosquitera \u00e9s un producte econ\u00f2mic i molt funcional. Elaborada amb alumini al seu contorn i una malla de tipus PVC molt resistent, evitarem l&#8217;entrada d&#8217;insectes<span class=\"excerpt-hellip\"> [\u2026]<\/span><\/p>\n","protected":false},"author":1,"featured_media":0,"parent":6838,"menu_order":0,"comment_status":"closed","ping_status":"closed","template":"template-fullwidth.php","meta":{"_joinchat":[],"footnotes":""},"class_list":["post-6859","page","type-page","status-publish","hentry"],"aioseo_notices":[],"_links":{"self":[{"href":"https:\/\/www.carpinteria-aluminio.cat\/ca\/wp-json\/wp\/v2\/pages\/6859","targetHints":{"allow":["GET"]}}],"collection":[{"href":"https:\/\/www.carpinteria-aluminio.cat\/ca\/wp-json\/wp\/v2\/pages"}],"about":[{"href":"https:\/\/www.carpinteria-aluminio.cat\/ca\/wp-json\/wp\/v2\/types\/page"}],"author":[{"embeddable":true,"href":"https:\/\/www.carpinteria-aluminio.cat\/ca\/wp-json\/wp\/v2\/users\/1"}],"replies":[{"embeddable":true,"href":"https:\/\/www.carpinteria-aluminio.cat\/ca\/wp-json\/wp\/v2\/comments?post=6859"}],"version-history":[{"count":0,"href":"https:\/\/www.carpinteria-aluminio.cat\/ca\/wp-json\/wp\/v2\/pages\/6859\/revisions"}],"up":[{"embeddable":true,"href":"https:\/\/www.carpinteria-aluminio.cat\/ca\/wp-json\/wp\/v2\/pages\/6838"}],"wp:attachment":[{"href":"https:\/\/www.carpinteria-aluminio.cat\/ca\/wp-json\/wp\/v2\/media?parent=6859"}],"curies":[{"name":"wp","href":"https:\/\/api.w.org\/{rel}","templated":true}]}}