{"id":6886,"date":"2012-10-18T16:26:00","date_gmt":"2012-10-18T16:26:00","guid":{"rendered":"https:\/\/www.carpinteria-aluminio.cat\/accessoris-i-recanvis\/"},"modified":"2012-10-18T16:26:00","modified_gmt":"2012-10-18T16:26:00","slug":"accessoris-i-recanvis","status":"publish","type":"page","link":"https:\/\/www.carpinteria-aluminio.cat\/ca\/serveis\/accessoris-i-recanvis\/","title":{"rendered":"Accessoris i Recanvis"},"content":{"rendered":"<p>En Fusteria d&#8217;Alumini Ponsico podr\u00e0 adquirir tot tipus d&#8217;accessoris i recanvis en s\u00e8ries europees per als seg\u00fcents productes: <strong>1.\u00a0\u00a0\u00a0\u00a0Persianes<\/strong> <strong> 2.\u00a0\u00a0\u00a0\u00a0Tendals<\/strong> <strong> 3.\u00a0\u00a0\u00a0\u00a0Mampares de bany<\/strong> <strong> 4.\u00a0\u00a0\u00a0\u00a0Reixes<\/strong> <strong> 5.\u00a0\u00a0\u00a0\u00a0Mallorquines<\/strong> <strong> 6.\u00a0\u00a0\u00a0\u00a0Suports per a vidre<\/strong> <strong><a title=\"Contacti\" href=\"https:\/\/www.carpinteria-aluminio.cat\/contacto\/\">Contacti<\/a><\/strong> amb nosaltres i li assesorarem segons les seves necessitats.<\/p>\n","protected":false},"excerpt":{"rendered":"<p>En Fusteria d&#8217;Alumini Ponsico podr\u00e0 adquirir tot tipus d&#8217;accessoris i recanvis en s\u00e8ries europees per als seg\u00fcents productes: 1.\u00a0\u00a0\u00a0\u00a0Persianes 2.\u00a0\u00a0\u00a0\u00a0Tendals 3.\u00a0\u00a0\u00a0\u00a0Mampares de bany 4.\u00a0\u00a0\u00a0\u00a0Reixes 5.\u00a0\u00a0\u00a0\u00a0Mallorquines 6.\u00a0\u00a0\u00a0\u00a0Suports<span class=\"excerpt-hellip\"> [\u2026]<\/span><\/p>\n","protected":false},"author":1,"featured_media":0,"parent":6835,"menu_order":0,"comment_status":"closed","ping_status":"closed","template":"template-fullwidth.php","meta":{"_joinchat":[],"footnotes":""},"class_list":["post-6886","page","type-page","status-publish","hentry"],"aioseo_notices":[],"_links":{"self":[{"href":"https:\/\/www.carpinteria-aluminio.cat\/ca\/wp-json\/wp\/v2\/pages\/6886","targetHints":{"allow":["GET"]}}],"collection":[{"href":"https:\/\/www.carpinteria-aluminio.cat\/ca\/wp-json\/wp\/v2\/pages"}],"about":[{"href":"https:\/\/www.carpinteria-aluminio.cat\/ca\/wp-json\/wp\/v2\/types\/page"}],"author":[{"embeddable":true,"href":"https:\/\/www.carpinteria-aluminio.cat\/ca\/wp-json\/wp\/v2\/users\/1"}],"replies":[{"embeddable":true,"href":"https:\/\/www.carpinteria-aluminio.cat\/ca\/wp-json\/wp\/v2\/comments?post=6886"}],"version-history":[{"count":0,"href":"https:\/\/www.carpinteria-aluminio.cat\/ca\/wp-json\/wp\/v2\/pages\/6886\/revisions"}],"up":[{"embeddable":true,"href":"https:\/\/www.carpinteria-aluminio.cat\/ca\/wp-json\/wp\/v2\/pages\/6835"}],"wp:attachment":[{"href":"https:\/\/www.carpinteria-aluminio.cat\/ca\/wp-json\/wp\/v2\/media?parent=6886"}],"curies":[{"name":"wp","href":"https:\/\/api.w.org\/{rel}","templated":true}]}}