{"id":6913,"date":"2013-01-05T14:46:59","date_gmt":"2013-01-05T14:46:59","guid":{"rendered":"https:\/\/www.carpinteria-aluminio.cat\/historia\/"},"modified":"2025-06-01T09:40:02","modified_gmt":"2025-06-01T08:40:02","slug":"historia","status":"publish","type":"page","link":"https:\/\/www.carpinteria-aluminio.cat\/ca\/la-nostra-empresa\/historia\/","title":{"rendered":"Hist\u00f2ria"},"content":{"rendered":"<div id=\"attachment_2096\" style=\"width: 510px\" class=\"wp-caption alignright\"><a href=\"https:\/\/www.carpinteria-aluminio.cat\/wp-content\/uploads\/2013\/01\/IMG_2116_resized.jpg\"><img loading=\"lazy\" decoding=\"async\" aria-describedby=\"caption-attachment-2096\" class=\"wp-image-2096 \" style=\"border: 2px solid black; margin: 1px;\" title=\"Antics trepants\" src=\"https:\/\/www.carpinteria-aluminio.cat\/wp-content\/uploads\/2013\/01\/IMG_2116_resized-1024x682.jpg\" alt=\"Antics trepants\" width=\"500\" height=\"300\" \/><\/a><p id=\"caption-attachment-2096\" class=\"wp-caption-text\">Antics trepants<\/p><\/div>\n<p data-start=\"0\" data-end=\"479\">La hist\u00f2ria de <strong data-start=\"15\" data-end=\"48\">Carpinteria d&#8217;Alumini Ponsico<\/strong> comen\u00e7a l\u2019any <strong data-start=\"63\" data-end=\"71\">1971<\/strong>, quan <strong data-start=\"78\" data-end=\"99\">Francisco Ponsico<\/strong> obt\u00e9 el t\u00edtol amb qualificaci\u00f3 del <strong data-start=\"135\" data-end=\"155\">gremi del metall<\/strong> a l\u2019<strong data-start=\"160\" data-end=\"194\">Escola Industrial de Barcelona<\/strong>. A partir d\u2019aquell moment, comen\u00e7a a realitzar els seus primers treballs per a amics i familiars, combinant formaci\u00f3, vocaci\u00f3 i habilitat t\u00e8cnica. Aquesta etapa marcaria l\u2019inici d\u2019una traject\u00f2ria professional lligada, des dels seus or\u00edgens, al sector del metall i a la feina ben feta.<\/p>\n<p data-start=\"481\" data-end=\"943\" data-is-last-node=\"\" data-is-only-node=\"\">L\u2019any <strong data-start=\"487\" data-end=\"495\">1975<\/strong>, Francisco Ponsico s\u2019endinsa en el m\u00f3n de la <strong data-start=\"541\" data-end=\"563\">fusteria d\u2019alumini<\/strong>, compaginant la seva feina de <strong data-start=\"594\" data-end=\"634\">manteniment industrial a Claved S.A.<\/strong> amb la col\u00b7laboraci\u00f3 d\u2019alguns amics del sector de la construcci\u00f3. S\u2019associa amb el seu cunyat <strong data-start=\"729\" data-end=\"747\">Jos\u00e9 Cangueiro<\/strong> i compta amb la col\u00b7laboraci\u00f3 imprescindible de la seva esposa, <strong data-start=\"812\" data-end=\"832\">Teresa Cangueiro<\/strong>, instal\u00b7lant-se de manera \u201coficiosa\u201d en un local del <strong data-start=\"886\" data-end=\"906\">carrer Ind\u00fastria<\/strong>, al barri de <strong data-start=\"920\" data-end=\"942\">Navas de Barcelona<\/strong>.<\/p>\n<p style=\"text-align: justify;\">El<strong>\u00a01983<\/strong> , Francesc inicia la seva aventura emprenedora juntament amb el seu cunyat Jos\u00e9 Cangueiro i la imprescindible col\u00b7laboraci\u00f3 de la seva esposa Teresa Canguerio, instal\u00b7lant-se de manera &#8220;oficiosa&#8221; a un local del carrer <strong>Ind\u00fastria<\/strong> del barri de Navas de Barcelona.<\/p>\n<p style=\"text-align: justify;\">El<strong>\u00a01984<\/strong> , Francesc funda de manera oficial juntament amb el seu amic Jos\u00e9 Ca\u00f1as una petita fusteria d&#8217;alumini al mateix barri de Navas de Barcelona, \u200b\u200ba la conflu\u00e8ncia dels carrers Felip II i <strong>Pal\u00e8ncia<\/strong> , sota el nom de <strong>RUSERLI<\/strong> , en homenatge als seus llavors \u00fanics fills (Ruben, Sergio i L\u00eddia).<\/p>\n<p style=\"text-align: justify;\">El\u00a0<strong>1986<\/strong> , Josep Ca\u00f1as abandona el negoci, Francesc s&#8217;associa llavors amb Jos\u00e9 Fern\u00e1ndez, la seu es trasllada a l&#8217;avinguda <strong>Meridiana<\/strong> dins del mateix barri i l&#8217;empresa canvia de nom adoptant el que \u00e9s el nom actual de <strong>Fusteria d&#8217;Alumini Ponsico<\/strong> .<\/p>\n<p style=\"text-align: justify;\">El\u00a0<strong>1987<\/strong> la seu es trasllada al carrer <strong>M\u00farcia 29<\/strong> d&#8217;aquest barri, on es troben l&#8217;exposici\u00f3 i l&#8217;oficina actuals.<\/p>\n<p style=\"text-align: justify;\">El\u00a0<strong>1988<\/strong> , per motius personals Jos\u00e9 Fern\u00e1ndez abandona l&#8217;empresa i <strong>Teresa Canguerio<\/strong> entra a formar part de l&#8217;empresa de manera oficial, com a s\u00f2cia, compaginant la manutenci\u00f3 dels seus 3 fills ( de 2, 8 i 10 anys) amb les tasques de gesti\u00f3, administraci\u00f3, comptabilitat i atenci\u00f3 al client.<\/p>\n<p style=\"text-align: justify;\">Durant els <strong>anys 90<\/strong> l&#8217;empresa llueix el seu m\u00e0xim <strong>esplendor<\/strong> , arribant a emprar fins a 8 persones, basant-se en el treball artesanal i en equip, l&#8217;atenci\u00f3 personalitzada del client particular i renunciant a grans construccions (que suposen un gran risc malgrat l&#8217;alt benefici net) o campanyes publicit\u00e0ries m\u00e9s enll\u00e0 del &#8220;boca a boca&#8221; entre el nostre familiars i clients.<\/p>\n<p style=\"text-align: justify;\">Durant la primera d\u00e8cada del<strong> segle XXI<\/strong> , coincidint amb la incorporaci\u00f3 a temps complet de <strong>Rub\u00e9n Ponsico<\/strong> (fill gran de Francesc i Teresa), el taller de mecanitzaci\u00f3 es trasllada al local de carrer <strong>M\u00farcia 33<\/strong> , ampliant tant la capacitat de mecanitzaci\u00f3 i magatzem d&#8217;estocs com els metres quadrats d&#8217;exposici\u00f3 (a M\u00farcia 29), permetent oferir una millor atenci\u00f3 al client i uns preus m\u00e9s competitius.<\/p>\n<p style=\"text-align: justify;\">En aquesta primera meitat de la d\u00e8cada dels <strong>anys 10<\/strong> , condicionada per la crisi econ\u00f2mica Fusteria d&#8217;Alumini Ponsico decideix fer un salt endavant i incorporar-se a les <strong>noves tecnologies<\/strong> creant aquesta p\u00e0gina <strong>web<\/strong> , comptes en <strong>Facebook , twitter i LinkedIn<\/strong> , amb l&#8217; intenci\u00f3 de con\u00e8ixer nous clients i oferir-los una millor atenci\u00f3 ( presentant els nostres productes i serveis) i incorporant les nous <strong>aven\u00e7os tecnol\u00f2gics<\/strong> al sector, com ara <strong>nous materials<\/strong> (d&#8217;a\u00efllament t\u00e8rmic, ac\u00fastic i lum\u00ednic) o <strong>automatismes<\/strong> (motors, sensors de llum i vent, controls remostos i en l\u00ednia &#8230;).<\/p>\n","protected":false},"excerpt":{"rendered":"<p>La hist\u00f2ria de Carpinteria d&#8217;Alumini Ponsico comen\u00e7a l\u2019any 1971, quan Francisco Ponsico obt\u00e9 el t\u00edtol amb qualificaci\u00f3 del gremi del metall a l\u2019Escola Industrial de Barcelona.<span class=\"excerpt-hellip\"> [\u2026]<\/span><\/p>\n","protected":false},"author":1,"featured_media":0,"parent":6850,"menu_order":0,"comment_status":"closed","ping_status":"open","template":"","meta":{"_joinchat":[],"footnotes":""},"class_list":["post-6913","page","type-page","status-publish","hentry"],"aioseo_notices":[],"_links":{"self":[{"href":"https:\/\/www.carpinteria-aluminio.cat\/ca\/wp-json\/wp\/v2\/pages\/6913","targetHints":{"allow":["GET"]}}],"collection":[{"href":"https:\/\/www.carpinteria-aluminio.cat\/ca\/wp-json\/wp\/v2\/pages"}],"about":[{"href":"https:\/\/www.carpinteria-aluminio.cat\/ca\/wp-json\/wp\/v2\/types\/page"}],"author":[{"embeddable":true,"href":"https:\/\/www.carpinteria-aluminio.cat\/ca\/wp-json\/wp\/v2\/users\/1"}],"replies":[{"embeddable":true,"href":"https:\/\/www.carpinteria-aluminio.cat\/ca\/wp-json\/wp\/v2\/comments?post=6913"}],"version-history":[{"count":3,"href":"https:\/\/www.carpinteria-aluminio.cat\/ca\/wp-json\/wp\/v2\/pages\/6913\/revisions"}],"predecessor-version":[{"id":67368,"href":"https:\/\/www.carpinteria-aluminio.cat\/ca\/wp-json\/wp\/v2\/pages\/6913\/revisions\/67368"}],"up":[{"embeddable":true,"href":"https:\/\/www.carpinteria-aluminio.cat\/ca\/wp-json\/wp\/v2\/pages\/6850"}],"wp:attachment":[{"href":"https:\/\/www.carpinteria-aluminio.cat\/ca\/wp-json\/wp\/v2\/media?parent=6913"}],"curies":[{"name":"wp","href":"https:\/\/api.w.org\/{rel}","templated":true}]}}