{"id":6916,"date":"2013-01-05T14:51:26","date_gmt":"2013-01-05T14:51:26","guid":{"rendered":"https:\/\/www.carpinteria-aluminio.cat\/fabricacio\/"},"modified":"2013-01-05T14:51:26","modified_gmt":"2013-01-05T14:51:26","slug":"fabricacio","status":"publish","type":"page","link":"https:\/\/www.carpinteria-aluminio.cat\/ca\/serveis\/fabricacio\/","title":{"rendered":"Fabricaci\u00f3"},"content":{"rendered":"<div id=\"attachment_491\" style=\"width: 284px\" class=\"wp-caption alignleft\"><a href=\"https:\/\/www.carpinteria-aluminio.cat\/wp-content\/uploads\/2013\/01\/IMG_0148.jpg\" target=\"_blank\"><img loading=\"lazy\" decoding=\"async\" aria-describedby=\"caption-attachment-491\" class=\" wp-image-491 \" style=\"margin: 0px; border: 0px;\" title=\"Matrius per la mecanitzaci\u00f3\" src=\"https:\/\/www.carpinteria-aluminio.cat\/wp-content\/uploads\/2013\/01\/IMG_0148-1024x682.jpg\" alt=\"Matrius per la mecanitzaci\u00f3\" width=\"274\" height=\"175\" \/><\/a><p id=\"caption-attachment-491\" class=\"wp-caption-text\">Matrius per la mecanitzaci\u00f3<\/p><\/div>\n<div id=\"attachment_1063\" style=\"width: 284px\" class=\"wp-caption alignleft\"><a href=\"https:\/\/www.carpinteria-aluminio.cat\/wp-content\/uploads\/2012\/08\/Nuestra-empresa-taller.jpg\" target=\"_blank\"><img loading=\"lazy\" decoding=\"async\" aria-describedby=\"caption-attachment-1063\" class=\" wp-image-1063\" style=\"margin: 0px; border: 0px;\" title=\"Taller d'acoblament\" src=\"https:\/\/www.carpinteria-aluminio.cat\/wp-content\/uploads\/2012\/08\/Nuestra-empresa-taller-300x200.jpg\" alt=\"Taller d'acoblament\" width=\"274\" height=\"175\" \/><\/a><p id=\"caption-attachment-1063\" class=\"wp-caption-text\">Taller d&#8217;acoblament<\/p><\/div>\n<div id=\"attachment_515\" style=\"width: 284px\" class=\"wp-caption alignleft\"><a href=\"https:\/\/www.carpinteria-aluminio.cat\/wp-content\/uploads\/2013\/01\/IMG_0150.jpg\" target=\"_blank\"><img loading=\"lazy\" decoding=\"async\" aria-describedby=\"caption-attachment-515\" class=\" wp-image-515\" style=\"margin: 0px; border: 0px;\" title=\"Trossejadora\" src=\"https:\/\/www.carpinteria-aluminio.cat\/wp-content\/uploads\/2013\/01\/IMG_0150-300x200.jpg\" alt=\"Trossejadora\" width=\"274\" height=\"175\" \/><\/a><p id=\"caption-attachment-515\" class=\"wp-caption-text\">Trossejadora<\/p><\/div>\n<p style=\"text-align: justify;\">A PONSICO SCP, elaborem portes i finestres d&#8217;alumini a mida des de fa m\u00e9s de trenta anys. El procediment \u00e9s el seg\u00fcent: -S&#8217;encarreguen els materials base com s\u00f3n la perfileria, barres de sis metres pr\u00e8viament extrusionades i lacades o anodizades.Els\u00a0 vidres, s&#8217;encarreguen en planxes grans de 3&#215;2 metres si \u00e9s vidre simple per poder-lo tallar a mida, o s&#8217;encarrega a mida en cas i ser un vidre de cambra o compost. -Les barres de sis metres s\u00f3n tallades a mida i ensamblades per formar l&#8217;estructura, tant del marc com de la fulla, posteriorment s&#8217;ajusten els herratges\u00a0 perqu\u00e8 no donin problemes en el muntatge. -S&#8217;hi acristalan les fulles en una secci\u00f3 diferent destinada per aquest fi, quadrant la fulla a escaire i segellant-la per no tenir filtracions ni d&#8217;aigua ni d&#8217;aire. -Es procedeix a la instal \u00b7 laci\u00f3, carregant al vehicle industrial el material pr\u00e8viament confeccionat, portant-lo al lloc de muntatge i posteriorment instal \u00b7 lant-lo.<\/p>\n<p style=\"text-align: justify;\">Tamb\u00e9 es tallen a mida materials com: persianes, sostres, mampares &#8230; seguint les pautes b\u00e0siques pr\u00e8viament descrites. Actualment disposem de nombrosos tipus de materials, ajustant-nos al m\u00e0xim a les exig\u00e8ncies de cada client. Qualsevol consulta no dubti en posar-se en contacte amb nosaltres, l&#8217;atendrem gustosament.<\/p>\n","protected":false},"excerpt":{"rendered":"<p>A PONSICO SCP, elaborem portes i finestres d&#8217;alumini a mida des de fa m\u00e9s de trenta anys. El procediment \u00e9s el seg\u00fcent: -S&#8217;encarreguen els materials base<span class=\"excerpt-hellip\"> [\u2026]<\/span><\/p>\n","protected":false},"author":5,"featured_media":0,"parent":6835,"menu_order":0,"comment_status":"closed","ping_status":"open","template":"template-fullwidth.php","meta":{"_joinchat":[],"footnotes":""},"class_list":["post-6916","page","type-page","status-publish","hentry"],"aioseo_notices":[],"_links":{"self":[{"href":"https:\/\/www.carpinteria-aluminio.cat\/ca\/wp-json\/wp\/v2\/pages\/6916","targetHints":{"allow":["GET"]}}],"collection":[{"href":"https:\/\/www.carpinteria-aluminio.cat\/ca\/wp-json\/wp\/v2\/pages"}],"about":[{"href":"https:\/\/www.carpinteria-aluminio.cat\/ca\/wp-json\/wp\/v2\/types\/page"}],"author":[{"embeddable":true,"href":"https:\/\/www.carpinteria-aluminio.cat\/ca\/wp-json\/wp\/v2\/users\/5"}],"replies":[{"embeddable":true,"href":"https:\/\/www.carpinteria-aluminio.cat\/ca\/wp-json\/wp\/v2\/comments?post=6916"}],"version-history":[{"count":0,"href":"https:\/\/www.carpinteria-aluminio.cat\/ca\/wp-json\/wp\/v2\/pages\/6916\/revisions"}],"up":[{"embeddable":true,"href":"https:\/\/www.carpinteria-aluminio.cat\/ca\/wp-json\/wp\/v2\/pages\/6835"}],"wp:attachment":[{"href":"https:\/\/www.carpinteria-aluminio.cat\/ca\/wp-json\/wp\/v2\/media?parent=6916"}],"curies":[{"name":"wp","href":"https:\/\/api.w.org\/{rel}","templated":true}]}}