{"id":6922,"date":"2013-01-05T14:51:59","date_gmt":"2013-01-05T14:51:59","guid":{"rendered":"https:\/\/www.carpinteria-aluminio.cat\/instal%c2%b7lacio\/"},"modified":"2013-01-05T14:51:59","modified_gmt":"2013-01-05T14:51:59","slug":"instal%c2%b7lacio","status":"publish","type":"page","link":"https:\/\/www.carpinteria-aluminio.cat\/ca\/serveis\/instal%c2%b7lacio\/","title":{"rendered":"Instal\u00b7laci\u00f3"},"content":{"rendered":"<div id=\"attachment_1631\" style=\"width: 284px\" class=\"wp-caption alignleft\"><a href=\"https:\/\/www.carpinteria-aluminio.cat\/wp-content\/uploads\/2013\/01\/IMG_1571_resized.jpg\" target=\"_blank\"><img loading=\"lazy\" decoding=\"async\" aria-describedby=\"caption-attachment-1631\" class=\" wp-image-1631\" style=\"margin: 0px; border: 0px;\" title=\"Caixa d'eines\" src=\"https:\/\/www.carpinteria-aluminio.cat\/wp-content\/uploads\/2013\/01\/IMG_1571_resized-300x200.jpg\" alt=\"Caixa d'eines\" width=\"274\" height=\"175\" \/><\/a><p id=\"caption-attachment-1631\" class=\"wp-caption-text\">Caixa d&#8217;eines<\/p><\/div>\n<div id=\"attachment_1632\" style=\"width: 284px\" class=\"wp-caption alignleft\"><a href=\"https:\/\/www.carpinteria-aluminio.cat\/wp-content\/uploads\/2013\/01\/IMG_1570_resized.jpg\" target=\"_blank\"><img loading=\"lazy\" decoding=\"async\" aria-describedby=\"caption-attachment-1632\" class=\" wp-image-1632\" style=\"margin: 0px; border: 0px;\" title=\"Cargoladora cl\u00e0ssica\" src=\"https:\/\/www.carpinteria-aluminio.cat\/wp-content\/uploads\/2013\/01\/IMG_1570_resized-300x200.jpg\" alt=\"Cargoladora cl\u00e0ssica\" width=\"274\" height=\"175\" \/><\/a><p id=\"caption-attachment-1632\" class=\"wp-caption-text\">Cargoladora cl\u00e0ssica<\/p><\/div>\n<div id=\"attachment_1633\" style=\"width: 284px\" class=\"wp-caption alignleft\"><a href=\"https:\/\/www.carpinteria-aluminio.cat\/wp-content\/uploads\/2013\/01\/IMG_1514_resized-1.jpg\" target=\"_blank\"><img loading=\"lazy\" decoding=\"async\" aria-describedby=\"caption-attachment-1633\" class=\" wp-image-1633\" style=\"margin: 0px; border: 0px;\" title=\"Transport per a la instal\u00b7laci\u00f3\" src=\"https:\/\/www.carpinteria-aluminio.cat\/wp-content\/uploads\/2013\/01\/IMG_1514_resized-1-300x200.jpg\" alt=\"Transport per a la instal\u00b7laci\u00f3\" width=\"274\" height=\"175\" \/><\/a><p id=\"caption-attachment-1633\" class=\"wp-caption-text\">Transport per a la instal\u00b7laci\u00f3<\/p><\/div>\n<p style=\"text-align: justify;\">Disposem d&#8217;una m\u00e0 d&#8217;obra experimentada i qualificada per a la instal \u00b7 laci\u00f3 de qualsevol dels nostres productes. A m\u00e9s, disposem de les eines necess\u00e0ries per realitzar aquestes instal \u00b7 lacions de manera r\u00e0pida, efectiva i amb solv\u00e8ncia. Silicones neutres de m\u00e0xima qualitat per segellar les juntes exteriors dels tancaments, escuma de poliuret\u00e0 per a\u00efllar al m\u00e0xim l&#8217;estructura de l&#8217;exterior, tacs qu\u00edmics per les parets m\u00e9s rebels, s\u00f3n un exemple dels materials utilitzats en la instal \u00b7 laci\u00f3. Quant eines disposem d&#8217;una extensa varietat d&#8217;elles per utilitzar-les quan m\u00e9s convenen: cargoladores amb bateries de liti i percussor, serres sabre per tallar els marcs que s&#8217;extreuen, serres radials de dues mides, trepants de percussi\u00f3 pneum\u00e0tica per les parets m\u00e9s dures, etc. La majoria d&#8217;instal \u00b7 lacions no solen durar m\u00e9s d&#8217;un dia, incloent m\u00e9s o menys operaris segons convingui, per tal de molestar el client el menys possible. El material extret \u00e9s portat a la deixalleria per ser seleccionat i reciclat.<\/p>\n","protected":false},"excerpt":{"rendered":"<p>Disposem d&#8217;una m\u00e0 d&#8217;obra experimentada i qualificada per a la instal \u00b7 laci\u00f3 de qualsevol dels nostres productes. A m\u00e9s, disposem de les eines necess\u00e0ries per<span class=\"excerpt-hellip\"> [\u2026]<\/span><\/p>\n","protected":false},"author":1,"featured_media":0,"parent":6835,"menu_order":0,"comment_status":"closed","ping_status":"open","template":"template-fullwidth.php","meta":{"_joinchat":[],"footnotes":""},"class_list":["post-6922","page","type-page","status-publish","hentry"],"aioseo_notices":[],"_links":{"self":[{"href":"https:\/\/www.carpinteria-aluminio.cat\/ca\/wp-json\/wp\/v2\/pages\/6922","targetHints":{"allow":["GET"]}}],"collection":[{"href":"https:\/\/www.carpinteria-aluminio.cat\/ca\/wp-json\/wp\/v2\/pages"}],"about":[{"href":"https:\/\/www.carpinteria-aluminio.cat\/ca\/wp-json\/wp\/v2\/types\/page"}],"author":[{"embeddable":true,"href":"https:\/\/www.carpinteria-aluminio.cat\/ca\/wp-json\/wp\/v2\/users\/1"}],"replies":[{"embeddable":true,"href":"https:\/\/www.carpinteria-aluminio.cat\/ca\/wp-json\/wp\/v2\/comments?post=6922"}],"version-history":[{"count":0,"href":"https:\/\/www.carpinteria-aluminio.cat\/ca\/wp-json\/wp\/v2\/pages\/6922\/revisions"}],"up":[{"embeddable":true,"href":"https:\/\/www.carpinteria-aluminio.cat\/ca\/wp-json\/wp\/v2\/pages\/6835"}],"wp:attachment":[{"href":"https:\/\/www.carpinteria-aluminio.cat\/ca\/wp-json\/wp\/v2\/media?parent=6922"}],"curies":[{"name":"wp","href":"https:\/\/api.w.org\/{rel}","templated":true}]}}