{"id":6928,"date":"2013-01-05T14:52:34","date_gmt":"2013-01-05T14:52:34","guid":{"rendered":"https:\/\/www.carpinteria-aluminio.cat\/formes-de-pagament\/"},"modified":"2021-05-04T07:21:57","modified_gmt":"2021-05-04T06:21:57","slug":"formes-de-pagament","status":"publish","type":"page","link":"https:\/\/www.carpinteria-aluminio.cat\/ca\/serveis\/formes-de-pagament\/","title":{"rendered":"Formes de pagament"},"content":{"rendered":"<p>La forma habitual de pagament en Fusteria d&#8217;Alumini Ponsico \u00e9s de: &#8211; 40% de l&#8217;import total en el moment d&#8217;acceptaci\u00f3 del pressupost. &#8211; L&#8217;import restant en finalitzar l&#8217;obra. Oferim la possibilitat de pagar de diferents c\u00f2modes formes de pagament: &#8211; Per transfer\u00e8ncia banc\u00e0ria. &#8211; Acceptem el pagament en xecs o talons. &#8211; Targeta de cr\u00e8dit (Visa, Mastercard, etc.)<\/p>\n<p>Consulteu amb nosaltres per altres facilitats de pagament.<\/p>\n","protected":false},"excerpt":{"rendered":"<p>La forma habitual de pagament en Fusteria d&#8217;Alumini Ponsico \u00e9s de: &#8211; 40% de l&#8217;import total en el moment d&#8217;acceptaci\u00f3 del pressupost. &#8211; L&#8217;import restant en<span class=\"excerpt-hellip\"> [\u2026]<\/span><\/p>\n","protected":false},"author":1,"featured_media":0,"parent":6835,"menu_order":0,"comment_status":"closed","ping_status":"open","template":"","meta":{"_joinchat":[],"footnotes":""},"class_list":["post-6928","page","type-page","status-publish","hentry"],"aioseo_notices":[],"_links":{"self":[{"href":"https:\/\/www.carpinteria-aluminio.cat\/ca\/wp-json\/wp\/v2\/pages\/6928","targetHints":{"allow":["GET"]}}],"collection":[{"href":"https:\/\/www.carpinteria-aluminio.cat\/ca\/wp-json\/wp\/v2\/pages"}],"about":[{"href":"https:\/\/www.carpinteria-aluminio.cat\/ca\/wp-json\/wp\/v2\/types\/page"}],"author":[{"embeddable":true,"href":"https:\/\/www.carpinteria-aluminio.cat\/ca\/wp-json\/wp\/v2\/users\/1"}],"replies":[{"embeddable":true,"href":"https:\/\/www.carpinteria-aluminio.cat\/ca\/wp-json\/wp\/v2\/comments?post=6928"}],"version-history":[{"count":1,"href":"https:\/\/www.carpinteria-aluminio.cat\/ca\/wp-json\/wp\/v2\/pages\/6928\/revisions"}],"predecessor-version":[{"id":26261,"href":"https:\/\/www.carpinteria-aluminio.cat\/ca\/wp-json\/wp\/v2\/pages\/6928\/revisions\/26261"}],"up":[{"embeddable":true,"href":"https:\/\/www.carpinteria-aluminio.cat\/ca\/wp-json\/wp\/v2\/pages\/6835"}],"wp:attachment":[{"href":"https:\/\/www.carpinteria-aluminio.cat\/ca\/wp-json\/wp\/v2\/media?parent=6928"}],"curies":[{"name":"wp","href":"https:\/\/api.w.org\/{rel}","templated":true}]}}