{"id":6931,"date":"2013-01-15T17:17:29","date_gmt":"2013-01-15T16:17:29","guid":{"rendered":"https:\/\/www.carpinteria-aluminio.cat\/fabricacio-venda-i-instal%c2%b7lacio-de-xapes-sostres-i-teulades-a-barcelona\/"},"modified":"2013-01-15T17:17:29","modified_gmt":"2013-01-15T16:17:29","slug":"fabricacio-venda-i-instal%c2%b7lacio-de-xapes-sostres-i-teulades-a-barcelona","status":"publish","type":"page","link":"https:\/\/www.carpinteria-aluminio.cat\/ca\/cataleg-de-productes-de-metal%c2%b7listeria-dalumini-ponsico\/fabricacio-venda-i-instal%c2%b7lacio-de-xapes-sostres-i-teulades-a-barcelona\/","title":{"rendered":"Fabricaci\u00f3, venda i instal\u00b7laci\u00f3 de xapes, sostres i teulades a Barcelona"},"content":{"rendered":"<div id=\"attachment_2623\" style=\"width: 896px\" class=\"wp-caption alignleft\"><a href=\"https:\/\/www.carpinteria-aluminio.cat\/wp-content\/uploads\/2013\/05\/20130522_161723_resized.jpg\" target=\"_blank\"><img loading=\"lazy\" decoding=\"async\" aria-describedby=\"caption-attachment-2623\" class=\"wp-image-2623  \" style=\"border: 0px; margin: 0px;\" title=\"Sostres i teulades de xapa a Barcelona\" src=\"https:\/\/www.carpinteria-aluminio.cat\/wp-content\/uploads\/2013\/05\/20130522_161723_resized-1024x768.jpg\" alt=\"Sostres i teulades de xapa a Barcelona\" width=\"886\" height=\"465\" \/><\/a><p id=\"caption-attachment-2623\" class=\"wp-caption-text\">Sostres i teulades de xapa a Barcelona<\/p><\/div>\n<div id=\"attachment_834\" style=\"width: 284px\" class=\"wp-caption alignleft\"><a href=\"https:\/\/www.carpinteria-aluminio.cat\/wp-content\/uploads\/2013\/01\/DSC01343.jpg\" target=\"_blank\"><img loading=\"lazy\" decoding=\"async\" aria-describedby=\"caption-attachment-834\" class=\" wp-image-834 \" style=\"margin: 0px; border: 0px;\" title=\"Sostre de policarbonat cel\u00b7lular en pati de llums a Barcelona\" src=\"https:\/\/www.carpinteria-aluminio.cat\/wp-content\/uploads\/2013\/01\/DSC01343-300x225.jpg\" alt=\"Sostre de policarbonat cel\u00b7lular en pati de llums a Barcelona\" width=\"274\" height=\"200\" \/><\/a><p id=\"caption-attachment-834\" class=\"wp-caption-text\">Sostre de policarbonat cel\u00b7lular en pati de llums<\/p><\/div>\n<div id=\"attachment_840\" style=\"width: 284px\" class=\"wp-caption alignleft\"><a href=\"https:\/\/www.carpinteria-aluminio.cat\/wp-content\/uploads\/2013\/01\/DSC01341.jpg\" target=\"_blank\"><img loading=\"lazy\" decoding=\"async\" aria-describedby=\"caption-attachment-840\" class=\" wp-image-840 \" style=\"margin: 0px; border: 0px;\" title=\"Sostre d'acer amb a\u00efllant t\u00e8rmic imitaci\u00f3 teula a Barcelona\" src=\"https:\/\/www.carpinteria-aluminio.cat\/wp-content\/uploads\/2013\/01\/DSC01341-300x225.jpg\" alt=\"Sostre d'acer amb a\u00efllant t\u00e8rmic imitaci\u00f3 teula a Barcelona\" width=\"274\" height=\"200\" \/><\/a><p id=\"caption-attachment-840\" class=\"wp-caption-text\">Sostre d&#8217;acer amb a\u00efllant t\u00e8rmic imitaci\u00f3 teula<\/p><\/div>\n<div id=\"attachment_519\" style=\"width: 284px\" class=\"wp-caption alignleft\"><a href=\"https:\/\/www.carpinteria-aluminio.cat\/wp-content\/uploads\/2013\/01\/IMG_0051.jpg\" target=\"_blank\"><img loading=\"lazy\" decoding=\"async\" aria-describedby=\"caption-attachment-519\" class=\" wp-image-519 \" style=\"margin: 0px; border: 0px;\" title=\"Mostra seccional de sostre d'acer amb a\u00efllant a Barcelona\" src=\"https:\/\/www.carpinteria-aluminio.cat\/wp-content\/uploads\/2013\/01\/IMG_0051-300x200.jpg\" alt=\"Mostra seccional de sostre d'acer amb a\u00efllant a Barcelona\" width=\"274\" height=\"200\" \/><\/a><p id=\"caption-attachment-519\" class=\"wp-caption-text\">Mostra seccional de sostre d&#8217;acer amb a\u00efllant<\/p><\/div>\n<div id=\"attachment_453\" style=\"width: 284px\" class=\"wp-caption alignleft\"><a href=\"https:\/\/www.carpinteria-aluminio.cat\/wp-content\/uploads\/2012\/12\/Techos-de-acero-4.jpg\" target=\"_blank\"><img loading=\"lazy\" decoding=\"async\" aria-describedby=\"caption-attachment-453\" class=\" wp-image-453 \" style=\"margin: 0px; border: 0px;\" title=\"Xapa d'acer tipus sandwich imitaci\u00f3 fusta a Barcelona\" src=\"https:\/\/www.carpinteria-aluminio.cat\/wp-content\/uploads\/2012\/12\/Techos-de-acero-4-300x200.jpg\" alt=\"Xapa d'acer tipus sandwich imitaci\u00f3 fusta a Barcelona\" width=\"274\" height=\"200\" \/><\/a><p id=\"caption-attachment-453\" class=\"wp-caption-text\">Xapa d&#8217;acer tipus sandwich imitaci\u00f3 fusta<\/p><\/div>\n<div id=\"attachment_456\" style=\"width: 284px\" class=\"wp-caption alignleft\"><a href=\"https:\/\/www.carpinteria-aluminio.cat\/wp-content\/uploads\/2012\/12\/Techos-de-aluminio-2.jpg\" target=\"_blank\"><img loading=\"lazy\" decoding=\"async\" aria-describedby=\"caption-attachment-456\" class=\" wp-image-456 \" style=\"margin: 0px; border: 0px;\" title=\"Mostra seccional de fals sostre d'alumini lacat blanc a Barcelona\" src=\"https:\/\/www.carpinteria-aluminio.cat\/wp-content\/uploads\/2012\/12\/Techos-de-aluminio-2-300x200.jpg\" alt=\"Mostra seccional de fals sostre d'alumini lacat blanc a Barcelona\" width=\"274\" height=\"200\" \/><\/a><p id=\"caption-attachment-456\" class=\"wp-caption-text\">Mostra seccional de fals sostre d&#8217;alumini lacat blanc<\/p><\/div>\n<div id=\"attachment_458\" style=\"width: 284px\" class=\"wp-caption alignleft\"><a href=\"https:\/\/www.carpinteria-aluminio.cat\/wp-content\/uploads\/2012\/12\/Techos-de-aluminio.jpg\" target=\"_blank\"><img loading=\"lazy\" decoding=\"async\" aria-describedby=\"caption-attachment-458\" class=\" wp-image-458 \" style=\"margin: 0px; border: 0px;\" title=\"Sostre d'alumini lacat blanc a Barcelona\" src=\"https:\/\/www.carpinteria-aluminio.cat\/wp-content\/uploads\/2012\/12\/Techos-de-aluminio-300x200.jpg\" alt=\"Sostre d'alumini lacat blanc a Barcelona\" width=\"274\" height=\"200\" \/><\/a><p id=\"caption-attachment-458\" class=\"wp-caption-text\">Sostre d&#8217;alumini lacat blanc<\/p><\/div>\n<p style=\"text-align: justify;\">Un bon a\u00efllament en un sostre d&#8217;un habitatge \u00e9s b\u00e0sic per mantenir les efici\u00e8ncies energ\u00e8tiques sota control.El mateix passa a falsos sostres o sostres de tancaments d\u00b4exterior.A la fusteria d&#8217;alumini Ponsico scp disposem d&#8217;una gran varietat de materials amb els quals construir el sostre d&#8217;un tancament, adaptant-nos tant a les condicions ambientals com a les necessitats de cada client.D\u00b4aquesta manera es pot aconseguir un sostre llumin\u00f3s, a\u00efllant, ac\u00fastic&#8230; segons el material empleat. Materials com l&#8217;alumini, acer, policarbonat cel \u00b7 lular, vidre, etc, ens ajuden a aconseguir l&#8217;efecte desitjat, posis en contacte amb nosaltres i l&#8217;assessorarem sense cap comprom\u00eds. Hi ha la possibilitat d&#8217;incloure claraboies als sostres cecs d&#8217;acer, per tal de poder obtenir llum natural, a m\u00e9s de poder netejar d&#8217;una manera m\u00e9s c\u00f2moda la teulada. Poden ser de diferents formes i obertures, adaptant-nos als sostres m\u00e9s dif\u00edcils.\u00a0Aqu\u00ed a la imatge inferior, els mostrem exemples de xapa sandvitx d&#8217;alumini, composta per dues xapes d&#8217;alumini de 0.8mm\/1mm de gruix cadascuna, i poliestir\u00e8 extru\u00eft a l&#8217;interior formant un bloc, el que ajuda a a\u00efllar m\u00e9s que una xapa simple, solen ser de 16mm totals, per\u00f2 es fabrica en diverses mesures. \u00c9s molt utilitzat en fusteria d&#8217;alumini per armaris, finestres o estructures on es vulgui bloquejar el pas de llum i alhora obtenir a\u00efllament t\u00e8rmic i ac\u00fastic. Tamb\u00e9 es poden fabricar falsos sostres d&#8217;interior, o sostres d&#8217;exterior amb aquest material, ja que atorga m\u00e9s rigidesa que el sostre d&#8217;alumini convencional, evitant aix\u00ed vibracions i sorolls. L&#8217;altra imatge inferior ens mostra un exemple de claraboia m\u00e9s utilitzada per sostres i teulades d&#8217;acer o d&#8217;alumini, amb obertura telesc\u00f2pica o manual per poder ventilar o accedir a la coberta per al seu manteniment o neteja<\/p>\n<div id=\"attachment_2137\" style=\"width: 310px\" class=\"wp-caption alignleft\"><a href=\"https:\/\/www.carpinteria-aluminio.cat\/wp-content\/uploads\/2013\/01\/20130319_114425_resized.jpg\" target=\"_blank\"><img loading=\"lazy\" decoding=\"async\" aria-describedby=\"caption-attachment-2137\" class=\"size-medium wp-image-2137  \" style=\"border: 2px solid black; margin: 1px;\" title=\"Xapa sandwich d'alumini\" src=\"https:\/\/www.carpinteria-aluminio.cat\/wp-content\/uploads\/2013\/01\/20130319_114425_resized-300x225.jpg\" alt=\"Xapa sandwich d'alumini\" width=\"300\" height=\"225\" srcset=\"https:\/\/www.carpinteria-aluminio.cat\/wp-content\/uploads\/2013\/01\/20130319_114425_resized-300x225.jpg 300w, https:\/\/www.carpinteria-aluminio.cat\/wp-content\/uploads\/2013\/01\/20130319_114425_resized-1024x768.jpg 1024w, https:\/\/www.carpinteria-aluminio.cat\/wp-content\/uploads\/2013\/01\/20130319_114425_resized-500x375.jpg 500w, https:\/\/www.carpinteria-aluminio.cat\/wp-content\/uploads\/2013\/01\/20130319_114425_resized.jpg 1632w\" sizes=\"auto, (max-width:767px) 300px, 300px\" \/><\/a><p id=\"caption-attachment-2137\" class=\"wp-caption-text\">Xapa sandwich d&#8217;alumini<\/p><\/div>\n<div id=\"attachment_2133\" style=\"width: 308px\" class=\"wp-caption alignright\"><a href=\"https:\/\/www.carpinteria-aluminio.cat\/wp-content\/uploads\/2013\/01\/claraboya1.jpg\" target=\"_blank\"><img loading=\"lazy\" decoding=\"async\" aria-describedby=\"caption-attachment-2133\" class=\"size-full wp-image-2133   \" style=\"border: 2px solid black; margin: 1px;\" title=\"Claraboia\" src=\"https:\/\/www.carpinteria-aluminio.cat\/wp-content\/uploads\/2013\/01\/claraboya1.jpg\" alt=\"Claraboia\" width=\"298\" height=\"224\" \/><\/a><p id=\"caption-attachment-2133\" class=\"wp-caption-text\">Claraboia<\/p><\/div>\n","protected":false},"excerpt":{"rendered":"<p>Un bon a\u00efllament en un sostre d&#8217;un habitatge \u00e9s b\u00e0sic per mantenir les efici\u00e8ncies energ\u00e8tiques sota control.El mateix passa a falsos sostres o sostres de tancaments<span class=\"excerpt-hellip\"> [\u2026]<\/span><\/p>\n","protected":false},"author":3,"featured_media":0,"parent":6838,"menu_order":0,"comment_status":"closed","ping_status":"closed","template":"template-fullwidth.php","meta":{"_joinchat":[],"footnotes":""},"class_list":["post-6931","page","type-page","status-publish","hentry"],"aioseo_notices":[],"_links":{"self":[{"href":"https:\/\/www.carpinteria-aluminio.cat\/ca\/wp-json\/wp\/v2\/pages\/6931","targetHints":{"allow":["GET"]}}],"collection":[{"href":"https:\/\/www.carpinteria-aluminio.cat\/ca\/wp-json\/wp\/v2\/pages"}],"about":[{"href":"https:\/\/www.carpinteria-aluminio.cat\/ca\/wp-json\/wp\/v2\/types\/page"}],"author":[{"embeddable":true,"href":"https:\/\/www.carpinteria-aluminio.cat\/ca\/wp-json\/wp\/v2\/users\/3"}],"replies":[{"embeddable":true,"href":"https:\/\/www.carpinteria-aluminio.cat\/ca\/wp-json\/wp\/v2\/comments?post=6931"}],"version-history":[{"count":0,"href":"https:\/\/www.carpinteria-aluminio.cat\/ca\/wp-json\/wp\/v2\/pages\/6931\/revisions"}],"up":[{"embeddable":true,"href":"https:\/\/www.carpinteria-aluminio.cat\/ca\/wp-json\/wp\/v2\/pages\/6838"}],"wp:attachment":[{"href":"https:\/\/www.carpinteria-aluminio.cat\/ca\/wp-json\/wp\/v2\/media?parent=6931"}],"curies":[{"name":"wp","href":"https:\/\/api.w.org\/{rel}","templated":true}]}}