{"id":6937,"date":"2013-01-21T22:31:41","date_gmt":"2013-01-21T22:31:41","guid":{"rendered":"https:\/\/www.carpinteria-aluminio.cat\/clients\/"},"modified":"2013-01-21T22:31:41","modified_gmt":"2013-01-21T22:31:41","slug":"clients","status":"publish","type":"page","link":"https:\/\/www.carpinteria-aluminio.cat\/ca\/la-nostra-empresa\/clients\/","title":{"rendered":"Clients"},"content":{"rendered":"<p style=\"text-align: justify;\">A la Metl\u00b7listeria d&#8217;Alumini Ponsico creiem que la confian\u00e7a dels nostres clients \u00e9s el nostre actiu m\u00e9s valu\u00f3s; des del comen\u00e7ament de la nostra activitat, la nostra principal forma de promoci\u00f3 ha estat el &#8220;boca a orella&#8221; entre els nostres familiars i clients i per aix\u00f2 volem posar-ho de manifest en aquesta nova via de comunicaci\u00f3 amb els nostres futurs clients.<\/p>\n<p style=\"text-align: justify;\">D&#8217;aquesta manera, ens agradaria que els nostres clients ens donessin la seva opini\u00f3 sobre la seva experi\u00e8ncia amb nosaltres per fer-la p\u00fablica en aquesta secci\u00f3.<\/p>\n<p style=\"text-align: justify;\">Si ens coneix, escrigui un comentari i rebr\u00e0 un petit obsequi d&#8217;agra\u00efment.<\/p>\n<p style=\"text-align: justify;\">Per preservar la privacitat dels nostres clients els comentaris es publicaran nom\u00e9s sota el nom de pila, sense incloure cognoms, tel\u00e8fon ni adre\u00e7a.<\/p>\n","protected":false},"excerpt":{"rendered":"<p>A la Metl\u00b7listeria d&#8217;Alumini Ponsico creiem que la confian\u00e7a dels nostres clients \u00e9s el nostre actiu m\u00e9s valu\u00f3s; des del comen\u00e7ament de la nostra activitat, la<span class=\"excerpt-hellip\"> [\u2026]<\/span><\/p>\n","protected":false},"author":3,"featured_media":0,"parent":6850,"menu_order":0,"comment_status":"open","ping_status":"open","template":"","meta":{"_joinchat":[],"footnotes":""},"class_list":["post-6937","page","type-page","status-publish","hentry"],"aioseo_notices":[],"_links":{"self":[{"href":"https:\/\/www.carpinteria-aluminio.cat\/ca\/wp-json\/wp\/v2\/pages\/6937","targetHints":{"allow":["GET"]}}],"collection":[{"href":"https:\/\/www.carpinteria-aluminio.cat\/ca\/wp-json\/wp\/v2\/pages"}],"about":[{"href":"https:\/\/www.carpinteria-aluminio.cat\/ca\/wp-json\/wp\/v2\/types\/page"}],"author":[{"embeddable":true,"href":"https:\/\/www.carpinteria-aluminio.cat\/ca\/wp-json\/wp\/v2\/users\/3"}],"replies":[{"embeddable":true,"href":"https:\/\/www.carpinteria-aluminio.cat\/ca\/wp-json\/wp\/v2\/comments?post=6937"}],"version-history":[{"count":0,"href":"https:\/\/www.carpinteria-aluminio.cat\/ca\/wp-json\/wp\/v2\/pages\/6937\/revisions"}],"up":[{"embeddable":true,"href":"https:\/\/www.carpinteria-aluminio.cat\/ca\/wp-json\/wp\/v2\/pages\/6850"}],"wp:attachment":[{"href":"https:\/\/www.carpinteria-aluminio.cat\/ca\/wp-json\/wp\/v2\/media?parent=6937"}],"curies":[{"name":"wp","href":"https:\/\/api.w.org\/{rel}","templated":true}]}}