{"id":6940,"date":"2013-02-28T18:42:23","date_gmt":"2013-02-28T17:42:23","guid":{"rendered":"https:\/\/www.carpinteria-aluminio.cat\/medi-ambient\/"},"modified":"2013-02-28T18:42:23","modified_gmt":"2013-02-28T17:42:23","slug":"medi-ambient","status":"publish","type":"page","link":"https:\/\/www.carpinteria-aluminio.cat\/ca\/informacio\/medi-ambient\/","title":{"rendered":"Medi ambient"},"content":{"rendered":"<div id=\"attachment_2221\" style=\"width: 284px\" class=\"wp-caption alignleft\"><a href=\"https:\/\/www.carpinteria-aluminio.cat\/wp-content\/uploads\/2013\/02\/20130322_124549_resized.jpg\" target=\"_blank\"><img loading=\"lazy\" decoding=\"async\" aria-describedby=\"caption-attachment-2221\" class=\" wp-image-2221 \" style=\"margin: 0px; border: 0px;\" title=\"Contenidor de reciclatge d'alumini\" src=\"https:\/\/www.carpinteria-aluminio.cat\/wp-content\/uploads\/2013\/02\/20130322_124549_resized-300x225.jpg\" alt=\"Contenidor de reciclatge d'alumini\" width=\"274\" height=\"200\" \/><\/a><p id=\"caption-attachment-2221\" class=\"wp-caption-text\">Contenidor de reciclatge d&#8217;alumini<\/p><\/div>\n<div id=\"attachment_1881\" style=\"width: 284px\" class=\"wp-caption alignleft\"><img loading=\"lazy\" decoding=\"async\" aria-describedby=\"caption-attachment-1881\" class=\" wp-image-1881 \" style=\"margin: 0px; border: 0px;\" title=\"Reciclado\" src=\"https:\/\/www.carpinteria-aluminio.cat\/wp-content\/uploads\/2013\/02\/2013-02-27-23-48-34-1287735894-1.jpeg\" alt=\"Reciclado\" width=\"274\" height=\"200\" \/><p id=\"caption-attachment-1881\" class=\"wp-caption-text\">Reciclado<\/p><\/div>\n<div id=\"attachment_2222\" style=\"width: 284px\" class=\"wp-caption alignleft\"><a href=\"https:\/\/www.carpinteria-aluminio.cat\/wp-content\/uploads\/2013\/02\/20130322_124708_resized.jpg\" target=\"_blank\"><img loading=\"lazy\" decoding=\"async\" aria-describedby=\"caption-attachment-2222\" class=\" wp-image-2222 \" style=\"margin: 0px; border: 0px;\" title=\"Contenidors de reciclatge de vidre\" src=\"https:\/\/www.carpinteria-aluminio.cat\/wp-content\/uploads\/2013\/02\/20130322_124708_resized-300x225.jpg\" alt=\"Contenidors de reciclatge de vidre\" width=\"274\" height=\"200\" \/><\/a><p id=\"caption-attachment-2222\" class=\"wp-caption-text\">Contenidors de reciclatge de vidre<\/p><\/div>\n<p style=\"text-align: justify;\"><span style=\"font-size: 13px;\">A PONSICO S.C.P. estem compromesos amb el medi ambient. Ens encarreguem de separar per reciclar personalment tot el material extret dels nostres treballs. Vidres, pl\u00e0stics, metalls, fusta &#8230; tot \u00e9s separat al Punt Verd per tal de, en primer lloc millorar el medi ambient, i en segon lloc desallotjar nostre mitj\u00e0 de transport per poder agilitzar el treball. Al taller, els escap\u00e7adures d&#8217;alumini restant despr\u00e9s de la fabricaci\u00f3, \u00e9s recollit per una empresa dedicada a aquesta finalitat, per al seu posterior reciclatge, que en un cert percentatge ser\u00e0 incl\u00f2s en el nou material acabat extrusionat i incorporat a les noves estructures mecanitzades. Una altra empresa a part, s&#8217;encarrega de la mateixa manera del vidre, reciclant elsretalls restants dels nostres talls de vidre.<\/span><\/p>\n","protected":false},"excerpt":{"rendered":"<p>A PONSICO S.C.P. estem compromesos amb el medi ambient. Ens encarreguem de separar per reciclar personalment tot el material extret dels nostres treballs. Vidres, pl\u00e0stics, metalls,<span class=\"excerpt-hellip\"> [\u2026]<\/span><\/p>\n","protected":false},"author":5,"featured_media":0,"parent":6880,"menu_order":4,"comment_status":"closed","ping_status":"closed","template":"template-fullwidth.php","meta":{"_joinchat":[],"footnotes":""},"class_list":["post-6940","page","type-page","status-publish","hentry"],"aioseo_notices":[],"_links":{"self":[{"href":"https:\/\/www.carpinteria-aluminio.cat\/ca\/wp-json\/wp\/v2\/pages\/6940","targetHints":{"allow":["GET"]}}],"collection":[{"href":"https:\/\/www.carpinteria-aluminio.cat\/ca\/wp-json\/wp\/v2\/pages"}],"about":[{"href":"https:\/\/www.carpinteria-aluminio.cat\/ca\/wp-json\/wp\/v2\/types\/page"}],"author":[{"embeddable":true,"href":"https:\/\/www.carpinteria-aluminio.cat\/ca\/wp-json\/wp\/v2\/users\/5"}],"replies":[{"embeddable":true,"href":"https:\/\/www.carpinteria-aluminio.cat\/ca\/wp-json\/wp\/v2\/comments?post=6940"}],"version-history":[{"count":0,"href":"https:\/\/www.carpinteria-aluminio.cat\/ca\/wp-json\/wp\/v2\/pages\/6940\/revisions"}],"up":[{"embeddable":true,"href":"https:\/\/www.carpinteria-aluminio.cat\/ca\/wp-json\/wp\/v2\/pages\/6880"}],"wp:attachment":[{"href":"https:\/\/www.carpinteria-aluminio.cat\/ca\/wp-json\/wp\/v2\/media?parent=6940"}],"curies":[{"name":"wp","href":"https:\/\/api.w.org\/{rel}","templated":true}]}}