{"id":56639,"date":"2019-09-04T08:14:38","date_gmt":"2019-09-04T07:14:38","guid":{"rendered":"https:\/\/www.carpinteria-aluminio.cat\/aviso-legal\/"},"modified":"2024-09-12T09:18:00","modified_gmt":"2024-09-12T08:18:00","slug":"aviso-legal","status":"publish","type":"page","link":"https:\/\/www.carpinteria-aluminio.cat\/de\/aviso-legal\/","title":{"rendered":"Rechtlicher Hinweis"},"content":{"rendered":"\n<p><strong>Version<\/strong>: Juli 2019<\/p>\n\n<p>Um Artikel 10 des Gesetzes 34\/2002 \u00fcber die Dienste der Informationsgesellschaft und den elektronischen Handel zu erf\u00fcllen, informieren wir die Benutzer \u00fcber unsere Daten:<\/p>\n\n<table class=\"wp-block-table\"><tbody><tr><td><strong>Anbieter:<\/strong><\/td><td>Rub\u00e9n Ponsico Cangueiro<\/td><\/tr><tr><td><strong>Eingetragener Firmensitz:  <\/strong><\/td><td>Calle Murcia n\u00ba29 08027, Barcelona<\/td><\/tr><tr><td><strong>NIF:  <\/strong><\/td><td>40994326T<\/td><\/tr><\/tbody><\/table>\n\n<p>Sie k\u00f6nnen uns auf einem der folgenden Wege kontaktieren:  <\/p>\n\n<p>Telefon: + 34 933513712<\/p>\n\n<p>E-Mail: ponsicoscp@hotmail.com<\/p>\n\n<p>Website: https:\/\/www.carpinteria-aluminio.cat\/<\/p>\n\n<p><strong>1.- ZIEL<\/strong><\/p>\n\n<p><strong>RUB\u00c9N PONSICO CANGUEIRO<\/strong>(im Folgenden auch<strong>&#8222;RPC<\/strong>&#8220; oder der<strong>&#8222;Provider<\/strong>&#8222;), als Verantwortlicher f\u00fcr die Website, stellt den Nutzern dieses Dokument zur Verf\u00fcgung, das die Nutzung der Website <a href=\"https:\/\/www.carpinteria-aluminio.cat\/de\/\">https:\/\/www.carpinteria-aluminio.cat\/ (<\/a>im Folgenden die<strong>&#8222;Website<\/strong>&#8222;) regelt, mit der wir die im Gesetz 34\/2002 \u00fcber die Dienste der Informationsgesellschaft und den elektronischen Handel (<strong>&#8222;LSSICE<\/strong>&#8220; oder<strong>&#8222;LSSI<\/strong>&#8222;) festgelegten Verpflichtungen erf\u00fcllen und alle Nutzer der Website \u00fcber die Nutzungsbedingungen der Website informieren m\u00f6chten.<\/p>\n\n<p>\u00dcber die Website <strong>erm\u00f6glicht RPC<\/strong>den Nutzern den Zugang zu und die Nutzung von verschiedenen Diensten und Inhalten im Zusammenhang mit der Aluminiumschreinerei, die \u00fcber die Website zur Verf\u00fcgung gestellt werden.<\/p>\n\n<p>Jede Person, die auf die Website zugreift, \u00fcbernimmt die Rolle des Benutzers (im Folgenden der<strong>&#8222;Benutzer<\/strong>&#8220; oder<strong>&#8222;Benutzer<\/strong>&#8222;) und akzeptiert vorbehaltlos jede einzelne der in diesem rechtlichen Hinweis enthaltenen Bestimmungen sowie alle anderen m\u00f6glicherweise anwendbaren gesetzlichen Bestimmungen.<\/p>\n\n<p>Als Benutzer m\u00fcssen Sie diese rechtlichen Hinweise jedes Mal, wenn Sie die Website betreten, sorgf\u00e4ltig lesen, da sie \u00c4nderungen unterliegen k\u00f6nnen, da der Provider sich das Recht vorbeh\u00e4lt, jede Art von Informationen, die auf der Website erscheinen, zu \u00e4ndern, ohne dass es eine Verpflichtung gibt, diese vorher anzuk\u00fcndigen oder die Benutzer \u00fcber diese Verpflichtungen zu informieren, wobei die Ver\u00f6ffentlichung auf der Website ausreichend ist.  <\/p>\n\n<p><strong>2. BEDINGUNGEN F\u00dcR DEN ZUGANG UND DIE NUTZUNG DER WEBSITE.<\/strong><\/p>\n\n<p><strong>2.1.\nCar\u00e1cter gratuito del acceso y uso de la Web. <\/strong><\/p>\n\n<p>Der Zugang zu und die Nutzung der Website ist f\u00fcr alle Nutzer kostenlos.  <\/p>\n\n<p><strong>2.2.\nVeracidad de la informaci\u00f3n. <\/strong><\/p>\n\n<p>Zu diesem Zweck garantiert der Nutzer die Echtheit der Daten, die er \u00fcber die Formulare im Internet \u00fcbermittelt.\nEs liegt in der Verantwortung des Nutzers, alle an <strong>RPC<\/strong>\u00fcbermittelten Informationen <strong>stets<\/strong>auf dem neuesten Stand zu halten, damit sie jederzeit seiner tats\u00e4chlichen Situation entsprechen.\nIn jedem Fall haftet der Nutzer allein f\u00fcr falsche oder ungenaue Angaben und f\u00fcr alle Sch\u00e4den, die dem Anbieter oder Dritten entstehen.  <\/p>\n\n<p><strong>2.3.\nMenores de edad. <\/strong><\/p>\n\n<p>Die Website richtet sich mit ihren Produkten und Dienstleistungen an Nutzer \u00fcber 18 Jahre.\nMinderj\u00e4hrige sind nicht berechtigt, unsere Produkte und Dienstleistungen zu nutzen und sollten uns daher keine pers\u00f6nlichen Daten \u00fcbermitteln.\nWir weisen Sie darauf hin, dass der Provider in einem solchen Fall nicht f\u00fcr m\u00f6gliche Folgen haftet, die sich aus der Nichtbeachtung des in dieser Klausel enthaltenen Hinweises ergeben k\u00f6nnen.    <\/p>\n\n<p><strong>2.4.\nObligaci\u00f3n de hacer un uso correcto de la Web. <\/strong><\/p>\n\n<p>Der Nutzer verpflichtet sich, die Website in \u00dcbereinstimmung mit dem Gesetz und den vorliegenden rechtlichen Hinweisen sowie der Moral und den guten Sitten zu nutzen.\nIn diesem Sinne unterl\u00e4sst es der Nutzer, die Website f\u00fcr unerlaubte oder verbotene Zwecke zu nutzen, die den Rechten und Interessen Dritter schaden, oder die in irgendeiner Weise die normale Nutzung der Computerausr\u00fcstung oder der Dokumente, Dateien und aller Arten von Inhalten, die in der Computerausr\u00fcstung des Providers gespeichert sind, besch\u00e4digen, unbrauchbar machen, \u00fcberlasten, verschlechtern oder behindern k\u00f6nnen. <\/p>\n\n<p><strong>3.- AUSSCHLUSS VON GARANTIEN UND HAFTUNG<\/strong><\/p>\n\n<p>Der Anbieter lehnt jede Haftung f\u00fcr die auf unserer Website ver\u00f6ffentlichten Informationen ab, sofern diese Informationen von einem externen Dritten manipuliert oder eingef\u00fchrt wurden.<\/p>\n\n<p>Diese Website wurde gepr\u00fcft und getestet, um sicherzustellen, dass sie korrekt funktioniert.\nIm Prinzip kann garantiert werden, dass sie 365 Tage im Jahr, 24 Stunden am Tag korrekt funktioniert.\nDer Provider schlie\u00dft jedoch nicht aus, dass bestimmte Programmierfehler auftreten k\u00f6nnen oder dass h\u00f6here Gewalt, Naturkatastrophen, Streiks oder \u00e4hnliche Umst\u00e4nde den Zugriff auf die Website unm\u00f6glich machen k\u00f6nnen.  <\/p>\n\n<p><strong>RPC<\/strong>\u00fcbernimmt <strong>keine<\/strong>Garantie und ist unter keinen Umst\u00e4nden verantwortlich f\u00fcr Sch\u00e4den jeglicher Art, die sich aus der mangelnden Verf\u00fcgbarkeit, der Wartung und dem effektiven Funktionieren der Website oder ihrer Dienste und Inhalte, dem Vorhandensein von Viren, b\u00f6sartigen oder sch\u00e4dlichen Programmen in den Inhalten, der unerlaubten, fahrl\u00e4ssigen, betr\u00fcgerischen oder gegen diese rechtlichen Hinweise versto\u00dfenden Nutzung oder der mangelnden Rechtm\u00e4\u00dfigkeit, Qualit\u00e4t, Zuverl\u00e4ssigkeit, N\u00fctzlichkeit und Verf\u00fcgbarkeit der von Dritten erbrachten und den Nutzern der Website zur Verf\u00fcgung gestellten Dienste ergeben k\u00f6nnen.<\/p>\n\n<p>Der Provider haftet in keinem Fall f\u00fcr Sch\u00e4den, die aus der illegalen oder unsachgem\u00e4\u00dfen Nutzung dieser Website entstehen.<\/p>\n\n<p><strong>4.- K\u00dcCHEN<\/strong><\/p>\n\n<p>Die Website des Providers kann Cookies (kleine Informationsdateien, die der Server an den Computer der Person sendet, die auf die Seite zugreift) verwenden, um bestimmte Funktionen auszuf\u00fchren, die f\u00fcr das korrekte Funktionieren und die Visualisierung der Website als wesentlich angesehen werden.  <\/p>\n\n<p>Weitere Informationen finden Sie in unserer <a href=\"https:\/\/www.carpinteria-aluminio.cat\/politica-de-cookies\/\">Cookie-Richtlinie<\/a>.<\/p>\n\n<p><strong>5.- LINKS<\/strong><\/p>\n\n<p><strong>RPC ist nicht<\/strong>f\u00fcr den Inhalt der Websites verantwortlich, auf die der Nutzer \u00fcber die im Web eingerichteten Links zugreifen kann, und erkl\u00e4rt, dass sie unter keinen Umst\u00e4nden den Inhalt anderer Websites pr\u00fcft oder in irgendeiner Weise kontrolliert.\nEbenso wenig garantiert sie die technische Verf\u00fcgbarkeit, Genauigkeit, Wahrhaftigkeit, G\u00fcltigkeit oder Rechtm\u00e4\u00dfigkeit von Websites, die nicht in ihrem Besitz sind und auf die \u00fcber die Links zugegriffen werden kann.   <\/p>\n\n<p><strong>6.- SCHUTZ PERSONENBEZOGENER DATEN<\/strong><\/p>\n\n<p>Der Provider verpflichtet sich zur Einhaltung der Vorschriften zum Schutz personenbezogener Daten und garantiert die vollst\u00e4ndige Einhaltung der Verpflichtungen sowie die Umsetzung der Sicherheitsma\u00dfnahmen, die in der Europ\u00e4ischen Datenschutzverordnung und den spanischen Datenschutzbestimmungen festgelegt sind.\nWeitere Informationen finden Sie in unserer <a href=\"https:\/\/www.carpinteria-aluminio.cat\/politica-de-privacidad\/\">Datenschutzrichtlinie<\/a><a>.<\/a> <\/p>\n\n<p><strong>7.- SOZIALE NETZWERKE<\/strong><\/p>\n\n<p>Wir informieren Sie dar\u00fcber, dass <strong>RPC<\/strong>in sozialen Netzwerken pr\u00e4sent sein <strong>kann<\/strong>.\nDie Verarbeitung der Daten, die der Nutzer in diesen Netzwerken angibt (indem er Anh\u00e4nger des Anbieters in den sozialen Netzwerken wird und\/oder eine Verkn\u00fcpfung oder Verbindung \u00fcber diese Netzwerke herstellt), unterliegt den Bestimmungen dieses Abschnitts sowie den Nutzungsbedingungen, Datenschutzrichtlinien und Zugangs- und Nutzungsbestimmungen der betreffenden sozialen Netzwerke, die der Nutzer zuvor akzeptiert hat. \n<strong>RPC verarbeitet<\/strong>Ihre Daten, um Sie \u00fcber die Produkte und Dienstleistungen im Bereich der Aluminiumschreinerei zu informieren, die der Anbieter \u00fcber diese sozialen Netzwerke anbietet, sowie f\u00fcr jeden anderen Zweck, den die Vorschriften der sozialen Netzwerke zulassen, ist aber nicht f\u00fcr deren Datenschutzrichtlinien verantwortlich.  <\/p>\n\n<p>Die Ver\u00f6ffentlichung von Inhalten ist verboten:<\/p>\n\n<p>&#8211; Ihnen wird vorgeworfen, nach nationalem, gemeinschaftlichem oder internationalem Recht rechtswidrig zu handeln oder T\u00e4tigkeiten auszu\u00fcben, von denen behauptet wird, dass sie rechtswidrig sind oder gegen die Grunds\u00e4tze von Treu und Glauben versto\u00dfen.<\/p>\n\n<p>&#8211; die die Grundrechte von Personen verletzen, die es an H\u00f6flichkeit im Internet mangeln lassen, die unsere Benutzer oder Dritte ver\u00e4rgern oder negative Meinungen hervorrufen k\u00f6nnten, sowie allgemein alle Inhalte, die <strong>RPC f\u00fcr<\/strong>unangemessen <strong>h\u00e4lt<\/strong>.<\/p>\n\n<p>&#8211; Und ganz allgemein gegen die Grunds\u00e4tze der Legalit\u00e4t, der Ehrlichkeit, der Verantwortung, des Schutzes der Menschenw\u00fcrde, des Schutzes von Minderj\u00e4hrigen, des Schutzes der \u00f6ffentlichen Ordnung, des Schutzes der Privatsph\u00e4re, des Verbraucherschutzes und der Rechte am geistigen und gewerblichen Eigentum versto\u00dfen.<\/p>\n\n<p>Ebenso beh\u00e4lt sich <strong>RPC<\/strong>das Recht vor, Inhalte, die als unangemessen erachtet werden, ohne vorherige Ank\u00fcndigung von der Website oder dem sozialen Netzwerk des Unternehmens zu entfernen.<\/p>\n\n<p><strong>8. GEISTIGES UND GEWERBLICHES EIGENTUM<\/strong><\/p>\n\n<p>Die Website, einschlie\u00dflich, aber nicht beschr\u00e4nkt auf die Programmierung, Bearbeitung, Zusammenstellung und andere f\u00fcr den Betrieb notwendige Elemente, Designs, Logos, Texte, Fotos und\/oder Grafiken sind Eigentum des Providers oder verf\u00fcgen, falls erforderlich, \u00fcber die ausdr\u00fcckliche Lizenz oder Genehmigung der Urheber.\nDer gesamte Inhalt der Website ist durch die Bestimmungen zum geistigen und gewerblichen Eigentum ordnungsgem\u00e4\u00df gesch\u00fctzt. <\/p>\n\n<p>Unabh\u00e4ngig von dem Zweck, f\u00fcr den sie bestimmt sind, bed\u00fcrfen die vollst\u00e4ndige oder teilweise Vervielf\u00e4ltigung, Nutzung, Verbreitung und \u00f6ffentliche Wiedergabe der vorherigen schriftlichen Genehmigung des Anbieters.\nJede Nutzung, die nicht zuvor vom Anbieter genehmigt wurde, wird als schwerwiegende Verletzung der geistigen oder gewerblichen Eigentumsrechte des Urhebers angesehen. <\/p>\n\n<p>Die Designs, Logos, Texte und\/oder Grafiken, die nicht dem Provider geh\u00f6ren und die auf der Website erscheinen k\u00f6nnen, geh\u00f6ren ihren jeweiligen Eigent\u00fcmern, die f\u00fcr eventuelle Streitigkeiten in Bezug auf diese verantwortlich sind.\nIn jedem Fall muss der Provider die ausdr\u00fcckliche vorherige Genehmigung der Eigent\u00fcmer einholen. <\/p>\n\n<p>Wenn Sie sich zu m\u00f6glichen Verletzungen von Rechten an geistigem oder gewerblichem Eigentum sowie zu den Inhalten der Website \u00e4u\u00dfern m\u00f6chten, k\u00f6nnen Sie dies per E-Mail an die oben genannte E-Mail-Adresse tun.<\/p>\n\n<p><strong>9.- ANWENDBARES RECHT UND GERICHTSBARKEIT<\/strong><\/p>\n\n<p>F\u00fcr die Beilegung von Streitigkeiten oder Fragen im Zusammenhang mit dieser Website oder den auf ihr durchgef\u00fchrten Aktivit\u00e4ten gilt die spanische Gesetzgebung, der sich die Parteien ausdr\u00fccklich unterwerfen, und die Gerichte von Barcelona sind f\u00fcr die Beilegung aller Streitigkeiten zust\u00e4ndig, die sich aus der Nutzung dieser Website ergeben oder damit zusammenh\u00e4ngen.<\/p>\n\n<hr class=\"wp-block-separator\"\/>\n\n<p><\/p>\n\n<p><\/p>\n","protected":false},"excerpt":{"rendered":"<p>Version: Juli 2019 Um Artikel 10 des Gesetzes 34\/2002 \u00fcber die Dienste der Informationsgesellschaft und den elektronischen Handel zu erf\u00fcllen, informieren wir die Benutzer \u00fcber unsere<span class=\"excerpt-hellip\"> [\u2026]<\/span><\/p>\n","protected":false},"author":5,"featured_media":0,"parent":0,"menu_order":0,"comment_status":"closed","ping_status":"closed","template":"","meta":{"_joinchat":[],"footnotes":""},"class_list":["post-56639","page","type-page","status-publish","hentry"],"aioseo_notices":[],"_links":{"self":[{"href":"https:\/\/www.carpinteria-aluminio.cat\/de\/wp-json\/wp\/v2\/pages\/56639","targetHints":{"allow":["GET"]}}],"collection":[{"href":"https:\/\/www.carpinteria-aluminio.cat\/de\/wp-json\/wp\/v2\/pages"}],"about":[{"href":"https:\/\/www.carpinteria-aluminio.cat\/de\/wp-json\/wp\/v2\/types\/page"}],"author":[{"embeddable":true,"href":"https:\/\/www.carpinteria-aluminio.cat\/de\/wp-json\/wp\/v2\/users\/5"}],"replies":[{"embeddable":true,"href":"https:\/\/www.carpinteria-aluminio.cat\/de\/wp-json\/wp\/v2\/comments?post=56639"}],"version-history":[{"count":2,"href":"https:\/\/www.carpinteria-aluminio.cat\/de\/wp-json\/wp\/v2\/pages\/56639\/revisions"}],"predecessor-version":[{"id":56717,"href":"https:\/\/www.carpinteria-aluminio.cat\/de\/wp-json\/wp\/v2\/pages\/56639\/revisions\/56717"}],"wp:attachment":[{"href":"https:\/\/www.carpinteria-aluminio.cat\/de\/wp-json\/wp\/v2\/media?parent=56639"}],"curies":[{"name":"wp","href":"https:\/\/api.w.org\/{rel}","templated":true}]}}