{"id":56660,"date":"2024-09-12T09:17:55","date_gmt":"2024-09-12T08:17:55","guid":{"rendered":"https:\/\/www.carpinteria-aluminio.cat\/geschichte\/"},"modified":"2025-06-01T09:41:08","modified_gmt":"2025-06-01T08:41:08","slug":"geschichte","status":"publish","type":"page","link":"https:\/\/www.carpinteria-aluminio.cat\/de\/geschichte\/","title":{"rendered":"Geschichte"},"content":{"rendered":"<div id=\"attachment_2096\" style=\"width: 510px\" class=\"wp-caption alignright\"><a href=\"https:\/\/www.carpinteria-aluminio.cat\/wp-content\/uploads\/2013\/01\/IMG_2116_resized.jpg\" target=\"_blank\" rel=\"noopener\"><img loading=\"lazy\" decoding=\"async\" aria-describedby=\"caption-attachment-2096\" class=\"wp-image-2096 \" style=\"border: 2px solid black; margin: 1px;\" title=\"Alte Bohrer\" src=\"https:\/\/www.carpinteria-aluminio.cat\/wp-content\/uploads\/2013\/01\/IMG_2116_resized-1024x682.jpg\" alt=\"Alte Bohrer\" width=\"500\" height=\"300\" \/><\/a><p id=\"caption-attachment-2096\" class=\"wp-caption-text\">Alte Bohrer<\/p><\/div>\n<p data-start=\"0\" data-end=\"521\">Die Geschichte von <strong data-start=\"19\" data-end=\"54\">Carpinter\u00eda de Aluminio Ponsico<\/strong> beginnt im Jahr <strong data-start=\"71\" data-end=\"79\">1971<\/strong>, als <strong data-start=\"85\" data-end=\"106\">Francisco Ponsico<\/strong> sein Diplom mit Auszeichnung von der <strong data-start=\"144\" data-end=\"161\">Metall-Innung<\/strong> an der <strong data-start=\"169\" data-end=\"203\">Escola Industrial in Barcelona<\/strong> erh\u00e4lt. Von diesem Moment an beginnt er, erste Arbeiten f\u00fcr Freunde und Familie auszuf\u00fchren \u2013 eine Kombination aus Ausbildung, Berufung und technischem K\u00f6nnen. Diese Phase markiert den Beginn einer beruflichen Laufbahn, die von Anfang an mit dem Metallsektor und qualitativ hochwertiger Handwerksarbeit verbunden ist.<\/p>\n<p data-start=\"523\" data-end=\"993\" data-is-last-node=\"\" data-is-only-node=\"\">Im Jahr <strong data-start=\"531\" data-end=\"539\">1975<\/strong> steigt Francisco Ponsico in die Welt der <strong data-start=\"581\" data-end=\"604\">Aluminiumtischlerei<\/strong> ein. Dabei verbindet er seine T\u00e4tigkeit in der <strong data-start=\"652\" data-end=\"688\">Industriemontage bei Claved S.A.<\/strong> mit der Zusammenarbeit einiger Freunde aus der Baubranche. Gemeinsam mit seinem Schwager <strong data-start=\"778\" data-end=\"796\">Jos\u00e9 Cangueiro<\/strong> und mit der unverzichtbaren Unterst\u00fctzung seiner Ehefrau <strong data-start=\"854\" data-end=\"874\">Teresa Cangueiro<\/strong> richtet er sich \u201einoffiziell\u201c in einem Ladenlokal in der <strong data-start=\"932\" data-end=\"952\">Carrer Ind\u00fastria<\/strong> im <strong data-start=\"956\" data-end=\"988\">Barceloneser Stadtteil Navas<\/strong> ein.<\/p>\n<p style=\"text-align: justify;\"><strong>1983<\/strong> begann Franciso sein unternehmerisches Abenteuer zusammen mit seinem Schwager Jos\u00e9 Cangueiro und der unentbehrlichen Mitarbeit seiner Frau Teresa Canguerio, indem er sich &#8222;informell&#8220; in R\u00e4umlichkeiten in der Stra\u00dfe <strong>Industria<\/strong> im Stadtteil Navas in Barcelona niederlie\u00df.<\/p>\n<p style=\"text-align: justify;\"><strong>1984<\/strong> gr\u00fcndete Francisco zusammen mit seinem Freund Jos\u00e9 Ca\u00f1as offiziell eine kleine Aluminiumschreinerei im gleichen Viertel von Navas in Barcelona, an der Kreuzung der Stra\u00dfen Felipe II und <strong>Palencia<\/strong>, unter dem Namen <strong>RUSERLI<\/strong>, als Hommage an seine damals einzigen Kinder (Ruben, Sergio und L\u00eddia).<\/p>\n<p style=\"text-align: justify;\">Im Jahr <strong>1986<\/strong> verlie\u00df Jos\u00e9 Ca\u00f1as das Unternehmen, Francisco schloss sich mit Jos\u00e9 Fernandez zusammen, der Hauptsitz wurde in die Avenida <strong>Meridiana<\/strong> im selben Viertel verlegt und das Unternehmen \u00e4nderte seinen Namen in den heutigen Namen <strong>Carpinter\u00eda de Aluminio Ponsico.<\/strong><\/p>\n<p style=\"text-align: justify;\">Im <strong>Jahr 1987<\/strong> zog der Hauptsitz in die Calle <strong>Murcia 29<\/strong> im selben Viertel um, wo sich heute der Ausstellungsraum und das B\u00fcro befinden.<\/p>\n<p style=\"text-align: justify;\"><strong>1988<\/strong> verlie\u00df Jos\u00e9 Fernandez aus pers\u00f6nlichen Gr\u00fcnden das Unternehmen und <strong>Teresa Canguerio<\/strong> trat offiziell als Partnerin in das Unternehmen ein. Sie verband die Betreuung ihrer drei Kinder (im Alter von 2, 8 und 10 Jahren) mit Aufgaben in den Bereichen Management, Verwaltung, Buchhaltung und Kundenbetreuung.<\/p>\n<p style=\"text-align: justify;\">In den <strong>90er Jahren<\/strong> erreichte das Unternehmen seinen <strong>H\u00f6hepunkt<\/strong> und besch\u00e4ftigte bis zu 8 Mitarbeiter. Es setzte auf handwerkliches K\u00f6nnen und Teamarbeit, pers\u00f6nliche Betreuung des einzelnen Kunden und verzichtete auf gro\u00dfe Konstruktionen (die trotz des hohen Reingewinns ein gro\u00dfes Risiko mit sich bringen) oder Werbekampagnen jenseits der &#8222;Mundpropaganda&#8220; unter unseren Verwandten und Kunden.<\/p>\n<p style=\"text-align: justify;\">In der ersten Dekade des<strong> 21. Jahrhunderts<\/strong>, als <strong>Rub\u00e9n Ponsico<\/strong> (der \u00e4lteste Sohn von Francisco und Teresa) die Firma hauptberuflich \u00fcbernahm, zog die Bearbeitungswerkstatt in die Calle <strong>Murcia 33<\/strong> um und vergr\u00f6\u00dferte sowohl die Bearbeitungs- und Lagerkapazit\u00e4t als auch die Quadratmeterzahl des Ausstellungsraums (Murcia 29), so dass wir unseren Kunden einen besseren Service und wettbewerbsf\u00e4higere Preise bieten konnten.<\/p>\n<p style=\"text-align: justify;\">In dieser ersten H\u00e4lfte des Jahrzehnts der <strong>10er Jahre<\/strong>, bedingt durch die Wirtschaftskrise, beschloss die Carpinter\u00eda de Aluminio Ponsico, einen Sprung nach vorne zu machen und sich den <strong>neuen Technologien<\/strong> anzuschlie\u00dfen, indem sie diese <strong>Website<\/strong>, Konten auf <strong>Facebook<\/strong>, <strong>Twitter<\/strong> und <strong>LinkedIn<\/strong> einrichtete, mit der Absicht, neue Kunden zu treffen und ihnen einen besseren Service zu bieten (Pr\u00e4sentation unserer Produkte und Dienstleistungen) und neue <strong>technologische Fortschritte<\/strong> in der Branche einzubeziehen, wie z.B. <strong>neue Materialien<\/strong> (W\u00e4rmed\u00e4mmung, Akustik und Beleuchtung) oder <strong>Automatisierung<\/strong> (Motoren, Licht- und Windsensoren, Fern- und Online-Steuerungen &#8230;).<\/p>\n<p><!--more--><\/p>\n","protected":false},"excerpt":{"rendered":"<p>Die Geschichte von Carpinter\u00eda de Aluminio Ponsico beginnt im Jahr 1971, als Francisco Ponsico sein Diplom mit Auszeichnung von der Metall-Innung an der Escola Industrial in<span class=\"excerpt-hellip\"> [\u2026]<\/span><\/p>\n","protected":false},"author":1,"featured_media":0,"parent":0,"menu_order":0,"comment_status":"closed","ping_status":"open","template":"","meta":{"_joinchat":[],"footnotes":""},"class_list":["post-56660","page","type-page","status-publish","hentry"],"aioseo_notices":[],"_links":{"self":[{"href":"https:\/\/www.carpinteria-aluminio.cat\/de\/wp-json\/wp\/v2\/pages\/56660","targetHints":{"allow":["GET"]}}],"collection":[{"href":"https:\/\/www.carpinteria-aluminio.cat\/de\/wp-json\/wp\/v2\/pages"}],"about":[{"href":"https:\/\/www.carpinteria-aluminio.cat\/de\/wp-json\/wp\/v2\/types\/page"}],"author":[{"embeddable":true,"href":"https:\/\/www.carpinteria-aluminio.cat\/de\/wp-json\/wp\/v2\/users\/1"}],"replies":[{"embeddable":true,"href":"https:\/\/www.carpinteria-aluminio.cat\/de\/wp-json\/wp\/v2\/comments?post=56660"}],"version-history":[{"count":3,"href":"https:\/\/www.carpinteria-aluminio.cat\/de\/wp-json\/wp\/v2\/pages\/56660\/revisions"}],"predecessor-version":[{"id":67371,"href":"https:\/\/www.carpinteria-aluminio.cat\/de\/wp-json\/wp\/v2\/pages\/56660\/revisions\/67371"}],"wp:attachment":[{"href":"https:\/\/www.carpinteria-aluminio.cat\/de\/wp-json\/wp\/v2\/media?parent=56660"}],"curies":[{"name":"wp","href":"https:\/\/api.w.org\/{rel}","templated":true}]}}