{"id":52139,"date":"2024-06-05T11:47:19","date_gmt":"2024-06-05T10:47:19","guid":{"rendered":"https:\/\/www.carpinteria-aluminio.cat\/?page_id=52139"},"modified":"2024-06-07T03:24:38","modified_gmt":"2024-06-07T02:24:38","slug":"moustiquaires-a-vendre-barcelone","status":"publish","type":"page","link":"https:\/\/www.carpinteria-aluminio.cat\/fr\/catalogue-de-produits-de-menuiserie-en-aluminium-ponsico\/moustiquaires-a-vendre-barcelone\/","title":{"rendered":"Fabrication, vente et installation de moustiquaires en aluminium \u00e0 Barcelone"},"content":{"rendered":"<div id=\"attachment_813\" style=\"width: 896px\" class=\"wp-caption alignleft\"><a href=\"https:\/\/www.carpinteria-aluminio.cat\/wp-content\/uploads\/2012\/08\/mosquitera.jpg\"><img loading=\"lazy\" decoding=\"async\" aria-describedby=\"caption-attachment-813\" class=\" wp-image-813\" style=\"border: 0px; margin: 0px;\" title=\"Moustiquaires en aluminium \u00e0 Barcelone\" src=\"https:\/\/www.carpinteria-aluminio.cat\/wp-content\/uploads\/2012\/08\/mosquitera.jpg\" alt=\"Moustiquaires en aluminium \u00e0 Barcelone\" width=\"886\" height=\"330\" \/><\/a><p id=\"caption-attachment-813\" class=\"wp-caption-text\">Moustiquaires en aluminium \u00e0 Barcelone<\/p><\/div>\n<div id=\"attachment_1624\" style=\"width: 284px\" class=\"wp-caption alignleft\"><a href=\"https:\/\/www.carpinteria-aluminio.cat\/wp-content\/uploads\/2012\/08\/IMG_1497_resized.jpg\" target=\"_blank\" rel=\"noopener\"><img loading=\"lazy\" decoding=\"async\" aria-describedby=\"caption-attachment-1624\" class=\" wp-image-1624\" style=\"margin: 0px; border: 0px;\" title=\"Moustiquaire enroulable r\u00e9tract\u00e9e\" src=\"https:\/\/www.carpinteria-aluminio.cat\/wp-content\/uploads\/2012\/08\/IMG_1497_resized-300x200.jpg\" alt=\"Moustiquaire enroulable r\u00e9tract\u00e9e\" width=\"274\" height=\"200\" \/><\/a><p id=\"caption-attachment-1624\" class=\"wp-caption-text\">Moustiquaire enroulable r\u00e9tract\u00e9e<\/p><\/div>\n<div id=\"attachment_3489\" style=\"width: 284px\" class=\"wp-caption alignleft\"><a href=\"https:\/\/www.carpinteria-aluminio.cat\/wp-content\/uploads\/2013\/11\/20131024_130509_resized.jpg\" target=\"_blank\" rel=\"noopener\"><img loading=\"lazy\" decoding=\"async\" aria-describedby=\"caption-attachment-3489\" class=\" wp-image-3489\" style=\"border: 0px; margin: 0px;\" title=\"Moustiquaire pliss\u00e9e \u00e0 deux battants\" src=\"https:\/\/www.carpinteria-aluminio.cat\/wp-content\/uploads\/2013\/11\/20131024_130509_resized-300x225.jpg\" alt=\"Moustiquaire pliss\u00e9e \u00e0 deux battants\" width=\"274\" height=\"200\" \/><\/a><p id=\"caption-attachment-3489\" class=\"wp-caption-text\">Moustiquaire pliss\u00e9e \u00e0 deux battants<\/p><\/div>\n<div id=\"attachment_3494\" style=\"width: 284px\" class=\"wp-caption alignleft\"><a href=\"https:\/\/www.carpinteria-aluminio.cat\/wp-content\/uploads\/2013\/11\/20131024_130210_resized.jpg\" target=\"_blank\" rel=\"noopener\"><img loading=\"lazy\" decoding=\"async\" aria-describedby=\"caption-attachment-3494\" class=\" wp-image-3494\" style=\"border: 0px; margin: 0px;\" title=\"Moustiquaire enroulable d\u00e9ploy\u00e9e\" src=\"https:\/\/www.carpinteria-aluminio.cat\/wp-content\/uploads\/2013\/11\/20131024_130210_resized-300x225.jpg\" alt=\"Moustiquaire enroulable d\u00e9ploy\u00e9e\" width=\"274\" height=\"200\" \/><\/a><p id=\"caption-attachment-3494\" class=\"wp-caption-text\">Moustiquaire enroulable d\u00e9ploy\u00e9e<\/p><\/div>\n<p style=\"text-align: justify;\">La moustiquaire est un produit \u00e9conomique et tr\u00e8s fonctionnel. Fabriqu\u00e9e avec de l&rsquo;aluminium sur son contour et une maille de type PVC tr\u00e8s r\u00e9sistante, nous \u00e9viterons l&rsquo;entr\u00e9e d&rsquo;insectes lors des chaudes nuits d&rsquo;\u00e9t\u00e9 dans notre maison, nous procurant ainsi tranquillit\u00e9 et qualit\u00e9 de vie. Chez PONSICO S.C.P., nous fabriquons certains mod\u00e8les tels que les moustiquaires fixes, adapt\u00e9es aux endroits o\u00f9 le passage n&rsquo;est pas n\u00e9cessaire, bien que nous recommandions les moustiquaires enroulables, actionn\u00e9es verticalement par un ressort, elles sont simples d&rsquo;utilisation et une fois r\u00e9tract\u00e9es d&rsquo;un simple \u00ab\u00a0clic\u00a0\u00bb, nous disposons de tout l&rsquo;espace n\u00e9cessaire. Les moustiquaires pliss\u00e9es offrent \u00e9galement une grande qualit\u00e9 et durabilit\u00e9, \u00e9tant un syst\u00e8me similaire aux moustiquaires enroulables mais dans ce cas-ci, l&rsquo;actionnement est horizontal, ce qui les rend tr\u00e8s utiles pour les passages tels que les portes ou les balcons. Les <a href=\"https:\/\/www.carpinteria-aluminio.cat\/servicios\/acabados-carpinteria-aluminio-barcelona\/\" target=\"_blank\" rel=\"noopener\">finitions <\/a>disponibles sont les m\u00eames que celles pouvant \u00eatre appliqu\u00e9es \u00e0 l&rsquo;aluminium, car le cadre est fabriqu\u00e9 avec ce m\u00e9tal. <a href=\"https:\/\/www.carpinteria-aluminio.cat\/contacto\/\" target=\"_blank\" rel=\"noopener\">Consultez <\/a>gratuitement les prix, devis gratuits.<\/p>\n<p style=\"text-align: justify;\">Les options que nous proposons \u00e0 nos clients sont :<\/p>\n<div id=\"attachment_1625\" style=\"width: 190px\" class=\"wp-caption alignright\"><a href=\"https:\/\/www.carpinteria-aluminio.cat\/wp-content\/uploads\/2012\/08\/IMG_1502_resized.jpg\" target=\"_blank\" rel=\"noopener\"><img loading=\"lazy\" decoding=\"async\" aria-describedby=\"caption-attachment-1625\" class=\" wp-image-1625\" style=\"border: 0px; margin: 0px;\" title=\"Moustiquaire enroulable argent\u00e9e\" src=\"https:\/\/www.carpinteria-aluminio.cat\/wp-content\/uploads\/2012\/08\/IMG_1502_resized-150x150.jpg\" alt=\"Moustiquaire enroulable argent\u00e9e\" width=\"180\" height=\"180\" \/><\/a><p id=\"caption-attachment-1625\" class=\"wp-caption-text\">Moustiquaire enroulable argent\u00e9e<\/p><\/div>\n<p style=\"text-align: left;\"><strong>1. \u00a0 \u00a0Moustiquaire Enroulable :<\/strong><\/p>\n<p style=\"text-align: justify;\">Moustiquaire tr\u00e8s appropri\u00e9e pour les fen\u00eatres o\u00f9 \u00e0 un moment donn\u00e9, l&rsquo;espace pour le passage des personnes ou des objets peut \u00eatre n\u00e9cessaire. Elles sont compos\u00e9es d&rsquo;un coffret sup\u00e9rieur de 5 x 5 centim\u00e8tres, qui int\u00e8gre un ressort et d&rsquo;o\u00f9 descend la maille par des guides jusqu&rsquo;\u00e0 la partie inf\u00e9rieure o\u00f9 elle sera fix\u00e9e \u00e0 des pi\u00e8ces inf\u00e9rieures.<\/p>\n<p><strong>2. \u00a0 \u00a0Moustiquaire Fixe :<\/strong><\/p>\n<p style=\"text-align: justify;\">Type de moustiquaire qui reste fix\u00e9e par des agrafes coll\u00e9es au mur au pr\u00e9alable, elle peut \u00eatre retir\u00e9e mais ce n&rsquo;est pas recommand\u00e9, les joints en feutre emp\u00eachent l&rsquo;entr\u00e9e d&rsquo;insectes \u00e0 l&rsquo;int\u00e9rieur de la maison.<\/p>\n<p style=\"text-align: justify;\"><strong>3. \u00a0 \u00a0Moustiquaire Coulissante :<\/strong><\/p>\n<p style=\"text-align: justify;\">Moustiquaire qui est int\u00e9gr\u00e9e dans le rail int\u00e9rieur d&rsquo;une porte ou d&rsquo;une fen\u00eatre coulissante en aluminium pr\u00e9alablement install\u00e9e, glissant comme une porte ordinaire. Elles sont tr\u00e8s pratiques car elles peuvent \u00eatre facilement d\u00e9mont\u00e9es pour le nettoyage, bien qu&rsquo;elles ne soient pas aussi solides que les autres.<\/p>\n<div id=\"attachment_3492\" style=\"width: 190px\" class=\"wp-caption alignleft\"><a href=\"https:\/\/www.carpinteria-aluminio.cat\/wp-content\/uploads\/2013\/11\/20131024_130524_resized.jpg\" target=\"_blank\" rel=\"noopener\"><img loading=\"lazy\" decoding=\"async\" aria-describedby=\"caption-attachment-3492\" class=\" wp-image-3492\" style=\"border: 0px; margin: 0px;\" title=\"Moustiquaire pliss\u00e9e \u00e0 deux battants\" src=\"https:\/\/www.carpinteria-aluminio.cat\/wp-content\/uploads\/2013\/11\/20131024_130524_resized-150x150.jpg\" alt=\"Moustiquaire pliss\u00e9e \u00e0 deux battants\" width=\"180\" height=\"180\" \/><\/a><p id=\"caption-attachment-3492\" class=\"wp-caption-text\">Moustiquaire pliss\u00e9e \u00e0 deux battants<\/p><\/div>\n<p style=\"text-align: left;\"><strong>4. \u00a0 \u00a0Moustiquaire Pliss\u00e9e :<\/strong><\/p>\n<p style=\"text-align: left;\">Mod\u00e8le de moustiquaire id\u00e9al pour les passages tels que les portes ou les balcons. Elles sont compos\u00e9es d&rsquo;un coffret vertical coll\u00e9 au mur, d&rsquo;o\u00f9 la maille est extraite jusqu&rsquo;\u00e0 l&rsquo;autre extr\u00e9mit\u00e9 o\u00f9 elle est ferm\u00e9e par une bande magn\u00e9tique. Au bas, un guide en forme de cha\u00eene se d\u00e9ploie, ce qui est id\u00e9al pour nous isoler efficacement des insectes, laissant le passage libre une fois repli\u00e9e. <strong>5. \u00a0 \u00a0Moustiquaire Oscillo-battante :<\/strong><\/p>\n<p style=\"text-align: justify;\">Moustiquaire articul\u00e9e agissant comme une porte d&rsquo;ouverture externe, avec une poign\u00e9e \u00e0 deux faces nous ouvrirons la moustiquaire confortablement des deux c\u00f4t\u00e9s, elle se ferme par une bande magn\u00e9tique verticale. Id\u00e9ale pour les portes de passage de taille moyenne o\u00f9 nous pouvons nous passer de perte d&rsquo;espace, compte tenu de l&rsquo;arc d\u00e9crit en ouvrant.<\/p>\n","protected":false},"excerpt":{"rendered":"<p>La moustiquaire est un produit \u00e9conomique et tr\u00e8s fonctionnel. Fabriqu\u00e9e avec de l&rsquo;aluminium sur son contour et une maille de type PVC tr\u00e8s r\u00e9sistante, nous \u00e9viterons<span class=\"excerpt-hellip\"> [\u2026]<\/span><\/p>\n","protected":false},"author":7,"featured_media":0,"parent":52003,"menu_order":0,"comment_status":"closed","ping_status":"closed","template":"template-fullwidth.php","meta":{"_joinchat":[],"footnotes":""},"class_list":["post-52139","page","type-page","status-publish","hentry"],"aioseo_notices":[],"_links":{"self":[{"href":"https:\/\/www.carpinteria-aluminio.cat\/fr\/wp-json\/wp\/v2\/pages\/52139","targetHints":{"allow":["GET"]}}],"collection":[{"href":"https:\/\/www.carpinteria-aluminio.cat\/fr\/wp-json\/wp\/v2\/pages"}],"about":[{"href":"https:\/\/www.carpinteria-aluminio.cat\/fr\/wp-json\/wp\/v2\/types\/page"}],"author":[{"embeddable":true,"href":"https:\/\/www.carpinteria-aluminio.cat\/fr\/wp-json\/wp\/v2\/users\/7"}],"replies":[{"embeddable":true,"href":"https:\/\/www.carpinteria-aluminio.cat\/fr\/wp-json\/wp\/v2\/comments?post=52139"}],"version-history":[{"count":3,"href":"https:\/\/www.carpinteria-aluminio.cat\/fr\/wp-json\/wp\/v2\/pages\/52139\/revisions"}],"predecessor-version":[{"id":52655,"href":"https:\/\/www.carpinteria-aluminio.cat\/fr\/wp-json\/wp\/v2\/pages\/52139\/revisions\/52655"}],"up":[{"embeddable":true,"href":"https:\/\/www.carpinteria-aluminio.cat\/fr\/wp-json\/wp\/v2\/pages\/52003"}],"wp:attachment":[{"href":"https:\/\/www.carpinteria-aluminio.cat\/fr\/wp-json\/wp\/v2\/media?parent=52139"}],"curies":[{"name":"wp","href":"https:\/\/api.w.org\/{rel}","templated":true}]}}