{"id":52152,"date":"2024-06-05T11:53:23","date_gmt":"2024-06-05T10:53:23","guid":{"rendered":"https:\/\/www.carpinteria-aluminio.cat\/?page_id=52152"},"modified":"2024-06-05T12:00:36","modified_gmt":"2024-06-05T11:00:36","slug":"stores-a-vendre-barcelone","status":"publish","type":"page","link":"https:\/\/www.carpinteria-aluminio.cat\/fr\/catalogue-de-produits-de-menuiserie-en-aluminium-ponsico\/stores-a-vendre-barcelone\/","title":{"rendered":"Fabrication, vente et installation de stores \u00e0 Barcelone"},"content":{"rendered":"<div id=\"attachment_2423\" style=\"width: 896px\" class=\"wp-caption aligncenter\"><img loading=\"lazy\" decoding=\"async\" aria-describedby=\"caption-attachment-2423\" class=\" wp-image-2423\" style=\"margin: 0px; border: 0px;\" title=\"Stores \u00e0 Barcelone\" src=\"https:\/\/www.carpinteria-aluminio.cat\/wp-content\/uploads\/2012\/08\/PERSIANAS-LOGO-2.jpg\" alt=\"Stores \u00e0 Barcelone\" width=\"886\" height=\"330\" \/><p id=\"caption-attachment-2423\" class=\"wp-caption-text\">Stores \u00e0 Barcelone<\/p><\/div>\n<p style=\"text-align: justify;\">Les stores sont un \u00e9l\u00e9ment tr\u00e8s courant dans les pays du sud de l&rsquo;Europe. Une bonne protection contre le soleil, de plus en plus nocif, assure que la chaleur produite par celui-ci reste \u00e0 l&rsquo;ext\u00e9rieur de la maison, aidant \u00e0 rendre les \u00e9t\u00e9s un peu plus doux. En fin de compte, ils nous aident \u00e0 nous prot\u00e9ger de l&rsquo;ext\u00e9rieur, que ce soit du vent, de la pluie, de la gr\u00eale ou du froid. Un store de s\u00e9curit\u00e9 offre une protection, en plus de ce qui a \u00e9t\u00e9 mentionn\u00e9 pr\u00e9c\u00e9demment. Motoris\u00e9s, avec sangle, cardan ou treuil sont les variantes de mouvement que nous avons.<\/p>\n<p>Nous fabriquons des stores en aluminium et des stores en PVC, des r\u00e9parations et de l&rsquo;entretien, vente de moteurs de stores, etc. Notre gamme de produits est : <strong>1. STORES EN ALUMINIUM :<\/strong><\/p>\n<div id=\"attachment_518\" style=\"width: 284px\" class=\"wp-caption alignleft\"><a href=\"https:\/\/www.carpinteria-aluminio.cat\/wp-content\/uploads\/2013\/01\/IMG_0064.jpg\" target=\"_blank\" rel=\"noopener\"><img loading=\"lazy\" decoding=\"async\" aria-describedby=\"caption-attachment-518\" class=\" wp-image-518   \" style=\"margin: 0px; border: 0px;\" title=\"Finitions des stores en aluminium\" src=\"https:\/\/www.carpinteria-aluminio.cat\/wp-content\/uploads\/2013\/01\/IMG_0064-300x200.jpg\" alt=\"Finitions des stores en aluminium\" width=\"274\" height=\"200\" \/><\/a><p id=\"caption-attachment-518\" class=\"wp-caption-text\">Finitions des stores en aluminium<\/p><\/div>\n<div id=\"attachment_1573\" style=\"width: 284px\" class=\"wp-caption alignleft\"><a href=\"https:\/\/www.carpinteria-aluminio.cat\/wp-content\/uploads\/2012\/08\/IMG_1544_resized_1.jpg\" target=\"_blank\" rel=\"noopener\"><img loading=\"lazy\" decoding=\"async\" aria-describedby=\"caption-attachment-1573\" class=\" wp-image-1573 \" style=\"margin: 0px; border: 0px;\" title=\"Profil du store en aluminium laqu\u00e9 effet bois\" src=\"https:\/\/www.carpinteria-aluminio.cat\/wp-content\/uploads\/2012\/08\/IMG_1544_resized_1-300x200.jpg\" alt=\"Profil du store en aluminium laqu\u00e9 effet bois\" width=\"274\" height=\"200\" \/><\/a><p id=\"caption-attachment-1573\" class=\"wp-caption-text\">Profil du store en aluminium mod\u00e8le modalum[\/caption><\/p>\n<p>[caption id=\"attachment_1578\" align=\"alignleft\" width=\"274\"]<a href=\"https:\/\/www.carpinteria-aluminio.cat\/wp-content\/uploads\/2012\/08\/IMG_1539_resized.jpg\" target=\"_blank\" rel=\"noopener\"><img loading=\"lazy\" decoding=\"async\" class=\" wp-image-1578 \" style=\"margin: 0px; border: 0px;\" title=\"Profil du store en aluminium laqu\u00e9 blanc\" src=\"https:\/\/www.carpinteria-aluminio.cat\/wp-content\/uploads\/2012\/08\/IMG_1539_resized-300x200.jpg\" alt=\"Profil du store en aluminium laqu\u00e9 blanc\" width=\"274\" height=\"200\" \/><\/a> Profil du store en aluminium mod\u00e8le minor<\/p><\/div>\n<p style=\"text-align: justify;\">Ce type de stores offre un bon rapport qualit\u00e9-prix. En raison de sa construction en aluminium \u00e0 l&rsquo;ext\u00e9rieur, il offre la r\u00e9sistance aux intemp\u00e9ries n\u00e9cessaire dans des conditions adverses, \u00e0 l&rsquo;int\u00e9rieur compos\u00e9 de mousse de polyur\u00e9thane rigide pour une meilleure efficacit\u00e9 thermique. Ils sont plus l\u00e9gers que n&rsquo;importe quel autre mod\u00e8le sur le march\u00e9 en raison de leur l\u00e9g\u00e8re torsion en aluminium, diff\u00e9rentes formes et mod\u00e8les offrent la polyvalence n\u00e9cessaire pour s&rsquo;adapter \u00e0 n&rsquo;importe quel espace existant. Renseignez-vous sur les prix en nous contactant sans aucun engagement.<\/p>\n<p><strong>2. STORES EN PVC :<\/strong><\/p>\n<div id=\"attachment_1581\" style=\"width: 284px\" class=\"wp-caption alignleft\"><a href=\"https:\/\/www.carpinteria-aluminio.cat\/wp-content\/uploads\/2012\/08\/IMG_1552_resized.jpg\" target=\"_blank\" rel=\"noopener\"><img loading=\"lazy\" decoding=\"async\" aria-describedby=\"caption-attachment-1581\" class=\" wp-image-1581\" style=\"margin: 0px; border: 0px;\" title=\"Profil store en PVC mod\u00e8le roma\" src=\"https:\/\/www.carpinteria-aluminio.cat\/wp-content\/uploads\/2012\/08\/IMG_1552_resized-300x200.jpg\" alt=\"Profil store en PVC mod\u00e8le roma\" width=\"274\" height=\"200\" \/><\/a><p id=\"caption-attachment-1581\" class=\"wp-caption-text\">Profil store en PVC mod\u00e8le roma<\/p><\/div>\n<div id=\"attachment_447\" style=\"width: 284px\" class=\"wp-caption alignleft\"><a href=\"https:\/\/www.carpinteria-aluminio.cat\/wp-content\/uploads\/2012\/12\/Persianas-de-PVC.jpg\" target=\"_blank\" rel=\"noopener\"><img loading=\"lazy\" decoding=\"async\" aria-describedby=\"caption-attachment-447\" class=\" wp-image-447    \" style=\"margin: 0px; border: 0px;\" title=\"Store en PVC\" src=\"https:\/\/www.carpinteria-aluminio.cat\/wp-content\/uploads\/2012\/12\/Persianas-de-PVC-300x200.jpg\" alt=\"Store en PVC\" width=\"274\" height=\"200\" \/><\/a><p id=\"caption-attachment-447\" class=\"wp-caption-text\">Store en PVC<\/p><\/div>\n<div id=\"attachment_1579\" style=\"width: 284px\" class=\"wp-caption alignleft\"><a href=\"https:\/\/www.carpinteria-aluminio.cat\/wp-content\/uploads\/2012\/08\/IMG_1542_resized.jpg\" target=\"_blank\" rel=\"noopener\"><img loading=\"lazy\" decoding=\"async\" aria-describedby=\"caption-attachment-1579\" class=\" wp-image-1579\" style=\"margin: 0px; border: 0px;\" title=\"Profil store en PVC couleur beige mod\u00e8le miniper\" src=\"https:\/\/www.carpinteria-aluminio.cat\/wp-content\/uploads\/2012\/08\/IMG_1542_resized-300x200.jpg\" alt=\"Profil store en PVC couleur beige mod\u00e8le miniper\" width=\"274\" height=\"200\" \/><\/a><p id=\"caption-attachment-1579\" class=\"wp-caption-text\">Profil store en PVC mod\u00e8le miniper<\/p><\/div>\n<p style=\"text-align: justify;\">Les stores en PVC sont les plus \u00e9conomiques du march\u00e9. Gr\u00e2ce \u00e0 leur construction en plastique, ils offrent une des propri\u00e9t\u00e9s de ce mat\u00e9riau qui est l&rsquo;isolation thermique. Diff\u00e9rentes formes des mod\u00e8les permettent de s&rsquo;adapter aux espaces existants afin de r\u00e9duire l&rsquo;espace. Consultez les prix en nous contactant sans aucun engagement.<\/p>\n<p><strong>3. STORES DE S\u00c9CURIT\u00c9 :<\/strong><\/p>\n<div id=\"attachment_446\" style=\"width: 284px\" class=\"wp-caption alignleft\"><a href=\"https:\/\/www.carpinteria-aluminio.cat\/wp-content\/uploads\/2012\/12\/Seguridad-aluminio-autoblocante-2.jpg\" target=\"_blank\" rel=\"noopener\"><img loading=\"lazy\" decoding=\"async\" aria-describedby=\"caption-attachment-446\" class=\" wp-image-446 \" style=\"margin: 0px; border: 0px;\" title=\"Store de s\u00e9curit\u00e9 en aluminium\" src=\"https:\/\/www.carpinteria-aluminio.cat\/wp-content\/uploads\/2012\/12\/Seguridad-aluminio-autoblocante-2-300x200.jpg\" alt=\"Store de s\u00e9curit\u00e9 en aluminium\" width=\"274\" height=\"200\" \/><\/a><p id=\"caption-attachment-446\" class=\"wp-caption-text\">Store de s\u00e9curit\u00e9 en aluminium<\/p><\/div>\n<div id=\"attachment_448\" style=\"width: 284px\" class=\"wp-caption alignleft\"><a href=\"https:\/\/www.carpinteria-aluminio.cat\/wp-content\/uploads\/2012\/12\/Seguridad-aluminio-autoblocante.jpg\" target=\"_blank\" rel=\"noopener\"><img loading=\"lazy\" decoding=\"async\" aria-describedby=\"caption-attachment-448\" class=\" wp-image-448  \" style=\"margin: 0px; border: 0px;\" title=\"Store de s\u00e9curit\u00e9 pour local\" src=\"https:\/\/www.carpinteria-aluminio.cat\/wp-content\/uploads\/2012\/12\/Seguridad-aluminio-autoblocante-300x200.jpg\" alt=\"Store de s\u00e9curit\u00e9 pour local\" width=\"274\" height=\"200\" \/><\/a><p id=\"caption-attachment-448\" class=\"wp-caption-text\">Store de s\u00e9curit\u00e9 perfor\u00e9 pour local<\/p><\/div>\n<div id=\"attachment_445\" style=\"width: 284px\" class=\"wp-caption alignleft\"><a href=\"https:\/\/www.carpinteria-aluminio.cat\/wp-content\/uploads\/2012\/12\/Seguridad-aluminio-autoblocante-3.jpg\" target=\"_blank\" rel=\"noopener\"><img loading=\"lazy\" decoding=\"async\" aria-describedby=\"caption-attachment-445\" class=\" wp-image-445\" style=\"margin: 0px; border: 0px;\" title=\"Store de s\u00e9curit\u00e9 argent mat\" src=\"https:\/\/www.carpinteria-aluminio.cat\/wp-content\/uploads\/2012\/12\/Seguridad-aluminio-autoblocante-3-300x200.jpg\" alt=\"Store de s\u00e9curit\u00e9 argent mat\" width=\"274\" height=\"200\" \/><\/a><p id=\"caption-attachment-445\" class=\"wp-caption-text\">Store de s\u00e9curit\u00e9 argent mat<\/p><\/div>\n<p style=\"text-align: justify;\">Le store de s\u00e9curit\u00e9 en aluminium est le produit phare des stores chez PONSICO S.C.P. Avec une \u00e9paisseur consid\u00e9rable, ils sont fortement recommand\u00e9s pour remplacer les grilles, car ils offrent une protection souvent sup\u00e9rieure. Diff\u00e9rents mod\u00e8les comme l&rsquo;autobloquant (store qui se bloque une fois descendu emp\u00eachant sa remont\u00e9e manuelle de l&rsquo;ext\u00e9rieur), le perfor\u00e9 ou cal\u00e9 (id\u00e9al pour les commerces ou vitrines), etc., composent ce type de stores de s\u00e9curit\u00e9. Ils disposent d&rsquo;un syst\u00e8me de couture pour que les lames ne bougent pas entre elles, offrant une consistance en bloc. Il est tr\u00e8s recommand\u00e9 de les accompagner d&rsquo;un moteur \u00e9lectrique (Somfy, Wurth, etc.) mentionn\u00e9 ci-dessous, car ils ont un poids consid\u00e9rable et \u00e9vitent ainsi des r\u00e9parations inappropri\u00e9es. Consultez le prix sans aucun engagement.<\/p>\n<p><strong>4. STORES GRADHERMETIC :<\/strong><\/p>\n<p style=\"text-align: justify;\">Stores en aluminium offrant une rotation suppl\u00e9mentaire de type lame mallorquine pour pouvoir ventiler une fois le store baiss\u00e9. Lame orientable et autobloquante, il est conseill\u00e9 de les installer motoris\u00e9s, bien qu&rsquo;avec une sangle ou un cardan, ils soient \u00e9galement faisables. Pour plus d&rsquo;informations, visitez la section des stores du fabricant <a href=\"http:\/\/www.gradhermetic.es\/web\/esp\/productos_persianas_enrollables_orientables_supergradhermetic.htm\" target=\"_blank\" rel=\"noopener\">GRADHERMETIC<\/a>.<\/p>\n<p><strong>5. MOTEURS ET T\u00c9L\u00c9COMMANDES :<\/strong><\/p>\n<div id=\"attachment_514\" style=\"width: 284px\" class=\"wp-caption alignleft\"><a href=\"https:\/\/www.carpinteria-aluminio.cat\/wp-content\/uploads\/2013\/01\/IMG_0045.jpg\" target=\"_blank\" rel=\"noopener\"><img loading=\"lazy\" decoding=\"async\" aria-describedby=\"caption-attachment-514\" class=\" wp-image-514\" style=\"margin: 0px; border: 0px;\" title=\"Motorisation pour stores\" src=\"https:\/\/www.carpinteria-aluminio.cat\/wp-content\/uploads\/2013\/01\/IMG_0045-300x200.jpg\" alt=\"Motorisation pour stores\" width=\"274\" height=\"200\" \/><\/a><p id=\"caption-attachment-514\" class=\"wp-caption-text\">Motorisation pour stores<\/p><\/div>\n<div id=\"attachment_461\" style=\"width: 284px\" class=\"wp-caption alignleft\"><a href=\"https:\/\/www.carpinteria-aluminio.cat\/wp-content\/uploads\/2012\/12\/Persianas-motores-y-mandos-a-distancia-2.jpg\" target=\"_blank\" rel=\"noopener\"><img loading=\"lazy\" decoding=\"async\" aria-describedby=\"caption-attachment-461\" class=\" wp-image-461\" style=\"margin: 0px; border: 0px;\" title=\"T\u00e9l\u00e9commandes moteurs \" src=\"https:\/\/www.carpinteria-aluminio.cat\/wp-content\/uploads\/2012\/12\/Persianas-motores-y-mandos-a-distancia-2-300x200.jpg\" alt=\"Stores - moteurs et t\u00e9l\u00e9commandes \" width=\"274\" height=\"200\" \/><\/a><p id=\"caption-attachment-461\" class=\"wp-caption-text\">T\u00e9l\u00e9commandes moteurs<\/p><\/div>\n<div id=\"attachment_1687\" style=\"width: 284px\" class=\"wp-caption alignleft\"><a href=\"https:\/\/www.carpinteria-aluminio.cat\/wp-content\/uploads\/2012\/08\/20130219_182310_resized.jpg\" target=\"_blank\" rel=\"noopener\"><img loading=\"lazy\" decoding=\"async\" aria-describedby=\"caption-attachment-1687\" class=\" wp-image-1687\" style=\"margin: 0px; border: 0px;\" title=\"Moteur pour petit caisson\" src=\"https:\/\/www.carpinteria-aluminio.cat\/wp-content\/uploads\/2012\/08\/20130219_182310_resized-300x225.jpg\" alt=\"Moteur pour petit caisson\" width=\"274\" height=\"200\" \/><\/a><p id=\"caption-attachment-1687\" class=\"wp-caption-text\">Moteur pour petit caisson<\/p><\/div>\n<p style=\"text-align: justify;\">Syst\u00e8me d&rsquo;automatisation pour stores, nous disposons de plusieurs fabricants pour fournir la concurrence et la qualit\u00e9 du produit. Ils peuvent \u00eatre avec t\u00e9l\u00e9commande (RTS), simples ou programmables. Tr\u00e8s recommand\u00e9 pour des stores lourds, comme ceux de s\u00e9curit\u00e9 mentionn\u00e9s pr\u00e9c\u00e9demment, ou pour les personnes \u00e2g\u00e9es ou \u00e0 mobilit\u00e9 r\u00e9duite. Les fabricants offrent plusieurs ann\u00e9es de garantie en plus de la garantie d&rsquo;installation de PONSICO S.C.P. Avec ce syst\u00e8me, le store fonctionne plus doucement et prolongera donc sa dur\u00e9e de vie. Silencieux et faciles \u00e0 installer, ils peuvent \u00e9galement \u00eatre mont\u00e9s sur des auvents et des rideaux d&rsquo;une maison. Consultez les prix sans engagement aupr\u00e8s de PONSICO S.C.P.<\/p>\n<p><strong>6. CAISSONS EXTERNES POUR STORES :<\/strong><\/p>\n<div id=\"attachment_2245\" style=\"width: 208px\" class=\"wp-caption alignleft\"><a href=\"https:\/\/www.carpinteria-aluminio.cat\/wp-content\/uploads\/2012\/08\/20130325_131609_resized_1.jpg\" target=\"_blank\" rel=\"noopener\"><img loading=\"lazy\" decoding=\"async\" aria-describedby=\"caption-attachment-2245\" class=\" wp-image-2245 \" style=\"margin: 0px; border: 0px;\" title=\"Caisson compact monobloc\" src=\"https:\/\/www.carpinteria-aluminio.cat\/wp-content\/uploads\/2012\/08\/20130325_131609_resized_1-150x150.jpg\" alt=\"Caisson compact monobloc\" width=\"198\" height=\"198\" \/><\/a><p id=\"caption-attachment-2245\" class=\"wp-caption-text\">Caisson compact monobloc<\/p><\/div>\n<div id=\"attachment_2246\" style=\"width: 208px\" class=\"wp-caption alignleft\"><a href=\"https:\/\/www.carpinteria-aluminio.cat\/wp-content\/uploads\/2012\/08\/20130325_133249_resized.jpg\" target=\"_blank\" rel=\"noopener\"><img loading=\"lazy\" decoding=\"async\" aria-describedby=\"caption-attachment-2246\" class=\" wp-image-2246  \" style=\"margin: 0px; border: 0px;\" title=\"Profil caisson compact monobloc\" src=\"https:\/\/www.carpinteria-aluminio.cat\/wp-content\/uploads\/2012\/08\/20130325_133249_resized-150x150.jpg\" alt=\"Profil caisson compact monobloc\" width=\"198\" height=\"198\" \/><\/a><p id=\"caption-attachment-2246\" class=\"wp-caption-text\">Profil caisson compact monobloc<\/p><\/div>\n<div id=\"attachment_2248\" style=\"width: 208px\" class=\"wp-caption alignleft\"><a href=\"https:\/\/www.carpinteria-aluminio.cat\/wp-content\/uploads\/2012\/08\/20121127_131233-1.jpg\" target=\"_blank\" rel=\"noopener\"><img loading=\"lazy\" decoding=\"async\" aria-describedby=\"caption-attachment-2248\" class=\" wp-image-2248  \" style=\"margin: 0px; border: 0px;\" title=\"Guide compact monobloc\" src=\"https:\/\/www.carpinteria-aluminio.cat\/wp-content\/uploads\/2012\/08\/20121127_131233-1-150x150.jpg\" alt=\"Guide compact monobloc\" width=\"198\" height=\"198\" \/><\/a><p id=\"caption-attachment-2248\" class=\"wp-caption-text\">Guide compact monobloc<\/p><\/div>\n<div id=\"attachment_2247\" style=\"width: 208px\" class=\"wp-caption alignleft\"><a href=\"https:\/\/www.carpinteria-aluminio.cat\/wp-content\/uploads\/2012\/08\/20121127_132100-2.jpg\" target=\"_blank\" rel=\"noopener\"><img loading=\"lazy\" decoding=\"async\" aria-describedby=\"caption-attachment-2247\" class=\" wp-image-2247 \" style=\"margin: 0px; border: 0px;\" title=\"Compact monobloc\" src=\"https:\/\/www.carpinteria-aluminio.cat\/wp-content\/uploads\/2012\/08\/20121127_132100-2-150x150.jpg\" alt=\"Compact monobloc\" width=\"198\" height=\"198\" \/><\/a><p id=\"caption-attachment-2247\" class=\"wp-caption-text\">Compact monobloc<\/p><\/div>\n<p style=\"text-align: justify;\">Dans les endroits o\u00f9 il n&rsquo;existe pas de stores d&rsquo;origine dans le b\u00e2timent, des caissons externes peuvent \u00eatre ajout\u00e9s comme le mini-per en PVC, le minor en aluminium et le compact monobloc mixte en PVC et aluminium. Ce dernier est recommand\u00e9 en raison de sa construction : ext\u00e9rieur en aluminium, int\u00e9rieur avec une structure en PVC qui aide \u00e0 att\u00e9nuer le bruit en donnant plus de consistance et de r\u00e9sistance au caisson. Motoris\u00e9s ou avec sangle, ils sont g\u00e9n\u00e9ralement int\u00e9gr\u00e9s aux fen\u00eatres de nouvelle construction. Ce type de store est mont\u00e9 \u00e0 l&rsquo;ext\u00e9rieur, de sorte que la face ext\u00e9rieure du store peut \u00eatre facilement nettoy\u00e9e de l&rsquo;int\u00e9rieur de la maison, augmentant \u00e9galement la chambre d&rsquo;air entre le store et la fen\u00eatre, aidant ainsi \u00e0 isoler plus efficacement la pi\u00e8ce.<\/p>\n<p><!--more--><\/p>\n","protected":false},"excerpt":{"rendered":"<p>Les stores sont un \u00e9l\u00e9ment tr\u00e8s courant dans les pays du sud de l&rsquo;Europe. Une bonne protection contre le soleil, de plus en plus nocif, assure<span class=\"excerpt-hellip\"> [\u2026]<\/span><\/p>\n","protected":false},"author":7,"featured_media":0,"parent":52003,"menu_order":0,"comment_status":"open","ping_status":"closed","template":"template-fullwidth.php","meta":{"_joinchat":[],"footnotes":""},"class_list":["post-52152","page","type-page","status-publish","hentry"],"aioseo_notices":[],"_links":{"self":[{"href":"https:\/\/www.carpinteria-aluminio.cat\/fr\/wp-json\/wp\/v2\/pages\/52152","targetHints":{"allow":["GET"]}}],"collection":[{"href":"https:\/\/www.carpinteria-aluminio.cat\/fr\/wp-json\/wp\/v2\/pages"}],"about":[{"href":"https:\/\/www.carpinteria-aluminio.cat\/fr\/wp-json\/wp\/v2\/types\/page"}],"author":[{"embeddable":true,"href":"https:\/\/www.carpinteria-aluminio.cat\/fr\/wp-json\/wp\/v2\/users\/7"}],"replies":[{"embeddable":true,"href":"https:\/\/www.carpinteria-aluminio.cat\/fr\/wp-json\/wp\/v2\/comments?post=52152"}],"version-history":[{"count":2,"href":"https:\/\/www.carpinteria-aluminio.cat\/fr\/wp-json\/wp\/v2\/pages\/52152\/revisions"}],"predecessor-version":[{"id":52180,"href":"https:\/\/www.carpinteria-aluminio.cat\/fr\/wp-json\/wp\/v2\/pages\/52152\/revisions\/52180"}],"up":[{"embeddable":true,"href":"https:\/\/www.carpinteria-aluminio.cat\/fr\/wp-json\/wp\/v2\/pages\/52003"}],"wp:attachment":[{"href":"https:\/\/www.carpinteria-aluminio.cat\/fr\/wp-json\/wp\/v2\/media?parent=52152"}],"curies":[{"name":"wp","href":"https:\/\/api.w.org\/{rel}","templated":true}]}}