{"id":52181,"date":"2024-06-05T12:01:37","date_gmt":"2024-06-05T11:01:37","guid":{"rendered":"https:\/\/www.carpinteria-aluminio.cat\/?page_id=52181"},"modified":"2024-06-05T12:02:59","modified_gmt":"2024-06-05T11:02:59","slug":"portes-sectionnelles-a-vendre-barcelone","status":"publish","type":"page","link":"https:\/\/www.carpinteria-aluminio.cat\/fr\/catalogue-de-produits-de-menuiserie-en-aluminium-ponsico\/portes-sectionnelles-a-vendre-barcelone\/","title":{"rendered":"Fabrication, vente et installation de portes sectionnelles \u00e0 Barcelone"},"content":{"rendered":"<div id=\"attachment_306\" style=\"width: 381px\" class=\"wp-caption alignleft\"><a href=\"https:\/\/www.carpinteria-aluminio.cat\/wp-content\/uploads\/2012\/08\/DSC000082.jpg\" target=\"_blank\" rel=\"noopener\"><img loading=\"lazy\" decoding=\"async\" aria-describedby=\"caption-attachment-306\" class=\" wp-image-306\" style=\"margin: 0px; border: 0px;\" title=\"Porte de garage sectionnelle\" src=\"https:\/\/www.carpinteria-aluminio.cat\/wp-content\/uploads\/2012\/08\/DSC000082-1024x768.jpg\" alt=\"Porte de garage sectionnelle\" width=\"371\" height=\"278\" srcset=\"https:\/\/www.carpinteria-aluminio.cat\/wp-content\/uploads\/2012\/08\/DSC000082-1024x768.jpg 1024w, https:\/\/www.carpinteria-aluminio.cat\/wp-content\/uploads\/2012\/08\/DSC000082-300x225.jpg 300w, https:\/\/www.carpinteria-aluminio.cat\/wp-content\/uploads\/2012\/08\/DSC000082-500x375.jpg 500w, https:\/\/www.carpinteria-aluminio.cat\/wp-content\/uploads\/2012\/08\/DSC000082.jpg 1600w\" sizes=\"auto, (max-width:767px) 371px, 371px\" \/><\/a><p id=\"caption-attachment-306\" class=\"wp-caption-text\">Porte de garage sectionnelle<\/p><\/div>\n<p style=\"text-align: justify;\">Nous fabriquons des portes sectionnelles en aluminium pour garages et locaux : des portes compos\u00e9es de panneaux embo\u00eet\u00e9s entre eux au lieu de verre ou de t\u00f4le en une seule pi\u00e8ce, conf\u00e9rant \u00e0 la structure une plus grande r\u00e9sistance, id\u00e9ale pour r\u00e9aliser des structures de grande taille sans r\u00e9duire leur solidit\u00e9.<\/p>\n<p>1. \u00a0 \u00a0Portes sectionnelles pour garages 2. \u00a0 \u00a0Portes sectionnelles pour locaux<\/p>\n<p><!--more--><\/p>\n","protected":false},"excerpt":{"rendered":"<p>Nous fabriquons des portes sectionnelles en aluminium pour garages et locaux : des portes compos\u00e9es de panneaux embo\u00eet\u00e9s entre eux au lieu de verre ou de<span class=\"excerpt-hellip\"> [\u2026]<\/span><\/p>\n","protected":false},"author":7,"featured_media":0,"parent":52003,"menu_order":0,"comment_status":"closed","ping_status":"closed","template":"template-fullwidth.php","meta":{"_joinchat":[],"footnotes":""},"class_list":["post-52181","page","type-page","status-publish","hentry"],"aioseo_notices":[],"_links":{"self":[{"href":"https:\/\/www.carpinteria-aluminio.cat\/fr\/wp-json\/wp\/v2\/pages\/52181","targetHints":{"allow":["GET"]}}],"collection":[{"href":"https:\/\/www.carpinteria-aluminio.cat\/fr\/wp-json\/wp\/v2\/pages"}],"about":[{"href":"https:\/\/www.carpinteria-aluminio.cat\/fr\/wp-json\/wp\/v2\/types\/page"}],"author":[{"embeddable":true,"href":"https:\/\/www.carpinteria-aluminio.cat\/fr\/wp-json\/wp\/v2\/users\/7"}],"replies":[{"embeddable":true,"href":"https:\/\/www.carpinteria-aluminio.cat\/fr\/wp-json\/wp\/v2\/comments?post=52181"}],"version-history":[{"count":2,"href":"https:\/\/www.carpinteria-aluminio.cat\/fr\/wp-json\/wp\/v2\/pages\/52181\/revisions"}],"predecessor-version":[{"id":52185,"href":"https:\/\/www.carpinteria-aluminio.cat\/fr\/wp-json\/wp\/v2\/pages\/52181\/revisions\/52185"}],"up":[{"embeddable":true,"href":"https:\/\/www.carpinteria-aluminio.cat\/fr\/wp-json\/wp\/v2\/pages\/52003"}],"wp:attachment":[{"href":"https:\/\/www.carpinteria-aluminio.cat\/fr\/wp-json\/wp\/v2\/media?parent=52181"}],"curies":[{"name":"wp","href":"https:\/\/api.w.org\/{rel}","templated":true}]}}