{"id":52186,"date":"2024-06-05T12:04:03","date_gmt":"2024-06-05T11:04:03","guid":{"rendered":"https:\/\/www.carpinteria-aluminio.cat\/?page_id=52186"},"modified":"2024-06-05T12:18:28","modified_gmt":"2024-06-05T11:18:28","slug":"vente-auvents-barcelone","status":"publish","type":"page","link":"https:\/\/www.carpinteria-aluminio.cat\/fr\/catalogue-de-produits-de-menuiserie-en-aluminium-ponsico\/vente-auvents-barcelone\/","title":{"rendered":"Fabrication, vente et installation de stores \u00e0 Barcelone"},"content":{"rendered":"<div id=\"attachment_466\" style=\"width: 896px\" class=\"wp-caption aligncenter\"><img loading=\"lazy\" decoding=\"async\" aria-describedby=\"caption-attachment-466\" class=\" wp-image-466\" style=\"margin: 0px; border: 0px;\" title=\"Stores \u00e0 Barcelone\" src=\"https:\/\/www.carpinteria-aluminio.cat\/wp-content\/uploads\/2012\/12\/Toldos.jpg\" alt=\"Stores \u00e0 Barcelone\" width=\"886\" height=\"330\" \/><p id=\"caption-attachment-466\" class=\"wp-caption-text\">Stores \u00e0 Barcelone<\/p><\/div>\n<p style=\"text-align: justify;\">\u00c9l\u00e9ment indispensable pour la protection solaire, un store install\u00e9 correctement offre des \u00e9conomies d&rsquo;\u00e9nergie de climatisation qui peuvent surprendre beaucoup d&rsquo;entre nous. Il retient en grande partie la chaleur du soleil, procurant un bien-\u00eatre \u00e0 toute la famille. Nous offrons une grande vari\u00e9t\u00e9 de stores \u00e0 nos clients, du store traditionnel vertical aux capotes, pergolas ou rideaux. Nous proposons \u00e9galement des remplacements de toiles, des toiles confectionn\u00e9es, des moteurs pour stores avec ou sans t\u00e9l\u00e9commandes, et la construction d&rsquo;auvents.<\/p>\n<div id=\"attachment_1924\" style=\"width: 190px\" class=\"wp-caption alignright\"><a href=\"https:\/\/www.carpinteria-aluminio.cat\/wp-content\/uploads\/2013\/03\/telon-web.jpg\" target=\"_blank\" rel=\"noopener\"><img loading=\"lazy\" decoding=\"async\" aria-describedby=\"caption-attachment-1924\" class=\" wp-image-1924\" style=\"border: 0px; margin: 0px;\" title=\"Exemples de stores verticaux\" src=\"https:\/\/www.carpinteria-aluminio.cat\/wp-content\/uploads\/2013\/03\/telon-web-150x150.jpg\" alt=\"Exemples de stores verticaux\" width=\"180\" height=\"180\" \/><\/a><p id=\"caption-attachment-1924\" class=\"wp-caption-text\">Exemples de stores verticaux<\/p><\/div>\n<p>Les principaux<strong> MOD\u00c8LES DE STORES<\/strong> sont:<\/p>\n<p style=\"text-align: justify;\"><strong>1. \u00a0 \u00a0Stores Verticaux:\u00a0<\/strong>Mod\u00e8le de store tr\u00e8s courant sur les balcons qui descend comme son nom l&rsquo;indique \u00e0 la verticale, c&rsquo;est-\u00e0-dire en aplomb, pouvant \u00eatre \u00e9quip\u00e9 de guides ou non, selon le mod\u00e8le. Le store vertical le plus courant est celui qui descend depuis la ligne ext\u00e9rieure du toit de la terrasse et, une fois descendu, peut \u00eatre attach\u00e9 \u00e0 la balustrade avec des bras offrant plusieurs positions. Il peut \u00eatre motoris\u00e9, avec t\u00e9l\u00e9commande ou capteurs. Pour ce mod\u00e8le, la motorisation doit inclure la fonction ABS, qui emp\u00eache la rupture de la toile en cas d&rsquo;oubli, de sorte que le moteur cesse d&rsquo;exercer une force lorsqu&rsquo;il d\u00e9tecte qu&rsquo;il est attach\u00e9 \u00e0 la balustrade.<\/p>\n<div id=\"attachment_1927\" style=\"width: 190px\" class=\"wp-caption alignleft\"><a href=\"https:\/\/www.carpinteria-aluminio.cat\/wp-content\/uploads\/2013\/03\/toldo-exclusive-cofre-WEB.jpg\" target=\"_blank\" rel=\"noopener\"><img loading=\"lazy\" decoding=\"async\" aria-describedby=\"caption-attachment-1927\" class=\" wp-image-1927 \" style=\"border: 0px; margin: 0px;\" title=\"Exemples de stores \u00e0 bras invisibles\" src=\"https:\/\/www.carpinteria-aluminio.cat\/wp-content\/uploads\/2013\/03\/toldo-exclusive-cofre-WEB-150x150.jpg\" alt=\"Exemples de stores \u00e0 bras invisibles\" width=\"180\" height=\"180\" \/><\/a><p id=\"caption-attachment-1927\" class=\"wp-caption-text\">Exemples de stores \u00e0 bras invisibles<\/p><\/div>\n<p style=\"text-align: justify;\"><strong>2.\u00a0\u00a0\u00a0\u00a0Stores \u00e0 bras invisibles :<\/strong>\u00a0Mod\u00e8le de store tr\u00e8s courant sur les balcons des appartements en attique et des rez-de-chauss\u00e9e, mais pouvant \u00e9galement \u00eatre install\u00e9 sur des appartements avec terrasse. La particularit\u00e9 de ce mod\u00e8le est que les bras s&rsquo;\u00e9tendent horizontalement depuis le point de sortie, g\u00e9n\u00e9ralement fix\u00e9 sur un mur vertical, pouvant r\u00e9gler l&rsquo;inclinaison en degr\u00e9s au go\u00fbt du client. Les bras accompagnent la toile par en dessous, de telle sorte qu&rsquo;ils semblent invisibles de l&rsquo;ext\u00e9rieur, d&rsquo;o\u00f9 leur nom. Il existe diff\u00e9rentes variantes de ce mod\u00e8le, dont le mod\u00e8le coffre, qui, une fois repli\u00e9, prot\u00e8ge la toile et les bras \u00e0 l&rsquo;int\u00e9rieur du coffre. Il est recommand\u00e9 de motoriser ce type de stores, car lorsqu&rsquo;ils d\u00e9passent 3 m\u00e8tres de ligne, l&rsquo;effort \u00e0 fournir pour les relever est consid\u00e9rable. Le capteur de vent est \u00e9galement recommand\u00e9 pour les terrasses o\u00f9 le vent souffle fort, de telle sorte que lorsqu&rsquo;il d\u00e9tecte trop de vent, il se r\u00e9tracte automatiquement, et le capteur de lumi\u00e8re agit de la m\u00eame mani\u00e8re lorsqu&rsquo;il d\u00e9tecte l&rsquo;absence ou l&rsquo;exc\u00e8s de soleil.<\/p>\n<div id=\"attachment_831\" style=\"width: 190px\" class=\"wp-caption alignright\"><a href=\"https:\/\/www.carpinteria-aluminio.cat\/wp-content\/uploads\/2013\/01\/20121120_130904_HDR.jpg\" target=\"_blank\" rel=\"noopener\"><img loading=\"lazy\" decoding=\"async\" aria-describedby=\"caption-attachment-831\" class=\" wp-image-831 \" style=\"border: 0px; margin: 0px;\" title=\"Exemple de store \u00e0 bras droit\" src=\"https:\/\/www.carpinteria-aluminio.cat\/wp-content\/uploads\/2013\/01\/20121120_130904_HDR-150x150.jpg\" alt=\"Exemple de store \u00e0 bras droit\" width=\"180\" height=\"180\" \/><\/a><p id=\"caption-attachment-831\" class=\"wp-caption-text\">Exemple de store \u00e0 bras droit<\/p><\/div>\n<p style=\"text-align: justify;\"><strong>3.\u00a0\u00a0\u00a0\u00a0Stores \u00e0 bras droit :<\/strong>\u00a0Mod\u00e8le de store tr\u00e8s courant pour les fen\u00eatres et les balcons ext\u00e9rieurs. Ce mod\u00e8le est plac\u00e9 sur la ligne int\u00e9rieure du plafond du balcon ou de la terrasse, ou dans l&rsquo;ouverture ext\u00e9rieure de la fen\u00eatre. Le store descend \u00e0 environ 45 degr\u00e9s vers l&rsquo;ext\u00e9rieur, guid\u00e9 par deux bras fix\u00e9s au socle du store et \u00e0 la fa\u00e7ade verticale, guidant le store tout au long en d\u00e9crivant un arc. Il n&rsquo;est pas aussi n\u00e9cessaire d&rsquo;\u00eatre motoris\u00e9, car ces bras n&rsquo;exercent pas autant de force que d&rsquo;autres mod\u00e8les.<\/p>\n<p style=\"text-align: justify;\"><strong>4.\u00a0\u00a0\u00a0\u00a0Capotes :<\/strong>\u00a0Mod\u00e8le de store qui, gr\u00e2ce \u00e0 une structure m\u00e9tallique \u00e0 l&rsquo;int\u00e9rieur, prot\u00e8ge la ligne de fa\u00e7ade des portes et des fen\u00eatres, donnant une forme semi-circulaire tr\u00e8s esth\u00e9tique. Ce store peut \u00eatre actionn\u00e9 par une corde ou un moteur.<\/p>\n<div id=\"attachment_466\" style=\"width: 190px\" class=\"wp-caption alignleft\"><a href=\"https:\/\/www.carpinteria-aluminio.cat\/wp-content\/uploads\/2012\/12\/Toldos.jpg\" target=\"_blank\" rel=\"noopener\"><img loading=\"lazy\" decoding=\"async\" aria-describedby=\"caption-attachment-466\" class=\" wp-image-466 \" style=\"border: 0px; margin: 0px;\" title=\"Stores \u00e0 Barcelone\" src=\"https:\/\/www.carpinteria-aluminio.cat\/wp-content\/uploads\/2012\/12\/Toldos-150x150.jpg\" alt=\"Stores \u00e0 Barcelone\" width=\"180\" height=\"180\" \/><\/a><p id=\"caption-attachment-466\" class=\"wp-caption-text\">Stores \u00e0 Barcelone<\/p><\/div>\n<p><strong>5.\u00a0\u00a0\u00a0\u00a0Glissi\u00e8res :<\/strong> Mod\u00e8le de store qui est guid\u00e9 horizontalement par des rails formant des plis dans la toile. Comme son nom l&rsquo;indique, le store glisse le long de ces rails. Dans de nombreux cas, l&rsquo;installation de supports verticaux de type portique est n\u00e9cessaire pour maintenir les rails le long desquels le store descend. Tr\u00e8s pratique lorsqu&rsquo;il est actionn\u00e9 par des treuils ou des moteurs.<\/p>\n<div id=\"attachment_2665\" style=\"width: 190px\" class=\"wp-caption alignright\"><a href=\"https:\/\/www.carpinteria-aluminio.cat\/wp-content\/uploads\/2012\/08\/20130530_132818_resized.jpg\" target=\"_blank\" rel=\"noopener\"><img loading=\"lazy\" decoding=\"async\" aria-describedby=\"caption-attachment-2665\" class=\" wp-image-2665 \" style=\"border: 0px; margin: 0px;\" title=\"Mod\u00e8le de store coffre\" src=\"https:\/\/www.carpinteria-aluminio.cat\/wp-content\/uploads\/2012\/08\/20130530_132818_resized-150x150.jpg\" alt=\"Mod\u00e8le de store coffre\" width=\"180\" height=\"180\" \/><\/a><p id=\"caption-attachment-2665\" class=\"wp-caption-text\">Mod\u00e8le de store coffre<\/p><\/div>\n<p><strong>6.\u00a0\u00a0\u00a0\u00a0Tonnelles\/Passages :<\/strong> Structures m\u00e9talliques en forme d&rsquo;enclos ext\u00e9rieur ferm\u00e9es sur le dessus par une toile de store. Ils peuvent avoir diff\u00e9rentes formes et dimensions selon les pr\u00e9f\u00e9rences du client, avec une inclinaison pour \u00e9viter que la pluie, la neige, etc. ne s&rsquo;accumule.<br \/>\n<strong>7.\u00a0\u00a0\u00a0\u00a0Rideaux :<\/strong> Type de store qui est guid\u00e9 le long de la fa\u00e7ade ext\u00e9rieure des balcons et des terrasses par des roulements ou des poulies pr\u00e9alablement install\u00e9s sur le store. Il tombe naturellement sous son propre poids et est manipul\u00e9 manuellement comme un rideau int\u00e9rieur.<\/p>\n<p style=\"text-align: justify;\"><strong>8.\u00a0\u00a0\u00a0\u00a0Changements de toile :<\/strong> On remplace tous types de toiles de store d\u00e9j\u00e0 install\u00e9es.<\/p>\n<p style=\"text-align: justify;\"><strong>9.\u00a0\u00a0\u00a0\u00a0Divers :<\/strong> &#8211; Auvents : tr\u00e8s utiles pour prot\u00e9ger les toiles des stores une fois qu&rsquo;elles sont repli\u00e9es. &#8211; Toiles confectionn\u00e9es : toiles fabriqu\u00e9es selon les pr\u00e9f\u00e9rences et la forme du client.<\/p>\n<div id=\"attachment_2273\" style=\"width: 360px\" class=\"wp-caption alignright\"><a href=\"https:\/\/www.carpinteria-aluminio.cat\/wp-content\/uploads\/2012\/10\/motores.png\" target=\"_blank\" rel=\"noopener\"><img loading=\"lazy\" decoding=\"async\" aria-describedby=\"caption-attachment-2273\" class=\" wp-image-2273 \" style=\"margin: 0px; border: 0px;\" title=\"Moteurs et t\u00e9l\u00e9commandes\" src=\"https:\/\/www.carpinteria-aluminio.cat\/wp-content\/uploads\/2012\/10\/motores-300x131.png\" alt=\"Moteurs et t\u00e9l\u00e9commandes\" width=\"350\" height=\"180\" \/><\/a><p id=\"caption-attachment-2273\" class=\"wp-caption-text\">Moteurs et t\u00e9l\u00e9commandes<\/p><\/div>\n<div id=\"attachment_2371\" style=\"width: 190px\" class=\"wp-caption alignright\"><a href=\"https:\/\/www.carpinteria-aluminio.cat\/wp-content\/uploads\/2012\/08\/20130411_114251_resized.jpg\" target=\"_blank\" rel=\"noopener\"><img loading=\"lazy\" decoding=\"async\" aria-describedby=\"caption-attachment-2371\" class=\" wp-image-2371   \" style=\"border: 0px; margin: 0px;\" title=\"Capteur de lumi\u00e8re et de vent Somfy\" src=\"https:\/\/www.carpinteria-aluminio.cat\/wp-content\/uploads\/2012\/08\/20130411_114251_resized-150x150.jpg\" alt=\"Capteur de lumi\u00e8re et de vent Somfy\" width=\"180\" height=\"180\" \/><\/a><p id=\"caption-attachment-2371\" class=\"wp-caption-text\">Capteur de lumi\u00e8re et de vent Somfy<\/p><\/div>\n<p style=\"text-align: justify;\"><strong>10. Moteurs, t\u00e9l\u00e9commandes et capteurs :<\/strong> Ces automatismes sont tr\u00e8s pratiques et fonctionnels, avec juste un bouton, vous pouvez monter les stores sans aucun type d&rsquo;effort. Pouvant \u00eatre avec t\u00e9l\u00e9commande ou fix\u00e9s au mur, nous pouvons synchroniser tous les stores et volets d&rsquo;une maison avec juste un bouton. Le fabricant SOMFY offre de nombreuses variantes pour les actionner par programmation horaire, par des capteurs de mouvement, de lumi\u00e8re ou de vent. De cette mani\u00e8re, vous pouvez vous d\u00e9tendre compl\u00e8tement en ce qui concerne les stores, car avec le capteur appropri\u00e9, lorsqu&rsquo;il d\u00e9tecte beaucoup de vent, il les r\u00e9tracte automatiquement. Il en va de m\u00eame pour le capteur de lumi\u00e8re, qui s&rsquo;\u00e9tend automatiquement lorsqu&rsquo;il d\u00e9tecte la lumi\u00e8re directe du soleil et se r\u00e9tracte lorsque la nuit tombe, vous permettant de r\u00e9gler sa sensibilit\u00e9.<\/p>\n<p><strong>TIPOS DE LONAS: <\/strong>Il existe diff\u00e9rents types de toiles parmi lesquels choisir, acryliques, polyester, plastiques, PVC, etc.<\/p>\n<p style=\"text-align: center;\"><div class=\"wrap one\"><div class=\"column column_column one-fourth column-first\"><\/p>\n<div id=\"attachment_2386\" style=\"width: 190px\" class=\"wp-caption aligncenter\"><a href=\"https:\/\/www.carpinteria-aluminio.cat\/wp-content\/uploads\/2012\/08\/20130411_163315_resized.jpg\" target=\"_blank\" rel=\"noopener\"><img loading=\"lazy\" decoding=\"async\" aria-describedby=\"caption-attachment-2386\" class=\" wp-image-2386  \" style=\"border: 0px; margin: 0px;\" title=\"\u00c9chantillon de toiles Soltis \" src=\"https:\/\/www.carpinteria-aluminio.cat\/wp-content\/uploads\/2012\/08\/20130411_163315_resized-150x150.jpg\" alt=\"\u00c9chantillon de toiles Soltis \" width=\"180\" height=\"180\" \/><\/a><p id=\"caption-attachment-2386\" class=\"wp-caption-text\">\u00c9chantillon de toiles Soltis<\/p><\/div>\n<p style=\"text-align: justify;\">Type de toile micro-perfor\u00e9e favorisant le passage de l&rsquo;air et de la lumi\u00e8re, d&rsquo;une pr\u00e9sence tr\u00e8s esth\u00e9tique qui met en valeur les couleurs plastiques et vives, au toucher plastifi\u00e9 et garantie de 3 ans. Son poids par m\u00e8tre carr\u00e9 est de 400 grammes, d&rsquo;une \u00e9paisseur de 0,45 mm, la largeur de bande est de 267 cm, avec une r\u00e9sistance \u00e0 la traction de 230\/230 daN\/5 cm, une r\u00e9sistance \u00e0 la d\u00e9chirure de 30\/25 daN et une r\u00e9sistance au feu M2.<\/p>\n<p><\/div>\n<p style=\"text-align: center;\"><div class=\"column column_column one-fourth column-inner\"><\/p>\n<div id=\"attachment_2387\" style=\"width: 190px\" class=\"wp-caption aligncenter\"><a href=\"https:\/\/www.carpinteria-aluminio.cat\/wp-content\/uploads\/2012\/08\/20130411_163432_resized.jpg\" target=\"_blank\" rel=\"noopener\"><img loading=\"lazy\" decoding=\"async\" aria-describedby=\"caption-attachment-2387\" class=\" wp-image-2387  \" style=\"border: 0px; margin: 0px;\" title=\"\u00c9chantillon de toiles Screen\" src=\"https:\/\/www.carpinteria-aluminio.cat\/wp-content\/uploads\/2012\/08\/20130411_163432_resized-150x150.jpg\" alt=\"\u00c9chantillon de toiles Screen\" width=\"180\" height=\"180\" \/><\/a><p id=\"caption-attachment-2387\" class=\"wp-caption-text\">\u00c9chantillon de toiles Screen<\/p><\/div>\n<p style=\"text-align: justify;\">Tissu compos\u00e9 de 15 % de polyester + 85 % de PVC. Armure satin avec un diam\u00e8tre de fil de 0,40 mm, largeur de bande de 300\/250 cm, d&rsquo;un poids de 605 g\/m2, \u00e9paisseur de la toile de 0,78 mm, avec un taux d&rsquo;ouverture d&rsquo;environ 3 %. R\u00e9sistance au feu classe 1, finitions antibact\u00e9riennes et sans plomb, r\u00e9sistance \u00e0 la traction jusqu&rsquo;\u00e0 150 daN\/5 cm, et \u00e0 la d\u00e9chirure de 10 daN\/5 cm, stabilit\u00e9 thermique de -30\/+70 degr\u00e9s.<\/p>\n<p><\/div>\n<p style=\"text-align: center;\"><div class=\"column column_column one-fourth column-inner\"><\/p>\n<div id=\"attachment_2388\" style=\"width: 190px\" class=\"wp-caption aligncenter\"><a href=\"https:\/\/www.carpinteria-aluminio.cat\/wp-content\/uploads\/2012\/08\/20130411_163510_resized.jpg\" target=\"_blank\" rel=\"noopener\"><img loading=\"lazy\" decoding=\"async\" aria-describedby=\"caption-attachment-2388\" class=\" wp-image-2388 \" style=\"border: 0px; margin: 0px;\" title=\"\u00c9chantillon de toiles acryliques\" src=\"https:\/\/www.carpinteria-aluminio.cat\/wp-content\/uploads\/2012\/08\/20130411_163510_resized-150x150.jpg\" alt=\"\u00c9chantillon de toiles acryliques\" width=\"180\" height=\"180\" \/><\/a><p id=\"caption-attachment-2388\" class=\"wp-caption-text\">\u00c9chantillon de toiles acryliques<\/p><\/div>\n<p style=\"text-align: justify;\">Ce type de toile est le plus utilis\u00e9 et est connu comme la toile de store standard, dont le tissu est compos\u00e9 \u00e0 100% de fibre acrylique teint\u00e9e dans la masse, avec une r\u00e9sistance allant jusqu&rsquo;\u00e0 135 DaN\/5 cm, d&rsquo;un poids d&rsquo;environ 300 gr\/m2. La colonne d&rsquo;eau est d&rsquo;environ 300 mm, la largeur de bande est de 120 cm et la finition est en fluorocarbone.<\/p>\n<p><\/div>\n<p style=\"text-align: center;\"><div class=\"column column_column one-fourth column-last\"><\/p>\n<div id=\"attachment_2389\" style=\"width: 190px\" class=\"wp-caption aligncenter\"><a href=\"https:\/\/www.carpinteria-aluminio.cat\/wp-content\/uploads\/2012\/08\/20130411_163549_resized.jpg\" target=\"_blank\" rel=\"noopener\"><img loading=\"lazy\" decoding=\"async\" aria-describedby=\"caption-attachment-2389\" class=\" wp-image-2389  \" style=\"border: 0px; margin: 0px;\" title=\"\u00c9chantillon de toiles en polyester\" src=\"https:\/\/www.carpinteria-aluminio.cat\/wp-content\/uploads\/2012\/08\/20130411_163549_resized-150x150.jpg\" alt=\"\u00c9chantillon de toiles en polyester\" width=\"180\" height=\"180\" \/><\/a><p id=\"caption-attachment-2389\" class=\"wp-caption-text\">\u00c9chantillon de toiles en polyester<\/p><\/div>\n<p style=\"text-align: justify;\">Tissu fabriqu\u00e9 en polyester 1.100 dtex, avec un rev\u00eatement en PVC, une finition laqu\u00e9e et une r\u00e9sistance au feu de classe M2. La r\u00e9sistance \u00e0 la temp\u00e9rature est de -30\/+80 degr\u00e9s Celsius et pr\u00e9sente une solidit\u00e9 des couleurs \u00e0 la lumi\u00e8re de 7. Le poids est de 600 gr\/m2, une r\u00e9sistance \u00e0 la traction allant jusqu&rsquo;\u00e0 250 daN\/5 cm, et \u00e0 la d\u00e9chirure de 20\/25 daN, la largeur de bande maximale est de 300 cm.<\/p>\n<p><\/div><\/div> \u00a0 \u00a0 \u00a0 \u00a0 Les <strong>Finitions<\/strong> les plus utilis\u00e9es dans la quincaillerie des stores sont :<\/p>\n<div id=\"attachment_1607\" style=\"width: 190px\" class=\"wp-caption alignleft\"><a href=\"https:\/\/www.carpinteria-aluminio.cat\/wp-content\/uploads\/2012\/10\/IMG_1547_resized_1.jpg\" target=\"_blank\" rel=\"noopener\"><img loading=\"lazy\" decoding=\"async\" aria-describedby=\"caption-attachment-1607\" class=\" wp-image-1607  \" style=\"border: 0px; margin: 0px;\" title=\"\u00c9chantillon de laquages RAL\" src=\"https:\/\/www.carpinteria-aluminio.cat\/wp-content\/uploads\/2012\/10\/IMG_1547_resized_1-150x150.jpg\" alt=\"\u00c9chantillon de laquages RAL\" width=\"180\" height=\"180\" \/><\/a><p id=\"caption-attachment-1607\" class=\"wp-caption-text\">\u00c9chantillon de laquages RAL<\/p><\/div>\n<div id=\"attachment_2243\" style=\"width: 190px\" class=\"wp-caption alignright\"><a href=\"https:\/\/www.carpinteria-aluminio.cat\/wp-content\/uploads\/2012\/10\/20130325_132646_resized.jpg\" target=\"_blank\" rel=\"noopener\"><img loading=\"lazy\" decoding=\"async\" aria-describedby=\"caption-attachment-2243\" class=\" wp-image-2243  \" style=\"border: 0px; margin: 0px;\" title=\"Exemples de finitions anodis\u00e9es\" src=\"https:\/\/www.carpinteria-aluminio.cat\/wp-content\/uploads\/2012\/10\/20130325_132646_resized-150x150.jpg\" alt=\"Exemples de finitions anodis\u00e9es\" width=\"180\" height=\"180\" \/><\/a><p id=\"caption-attachment-2243\" class=\"wp-caption-text\">Exemples de finitions anodis\u00e9es<\/p><\/div>\n<p><strong>-Laqu\u00e9s : <\/strong>Choisissez parmi une grande vari\u00e9t\u00e9 de couleurs laqu\u00e9es cuites au four. <strong>-Anodis\u00e9s : <\/strong>Les anodisations les plus courantes sont l&rsquo;argent, l&rsquo;inox, le bronze et le noir. Ce type de traitement offre une grande r\u00e9sistance aux intemp\u00e9ries. Visitez la section <a href=\"https:\/\/www.carpinteria-aluminio.cat\/servicios\/acabados-carpinteria-aluminio-barcelona\/\" target=\"_blank\" rel=\"noopener\">finitions<\/a> de ce site Web pour plus d&rsquo;informations sur ces types de traitements.<\/p>\n<p style=\"text-align: justify;\">Pour plus d&rsquo;informations, <a href=\"https:\/\/www.carpinteria-aluminio.cat\/contacto\/\" target=\"_blank\" rel=\"noopener\">contactez-nous<\/a> ou visitez le site Web de notre principal fabricant de toiles et d&rsquo;accessoires : <a href=\"http:\/\/www.industrialnavarrete.com\/\" target=\"_blank\" rel=\"noopener\">INDUSTRIAL NAVARRETE S.A.<\/a>, situ\u00e9 dans le quartier de Poble Nou de Barcelone et fabriquant uniquement pour les professionnels, il ne fabrique pas pour les particuliers.<\/p>\n<p><!--more--><\/p>\n","protected":false},"excerpt":{"rendered":"<p>\u00c9l\u00e9ment indispensable pour la protection solaire, un store install\u00e9 correctement offre des \u00e9conomies d&rsquo;\u00e9nergie de climatisation qui peuvent surprendre beaucoup d&rsquo;entre nous. Il retient en grande<span class=\"excerpt-hellip\"> [\u2026]<\/span><\/p>\n","protected":false},"author":7,"featured_media":52188,"parent":52003,"menu_order":0,"comment_status":"closed","ping_status":"closed","template":"template-fullwidth.php","meta":{"_joinchat":[],"footnotes":""},"class_list":["post-52186","page","type-page","status-publish","has-post-thumbnail","hentry"],"aioseo_notices":[],"_links":{"self":[{"href":"https:\/\/www.carpinteria-aluminio.cat\/fr\/wp-json\/wp\/v2\/pages\/52186","targetHints":{"allow":["GET"]}}],"collection":[{"href":"https:\/\/www.carpinteria-aluminio.cat\/fr\/wp-json\/wp\/v2\/pages"}],"about":[{"href":"https:\/\/www.carpinteria-aluminio.cat\/fr\/wp-json\/wp\/v2\/types\/page"}],"author":[{"embeddable":true,"href":"https:\/\/www.carpinteria-aluminio.cat\/fr\/wp-json\/wp\/v2\/users\/7"}],"replies":[{"embeddable":true,"href":"https:\/\/www.carpinteria-aluminio.cat\/fr\/wp-json\/wp\/v2\/comments?post=52186"}],"version-history":[{"count":3,"href":"https:\/\/www.carpinteria-aluminio.cat\/fr\/wp-json\/wp\/v2\/pages\/52186\/revisions"}],"predecessor-version":[{"id":52200,"href":"https:\/\/www.carpinteria-aluminio.cat\/fr\/wp-json\/wp\/v2\/pages\/52186\/revisions\/52200"}],"up":[{"embeddable":true,"href":"https:\/\/www.carpinteria-aluminio.cat\/fr\/wp-json\/wp\/v2\/pages\/52003"}],"wp:featuredmedia":[{"embeddable":true,"href":"https:\/\/www.carpinteria-aluminio.cat\/fr\/wp-json\/wp\/v2\/media\/52188"}],"wp:attachment":[{"href":"https:\/\/www.carpinteria-aluminio.cat\/fr\/wp-json\/wp\/v2\/media?parent=52186"}],"curies":[{"name":"wp","href":"https:\/\/api.w.org\/{rel}","templated":true}]}}