{"id":52299,"date":"2013-01-05T14:52:21","date_gmt":"2013-01-05T14:52:21","guid":{"rendered":"https:\/\/www.carpinteria-aluminio.cat\/reparacion-y-mantenimiento\/"},"modified":"2024-06-06T02:06:55","modified_gmt":"2024-06-06T01:06:55","slug":"reparacion-y-mantenimiento","status":"publish","type":"page","link":"https:\/\/www.carpinteria-aluminio.cat\/fr\/reparacion-y-mantenimiento\/","title":{"rendered":"R\u00e9paration et entretien"},"content":{"rendered":"\n<p><\/p>\n\n<p><\/p>\n<div id=\"attachment_443\" style=\"width: 284px\" class=\"wp-caption alignleft\"><a href=\"https:\/\/www.carpinteria-aluminio.cat\/wp-content\/uploads\/2012\/12\/Servicios-accesorios.jpg\" target=\"_blank\" rel=\"noopener\"><img loading=\"lazy\" decoding=\"async\" aria-describedby=\"caption-attachment-443\" class=\" wp-image-443\" style=\"margin: 0px; border: 0px;\" title=\"Pi\u00e8ces d\u00e9tach\u00e9es de toutes sortes\" src=\"https:\/\/www.carpinteria-aluminio.cat\/wp-content\/uploads\/2012\/12\/Servicios-accesorios.jpg\" alt=\"Pi\u00e8ces d\u00e9tach\u00e9es de toutes sortes\" width=\"274\" height=\"200\"><\/a><p id=\"caption-attachment-443\" class=\"wp-caption-text\">Pi\u00e8ces d\u00e9tach\u00e9es de toutes sortes<\/p><\/div>\n<div id=\"attachment_52300\" style=\"width: 284px\" class=\"wp-caption alignleft\"><a style=\"font-size: 13px;\" href=\"https:\/\/www.carpinteria-aluminio.cat\/wp-content\/uploads\/2012\/12\/IMG_0066.jpg\" target=\"_blank\" rel=\"noopener\"><img loading=\"lazy\" decoding=\"async\" aria-describedby=\"caption-attachment-52300\" class=\" wp-image-420 \" style=\"margin: 0px; border: 0px;\" title=\"R\u00e9paration de nos produits\" src=\"https:\/\/www.carpinteria-aluminio.cat\/wp-content\/uploads\/2012\/12\/IMG_0066.jpg\" alt=\"R\u00e9paration de nos produits\" width=\"274\" height=\"200\"><\/a><p id=\"caption-attachment-52300\" class=\"wp-caption-text\">R\u00e9paration de nos produits<\/p><\/div>\n<div id=\"attachment_52301\" style=\"width: 284px\" class=\"wp-caption alignleft\"><a href=\"https:\/\/www.carpinteria-aluminio.cat\/wp-content\/uploads\/2013\/01\/IMG_1573_resized.jpg\" target=\"_blank\" rel=\"noopener\"><img loading=\"lazy\" decoding=\"async\" aria-describedby=\"caption-attachment-52301\" class=\" wp-image-1629\" style=\"margin: 0px; border: 0px;\" title=\"R\u00e9paration \u00e0 domicile\" src=\"https:\/\/www.carpinteria-aluminio.cat\/wp-content\/uploads\/2013\/01\/IMG_1573_resized-300x200.jpg\" alt=\"R\u00e9paration \u00e0 domicile\" width=\"274\" height=\"200\"><\/a><p id=\"caption-attachment-52301\" class=\"wp-caption-text\">R\u00e9paration \u00e0 domicile<\/p><\/div>\n<p style=\"text-align: justify;\">L&rsquo;utilisation d&rsquo;\u00e9l\u00e9ments m\u00e9caniques g\u00e9n\u00e8re de l&rsquo;usure et de l&rsquo;entretien, en r\u00e9parant la pi\u00e8ce endommag\u00e9e nous r\u00e9duirons dans de nombreux cas les efforts inutiles, la consommation d&rsquo;\u00e9nergie suppl\u00e9mentaire ou la durabilit\u00e9 du produit. Chez PONSICO S.C.P. Nous r\u00e9parons tous types d&rsquo;\u00e9l\u00e9ments li\u00e9s \u00e0 nos produits : portes, fen\u00eatres, stores, auvents, barres, moustiquaires de salle de bain, etc. Nous avons en stock des pi\u00e8ces d\u00e9tach\u00e9es de diff\u00e9rents fabricants. Nous nous d\u00e9pla\u00e7ons dans Barcelone, demandez-nous les tarifs en nous contactant, nous nous ferons un plaisir de vous aider.<\/p>\n<p><!--more--><\/p>\n","protected":false},"excerpt":{"rendered":"<p>L&rsquo;utilisation d&rsquo;\u00e9l\u00e9ments m\u00e9caniques g\u00e9n\u00e8re de l&rsquo;usure et de l&rsquo;entretien, en r\u00e9parant la pi\u00e8ce endommag\u00e9e nous r\u00e9duirons dans de nombreux cas les efforts inutiles, la consommation d&rsquo;\u00e9nergie<span class=\"excerpt-hellip\"> [\u2026]<\/span><\/p>\n","protected":false},"author":1,"featured_media":0,"parent":0,"menu_order":0,"comment_status":"closed","ping_status":"open","template":"","meta":{"_joinchat":[],"footnotes":""},"class_list":["post-52299","page","type-page","status-publish","hentry"],"aioseo_notices":[],"_links":{"self":[{"href":"https:\/\/www.carpinteria-aluminio.cat\/fr\/wp-json\/wp\/v2\/pages\/52299","targetHints":{"allow":["GET"]}}],"collection":[{"href":"https:\/\/www.carpinteria-aluminio.cat\/fr\/wp-json\/wp\/v2\/pages"}],"about":[{"href":"https:\/\/www.carpinteria-aluminio.cat\/fr\/wp-json\/wp\/v2\/types\/page"}],"author":[{"embeddable":true,"href":"https:\/\/www.carpinteria-aluminio.cat\/fr\/wp-json\/wp\/v2\/users\/1"}],"replies":[{"embeddable":true,"href":"https:\/\/www.carpinteria-aluminio.cat\/fr\/wp-json\/wp\/v2\/comments?post=52299"}],"version-history":[{"count":11,"href":"https:\/\/www.carpinteria-aluminio.cat\/fr\/wp-json\/wp\/v2\/pages\/52299\/revisions"}],"predecessor-version":[{"id":52312,"href":"https:\/\/www.carpinteria-aluminio.cat\/fr\/wp-json\/wp\/v2\/pages\/52299\/revisions\/52312"}],"wp:attachment":[{"href":"https:\/\/www.carpinteria-aluminio.cat\/fr\/wp-json\/wp\/v2\/media?parent=52299"}],"curies":[{"name":"wp","href":"https:\/\/api.w.org\/{rel}","templated":true}]}}