{"id":52404,"date":"2013-02-28T18:42:23","date_gmt":"2013-02-28T17:42:23","guid":{"rendered":"https:\/\/www.carpinteria-aluminio.cat\/information\/medio-ambiente\/"},"modified":"2024-06-06T06:16:58","modified_gmt":"2024-06-06T05:16:58","slug":"environnement","status":"publish","type":"page","link":"https:\/\/www.carpinteria-aluminio.cat\/fr\/information\/environnement\/","title":{"rendered":"Environnement"},"content":{"rendered":"<div id=\"attachment_52408\" style=\"width: 284px\" class=\"wp-caption alignleft\"><a href=\"https:\/\/www.carpinteria-aluminio.cat\/wp-content\/uploads\/2013\/02\/20130322_124549_resized.jpg\" target=\"_blank\" rel=\"noopener\"><img loading=\"lazy\" decoding=\"async\" aria-describedby=\"caption-attachment-52408\" class=\" wp-image-2221 \" style=\"margin: 0px; border: 0px;\" title=\"Conteneur de recyclage en aluminium\" src=\"https:\/\/www.carpinteria-aluminio.cat\/wp-content\/uploads\/2013\/02\/20130322_124549_resized-300x225.jpg\" alt=\"Conteneur de recyclage en aluminium\" width=\"274\" height=\"200\"><\/a><p id=\"caption-attachment-52408\" class=\"wp-caption-text\">Conteneur de recyclage en aluminium<\/p><\/div>\n<div id=\"attachment_52405\" style=\"width: 284px\" class=\"wp-caption alignleft\"><img loading=\"lazy\" decoding=\"async\" aria-describedby=\"caption-attachment-52405\" class=\" wp-image-1881 \" style=\"margin: 0px; border: 0px;\" title=\"Recyclage\" src=\"https:\/\/www.carpinteria-aluminio.cat\/wp-content\/uploads\/2013\/02\/2013-02-27-23-48-34-1287735894-1.jpeg\" alt=\"Recyclage\" width=\"274\" height=\"200\"><p id=\"caption-attachment-52405\" class=\"wp-caption-text\">Recyclage<\/p><\/div>\n<div id=\"attachment_52409\" style=\"width: 284px\" class=\"wp-caption alignleft\"><a href=\"https:\/\/www.carpinteria-aluminio.cat\/wp-content\/uploads\/2013\/02\/20130322_124708_resized.jpg\" target=\"_blank\" rel=\"noopener\"><img loading=\"lazy\" decoding=\"async\" aria-describedby=\"caption-attachment-52409\" class=\" wp-image-2222 \" style=\"margin: 0px; border: 0px;\" title=\"Conteneur de recyclage du verre\" src=\"https:\/\/www.carpinteria-aluminio.cat\/wp-content\/uploads\/2013\/02\/20130322_124708_resized-300x225.jpg\" alt=\"Conteneur de recyclage du verre\" width=\"274\" height=\"200\"><\/a><p id=\"caption-attachment-52409\" class=\"wp-caption-text\">Conteneur de recyclage du verre<\/p><\/div>\n<p style=\"text-align: justify;\"><span style=\"font-size: 13px;\">Chez PONSICO S.C.P. Nous nous engageons envers l&rsquo;environnement. Nous sommes responsables de trier et de recycler personnellement toute la mati\u00e8re extraite de notre travail. Verre, plastiques, m\u00e9taux, bois\u2026 tout est s\u00e9par\u00e9 \u00e0 Punt Verd afin d&rsquo;une part d&rsquo;am\u00e9liorer l&rsquo;environnement, et d&rsquo;autre part de d\u00e9loger nos moyens de transport afin d&rsquo;acc\u00e9l\u00e9rer les travaux. Dans l&rsquo;atelier, les d\u00e9chets d&rsquo;aluminium restant apr\u00e8s la fabrication sont collect\u00e9s par une entreprise d\u00e9di\u00e9e \u00e0 cet effet, pour un recyclage ult\u00e9rieur, qui dans un certain pourcentage sera inclus dans le nouveau mat\u00e9riau r\u00e9cemment extrud\u00e9 et incorpor\u00e9 dans les nouvelles structures m\u00e9canis\u00e9es. Une autre entreprise distincte s&rsquo;occupe du verre de la m\u00eame mani\u00e8re, en recyclant les restes de nos coupes de verre.<\/span><\/p>\n<p><!--more--><\/p>\n","protected":false},"excerpt":{"rendered":"<p>Chez PONSICO S.C.P. Nous nous engageons envers l&rsquo;environnement. Nous sommes responsables de trier et de recycler personnellement toute la mati\u00e8re extraite de notre travail. Verre, plastiques,<span class=\"excerpt-hellip\"> [\u2026]<\/span><\/p>\n","protected":false},"author":5,"featured_media":0,"parent":52245,"menu_order":4,"comment_status":"closed","ping_status":"closed","template":"template-fullwidth.php","meta":{"_joinchat":[],"footnotes":""},"class_list":["post-52404","page","type-page","status-publish","hentry"],"aioseo_notices":[],"_links":{"self":[{"href":"https:\/\/www.carpinteria-aluminio.cat\/fr\/wp-json\/wp\/v2\/pages\/52404","targetHints":{"allow":["GET"]}}],"collection":[{"href":"https:\/\/www.carpinteria-aluminio.cat\/fr\/wp-json\/wp\/v2\/pages"}],"about":[{"href":"https:\/\/www.carpinteria-aluminio.cat\/fr\/wp-json\/wp\/v2\/types\/page"}],"author":[{"embeddable":true,"href":"https:\/\/www.carpinteria-aluminio.cat\/fr\/wp-json\/wp\/v2\/users\/5"}],"replies":[{"embeddable":true,"href":"https:\/\/www.carpinteria-aluminio.cat\/fr\/wp-json\/wp\/v2\/comments?post=52404"}],"version-history":[{"count":2,"href":"https:\/\/www.carpinteria-aluminio.cat\/fr\/wp-json\/wp\/v2\/pages\/52404\/revisions"}],"predecessor-version":[{"id":52412,"href":"https:\/\/www.carpinteria-aluminio.cat\/fr\/wp-json\/wp\/v2\/pages\/52404\/revisions\/52412"}],"up":[{"embeddable":true,"href":"https:\/\/www.carpinteria-aluminio.cat\/fr\/wp-json\/wp\/v2\/pages\/52245"}],"wp:attachment":[{"href":"https:\/\/www.carpinteria-aluminio.cat\/fr\/wp-json\/wp\/v2\/media?parent=52404"}],"curies":[{"name":"wp","href":"https:\/\/api.w.org\/{rel}","templated":true}]}}