{"id":52502,"date":"2013-01-21T22:31:41","date_gmt":"2013-01-21T22:31:41","guid":{"rendered":"https:\/\/www.carpinteria-aluminio.cat\/notre-entreprise\/clientes\/"},"modified":"2024-06-06T06:50:51","modified_gmt":"2024-06-06T05:50:51","slug":"clients","status":"publish","type":"page","link":"https:\/\/www.carpinteria-aluminio.cat\/fr\/notre-entreprise\/clients\/","title":{"rendered":"Clients"},"content":{"rendered":"<p style=\"text-align: justify;\">Chez Menuiserie Aluminium Ponsico&nbsp;Nous pensons que la confiance de nos clients est notre atout le plus pr\u00e9cieux ; Depuis le d\u00e9but de notre activit\u00e9, notre principale forme de promotion a \u00e9t\u00e9 le \u00ab\u00a0bouche \u00e0 oreille\u00a0\u00bb aupr\u00e8s de nos familles et de nos clients.&nbsp;et c&rsquo;est pourquoi nous souhaitons le mettre en valeur dans ce nouveau mode de communication avec nos futurs clients. De cette mani\u00e8re, nous souhaitons que nos clients nous donnent leur avis sur leur exp\u00e9rience avec nous pour le rendre public dans cette section. Si vous nous connaissez, \u00e9crivez un commentaire et&nbsp;vous allez recevoir&nbsp;un petit cadeau de remerciement. Afin de pr\u00e9server la vie priv\u00e9e de nos clients, les commentaires seront publi\u00e9s uniquement sous leur pr\u00e9nom, sans inclure leur nom, num\u00e9ro de t\u00e9l\u00e9phone ou adresse.<\/p>\n<p><!--more--><\/p>\n","protected":false},"excerpt":{"rendered":"<p>Chez Menuiserie Aluminium Ponsico&nbsp;Nous pensons que la confiance de nos clients est notre atout le plus pr\u00e9cieux ; Depuis le d\u00e9but de notre activit\u00e9, notre principale<span class=\"excerpt-hellip\"> [\u2026]<\/span><\/p>\n","protected":false},"author":3,"featured_media":0,"parent":52480,"menu_order":0,"comment_status":"open","ping_status":"open","template":"","meta":{"_joinchat":[],"footnotes":""},"class_list":["post-52502","page","type-page","status-publish","hentry"],"aioseo_notices":[],"_links":{"self":[{"href":"https:\/\/www.carpinteria-aluminio.cat\/fr\/wp-json\/wp\/v2\/pages\/52502","targetHints":{"allow":["GET"]}}],"collection":[{"href":"https:\/\/www.carpinteria-aluminio.cat\/fr\/wp-json\/wp\/v2\/pages"}],"about":[{"href":"https:\/\/www.carpinteria-aluminio.cat\/fr\/wp-json\/wp\/v2\/types\/page"}],"author":[{"embeddable":true,"href":"https:\/\/www.carpinteria-aluminio.cat\/fr\/wp-json\/wp\/v2\/users\/3"}],"replies":[{"embeddable":true,"href":"https:\/\/www.carpinteria-aluminio.cat\/fr\/wp-json\/wp\/v2\/comments?post=52502"}],"version-history":[{"count":2,"href":"https:\/\/www.carpinteria-aluminio.cat\/fr\/wp-json\/wp\/v2\/pages\/52502\/revisions"}],"predecessor-version":[{"id":52505,"href":"https:\/\/www.carpinteria-aluminio.cat\/fr\/wp-json\/wp\/v2\/pages\/52502\/revisions\/52505"}],"up":[{"embeddable":true,"href":"https:\/\/www.carpinteria-aluminio.cat\/fr\/wp-json\/wp\/v2\/pages\/52480"}],"wp:attachment":[{"href":"https:\/\/www.carpinteria-aluminio.cat\/fr\/wp-json\/wp\/v2\/media?parent=52502"}],"curies":[{"name":"wp","href":"https:\/\/api.w.org\/{rel}","templated":true}]}}