{"id":52506,"date":"2013-01-05T14:46:14","date_gmt":"2013-01-05T14:46:14","guid":{"rendered":"https:\/\/www.carpinteria-aluminio.cat\/notre-entreprise\/colaboradores\/"},"modified":"2024-06-06T06:55:41","modified_gmt":"2024-06-06T05:55:41","slug":"collaborateurs","status":"publish","type":"page","link":"https:\/\/www.carpinteria-aluminio.cat\/fr\/notre-entreprise\/collaborateurs\/","title":{"rendered":"Collaborateurs"},"content":{"rendered":"<p style=\"text-align: center;\">Chez Menuiserie Aluminium Ponsico, nous offrons le service d\u2019autres entreprises amicales de divers secteurs : <div class=\"column column_column one-fourth column-\"><\/p>\n<p style=\"text-align: center;\"><strong>&nbsp; Jordi Mu\u00f1oz&nbsp;<\/strong><\/p>\n<p style=\"text-align: center;\">Peinture g\u00e9n\u00e9rale et d\u00e9corative<\/p>\n<p style=\"text-align: center;\">t\u00e9l\u00e9phone: 633553491<\/p>\n<p style=\"text-align: center;\"><strong>&#8211; Peintre &#8211;<\/strong>&nbsp;<\/p>\n<p style=\"text-align: center;\"><\/div> <div class=\"column column_column one-fourth column-\"><\/p>\n<p style=\"text-align: center;\">&nbsp; &nbsp; &nbsp; &nbsp; &nbsp; &nbsp; &nbsp; &nbsp; &nbsp; &nbsp; &nbsp; &nbsp; &nbsp; &nbsp; &nbsp; &nbsp; &nbsp; &nbsp; &nbsp; &nbsp; &nbsp; &nbsp; &nbsp; &nbsp; &nbsp;<a href=\"https:\/\/www.kiwop.com\/\"><img loading=\"lazy\" decoding=\"async\" class=\"aligncenter\" src=\"https:\/\/www.kiwop.com\/wp-content\/uploads\/2019\/11\/kiwop-logo.svg\" alt=\"Kiwop\" width=\"180\" height=\"49\"><\/a><\/p>\n<p style=\"text-align: center;\"><strong>&#8211; D\u00e9veloppement web &#8211;<\/strong><\/p>\n<p style=\"text-align: center;\"><\/div> <div class=\"column column_column one-fourth column-\"><\/p>\n<\/p>\n<p><a href=\"http:\/\/backup-av.com\/\"><img loading=\"lazy\" decoding=\"async\" class=\"aligncenter\" src=\"https:\/\/www.carpinteria-aluminio.cat\/wp-content\/uploads\/2020\/06\/backup-logo.jpg\" alt=\"L'image a un attribut ALT vide ; Son nom de fichier est backup-logo.jpg\" width=\"229\" height=\"74\"><\/a><\/p>\n<p style=\"text-align: center;\"><strong>&#8211; Int\u00e9gration de syst\u00e8mes audiovisuels &#8211;<\/strong><\/p>\n<\/p>\n<p style=\"text-align: center;\"><\/div> <div class=\"column column_column one-fourth column-\"><\/div>\n<\/p>\n<p style=\"text-align: center;\">\n<p><!--more--><\/p>\n\n<p><\/p>\n","protected":false},"excerpt":{"rendered":"<p>Chez Menuiserie Aluminium Ponsico, nous offrons le service d\u2019autres entreprises amicales de divers secteurs :<\/p>\n","protected":false},"author":4,"featured_media":52508,"parent":52480,"menu_order":0,"comment_status":"open","ping_status":"open","template":"","meta":{"_joinchat":[],"footnotes":""},"class_list":["post-52506","page","type-page","status-publish","has-post-thumbnail","hentry"],"aioseo_notices":[],"_links":{"self":[{"href":"https:\/\/www.carpinteria-aluminio.cat\/fr\/wp-json\/wp\/v2\/pages\/52506","targetHints":{"allow":["GET"]}}],"collection":[{"href":"https:\/\/www.carpinteria-aluminio.cat\/fr\/wp-json\/wp\/v2\/pages"}],"about":[{"href":"https:\/\/www.carpinteria-aluminio.cat\/fr\/wp-json\/wp\/v2\/types\/page"}],"author":[{"embeddable":true,"href":"https:\/\/www.carpinteria-aluminio.cat\/fr\/wp-json\/wp\/v2\/users\/4"}],"replies":[{"embeddable":true,"href":"https:\/\/www.carpinteria-aluminio.cat\/fr\/wp-json\/wp\/v2\/comments?post=52506"}],"version-history":[{"count":2,"href":"https:\/\/www.carpinteria-aluminio.cat\/fr\/wp-json\/wp\/v2\/pages\/52506\/revisions"}],"predecessor-version":[{"id":52515,"href":"https:\/\/www.carpinteria-aluminio.cat\/fr\/wp-json\/wp\/v2\/pages\/52506\/revisions\/52515"}],"up":[{"embeddable":true,"href":"https:\/\/www.carpinteria-aluminio.cat\/fr\/wp-json\/wp\/v2\/pages\/52480"}],"wp:featuredmedia":[{"embeddable":true,"href":"https:\/\/www.carpinteria-aluminio.cat\/fr\/wp-json\/wp\/v2\/media\/52508"}],"wp:attachment":[{"href":"https:\/\/www.carpinteria-aluminio.cat\/fr\/wp-json\/wp\/v2\/media?parent=52506"}],"curies":[{"name":"wp","href":"https:\/\/api.w.org\/{rel}","templated":true}]}}