{"id":52524,"date":"2013-01-05T14:46:59","date_gmt":"2013-01-05T14:46:59","guid":{"rendered":"https:\/\/www.carpinteria-aluminio.cat\/notre-entreprise\/historia\/"},"modified":"2025-06-01T09:40:51","modified_gmt":"2025-06-01T08:40:51","slug":"histoire","status":"publish","type":"page","link":"https:\/\/www.carpinteria-aluminio.cat\/fr\/notre-entreprise\/histoire\/","title":{"rendered":"Histoire"},"content":{"rendered":"<div id=\"attachment_52525\" style=\"width: 510px\" class=\"wp-caption alignright\"><a href=\"https:\/\/www.carpinteria-aluminio.cat\/wp-content\/uploads\/2013\/01\/IMG_2116_resized.jpg\" target=\"_blank\" rel=\"noopener\"><img loading=\"lazy\" decoding=\"async\" aria-describedby=\"caption-attachment-52525\" class=\"wp-image-2096 \" style=\"border: 2px solid black; margin: 1px;\" title=\"vieilles perceuses\" src=\"https:\/\/www.carpinteria-aluminio.cat\/wp-content\/uploads\/2013\/01\/IMG_2116_resized-1024x682.jpg\" alt=\"vieilles perceuses\" width=\"500\" height=\"300\" \/><\/a><p id=\"caption-attachment-52525\" class=\"wp-caption-text\">vieilles perceuses<\/p><\/div>\n<p data-start=\"0\" data-end=\"485\">L\u2019histoire de <strong data-start=\"14\" data-end=\"49\">Carpinter\u00eda de Aluminio Ponsico<\/strong> commence en <strong data-start=\"62\" data-end=\"70\">1971<\/strong>, lorsque <strong data-start=\"80\" data-end=\"101\">Francisco Ponsico<\/strong> obtient son dipl\u00f4me avec mention du <strong data-start=\"138\" data-end=\"168\">syndicat de la m\u00e9tallurgie<\/strong> \u00e0 l\u2019<strong data-start=\"173\" data-end=\"207\">Escola Industrial de Barcelone<\/strong>. D\u00e8s lors, il r\u00e9alise ses premiers travaux pour des amis et des membres de sa famille, alliant formation, vocation et savoir-faire technique. Cette \u00e9tape marque le d\u00e9but d\u2019un parcours professionnel \u00e9troitement li\u00e9 au secteur de la m\u00e9tallurgie et \u00e0 l\u2019amour du travail bien fait.<\/p>\n<p data-start=\"487\" data-end=\"968\" data-is-last-node=\"\" data-is-only-node=\"\">En <strong data-start=\"490\" data-end=\"498\">1975<\/strong>, Francisco Ponsico se lance dans le domaine de la <strong data-start=\"549\" data-end=\"576\">menuiserie en aluminium<\/strong>, tout en poursuivant son travail dans la <strong data-start=\"618\" data-end=\"663\">maintenance industrielle chez Claved S.A.<\/strong>, et en collaborant avec des amis du secteur du b\u00e2timent. Il s\u2019associe avec son beau-fr\u00e8re, <strong data-start=\"755\" data-end=\"773\">Jos\u00e9 Cangueiro<\/strong>, et b\u00e9n\u00e9ficie du soutien indispensable de son \u00e9pouse, <strong data-start=\"828\" data-end=\"848\">Teresa Cangueiro<\/strong>, s\u2019installant de mani\u00e8re \u00ab\u00a0informelle\u00a0\u00bb dans un local situ\u00e9 <strong data-start=\"907\" data-end=\"924\">rue Ind\u00fastria<\/strong>, dans le quartier de <strong data-start=\"946\" data-end=\"967\">Navas \u00e0 Barcelone<\/strong>.<\/p>\n<p style=\"text-align: justify;\">Dans <strong>1983<\/strong>, Francisco commence son aventure entrepreneuriale avec son beau-fr\u00e8re Jos\u00e9 Cangueiro et la collaboration essentielle de son \u00e9pouse Teresa Canguerio, en s&rsquo;installant \u00ab officieusement \u00bb dans un endroit de la rue.<strong>Industrie<\/strong> du quartier Navas de Barcelone.<\/p>\n<p style=\"text-align: justify;\">Dans <strong>1984<\/strong>, Francisco fonde officiellement, avec son ami Jos\u00e9 Ca\u00f1as, une petite entreprise de menuiserie en aluminium dans le quartier Navas de Barcelone, au confluent de Felipe II et de la Calle Felipe II. <strong>Palence<\/strong>, sous le nom de <strong>RUSERLI<\/strong>, en hommage \u00e0 ses enfants alors uniques (Ruben, Sergio et L\u00eddia).<\/p>\n<p style=\"text-align: justify;\">Dans<strong>1986<\/strong>, Jos\u00e9 Ca\u00f1as quitte l&rsquo;entreprise, Francisco s&rsquo;associe alors avec Jos\u00e9 Fernandez, le si\u00e8ge social d\u00e9m\u00e9nage \u00e0 l&rsquo;avenue <strong>M\u00e9ridien<\/strong> dans le m\u00eame quartier et l&rsquo;entreprise change de nom en adoptant le nom actuel de <strong>Menuiserie Aluminium Ponsico<\/strong>.<\/p>\n<p style=\"text-align: justify;\">Dans<strong>1987<\/strong> le quartier g\u00e9n\u00e9ral d\u00e9m\u00e9nage dans la rue <strong>Murcie 29<\/strong> du m\u00eame quartier, o\u00f9 se trouvent l&rsquo;exposition et le bureau actuels.<\/p>\n<p style=\"text-align: justify;\">Dans <strong>1988<\/strong>, Pour des raisons personnelles, Jos\u00e9 Fern\u00e1ndez quitte l&rsquo;entreprise et <strong>Teresa Canguerio<\/strong> Elle rejoint officiellement l&rsquo;entreprise, en tant qu&rsquo;associ\u00e9e, alliant l&rsquo;accompagnement de ses 3 enfants (\u00e2g\u00e9s de 2, 8 et 10 ans) aux t\u00e2ches de gestion, d&rsquo;administration, de comptabilit\u00e9 et de service client.<\/p>\n<p style=\"text-align: justify;\">Pendant le <strong>ann\u00e9es 90<\/strong> l&rsquo;entreprise est \u00e0 son meilleur <strong>splendeur<\/strong>, employant jusqu&rsquo;\u00e0 8 personnes, bas\u00e9 sur l&rsquo;artisanat et le travail d&rsquo;\u00e9quipe, une attention personnalis\u00e9e \u00e0 chaque client et renon\u00e7ant aux grandes constructions (qui pr\u00e9sentent un grand risque malgr\u00e9 le b\u00e9n\u00e9fice net \u00e9lev\u00e9) ou aux campagnes publicitaires au-del\u00e0 du \u00ab\u00a0bouche \u00e0 oreille\u00a0\u00bb parmi nos. famille et clients.<\/p>\n<p style=\"text-align: justify;\">Au cours de la premi\u00e8re d\u00e9cennie de<strong> XXI si\u00e8cle<\/strong>, co\u00efncidant avec l&rsquo;incorporation \u00e0 temps plein de <strong>Rub\u00e9n Ponsico<\/strong> (fils a\u00een\u00e9 de Francisco et Teresa), l&rsquo;atelier de m\u00e9canisation d\u00e9m\u00e9nage dans les locaux de la rue <strong>Murcie 33<\/strong>, en augmentant la capacit\u00e9 de m\u00e9canisation et d&rsquo;entrep\u00f4t ainsi que les m\u00e8tres carr\u00e9s d&rsquo;exposition (\u00e0 Murcie 29), nous permettant d&rsquo;offrir un meilleur service \u00e0 la client\u00e8le et des prix plus comp\u00e9titifs.<\/p>\n<p style=\"text-align: justify;\">Dans cette premi\u00e8re moiti\u00e9 de la d\u00e9cennie du <strong>ann\u00e9es 10<\/strong>, conditionn\u00e9 par la crise \u00e9conomique, Carpinter\u00eda de Aluminio Ponsico d\u00e9cide de faire un pas en avant et de rejoindre le <strong>nouvelles technologies<\/strong> cr\u00e9er cette page <strong>web<\/strong>,comptes dans <strong>facebook<\/strong>, <strong>twitter<\/strong> et <strong>LinkedIn<\/strong>, dans le but de rencontrer de nouveaux clients et de leur offrir un meilleur service (pr\u00e9sentation de nos produits et services) et d&rsquo;int\u00e9grer de nouveaux <strong>Technologies avanc\u00e9es<\/strong> dans le secteur, comme <strong>Nouveaux mat\u00e9riaux<\/strong> (isolation thermique, acoustique et lumineuse) ou <strong>automatisations<\/strong> (moteurs, capteurs de lumi\u00e8re et de vent, commandes \u00e0 distance et en ligne&#8230;).<\/p>\n<p><!--more--><\/p>\n","protected":false},"excerpt":{"rendered":"<p>L\u2019histoire de Carpinter\u00eda de Aluminio Ponsico commence en 1971, lorsque Francisco Ponsico obtient son dipl\u00f4me avec mention du syndicat de la m\u00e9tallurgie \u00e0 l\u2019Escola Industrial de<span class=\"excerpt-hellip\"> [\u2026]<\/span><\/p>\n","protected":false},"author":1,"featured_media":0,"parent":52480,"menu_order":0,"comment_status":"closed","ping_status":"open","template":"","meta":{"_joinchat":[],"footnotes":""},"class_list":["post-52524","page","type-page","status-publish","hentry"],"aioseo_notices":[],"_links":{"self":[{"href":"https:\/\/www.carpinteria-aluminio.cat\/fr\/wp-json\/wp\/v2\/pages\/52524","targetHints":{"allow":["GET"]}}],"collection":[{"href":"https:\/\/www.carpinteria-aluminio.cat\/fr\/wp-json\/wp\/v2\/pages"}],"about":[{"href":"https:\/\/www.carpinteria-aluminio.cat\/fr\/wp-json\/wp\/v2\/types\/page"}],"author":[{"embeddable":true,"href":"https:\/\/www.carpinteria-aluminio.cat\/fr\/wp-json\/wp\/v2\/users\/1"}],"replies":[{"embeddable":true,"href":"https:\/\/www.carpinteria-aluminio.cat\/fr\/wp-json\/wp\/v2\/comments?post=52524"}],"version-history":[{"count":5,"href":"https:\/\/www.carpinteria-aluminio.cat\/fr\/wp-json\/wp\/v2\/pages\/52524\/revisions"}],"predecessor-version":[{"id":67370,"href":"https:\/\/www.carpinteria-aluminio.cat\/fr\/wp-json\/wp\/v2\/pages\/52524\/revisions\/67370"}],"up":[{"embeddable":true,"href":"https:\/\/www.carpinteria-aluminio.cat\/fr\/wp-json\/wp\/v2\/pages\/52480"}],"wp:attachment":[{"href":"https:\/\/www.carpinteria-aluminio.cat\/fr\/wp-json\/wp\/v2\/media?parent=52524"}],"curies":[{"name":"wp","href":"https:\/\/api.w.org\/{rel}","templated":true}]}}