{"id":52534,"date":"2012-08-16T16:02:07","date_gmt":"2012-08-16T16:02:07","guid":{"rendered":"https:\/\/www.carpinteria-aluminio.cat\/pla-renovat-2020\/"},"modified":"2024-06-06T07:23:43","modified_gmt":"2024-06-06T06:23:43","slug":"pla-renovat-2020","status":"publish","type":"page","link":"https:\/\/www.carpinteria-aluminio.cat\/fr\/pla-renovat-2020\/","title":{"rendered":"Pla Renova&rsquo;t 2020"},"content":{"rendered":"<p>Le Plan Renova&rsquo;t pour les fen\u00eatres et les cl\u00f4tures de l&rsquo;Institut Catalan de l&rsquo;\u00c9nergie (ICAEN) a pour objectif de promouvoir le remplacement des fermetures ext\u00e9rieures pour am\u00e9liorer l&rsquo;efficacit\u00e9 \u00e9nerg\u00e9tique des maisons catalanes et r\u00e9duire la consommation d&rsquo;\u00e9nergie. Renouvellement des enveloppes telles que les fen\u00eatres, les portes, le verre et les lucarnes par des \u00e9l\u00e9ments plus efficaces thermiquement qui am\u00e9liorent l&rsquo;efficacit\u00e9 thermique d&rsquo;au moins 20 %.<\/p>\n<p>Nous n\u2019avons actuellement pas connaissance de l\u2019existence d\u2019un Plan Renova\u2019t 2020. Nous resterons vigilants pour pouvoir vous offrir plus d&rsquo;informations s&rsquo;il existe un Plan d&rsquo;action en efficacit\u00e9 \u00e9nerg\u00e9tique.<\/p>\n<p>Les ann\u00e9es pr\u00e9c\u00e9dentes, les actions suivantes ont \u00e9t\u00e9 subventionn\u00e9es :<\/p>\n<ul>\n<li>Remplacement des fermetures thermiquement inefficaces (fen\u00eatres, portes, vitrages, lucarnes) par des fermetures efficaces, dans les b\u00e2timents du territoire catalan, et qui apportent une am\u00e9lioration d&rsquo;au moins 20% de leur efficacit\u00e9 thermique.<\/li>\n<li>Les fermetures doivent \u00eatre en zone habitable en contact avec l&rsquo;ext\u00e9rieur ou en contact avec un espace non habitable.<\/li>\n<li>La surface de l&rsquo;ouverture consid\u00e9r\u00e9e est le vide de travail (fermeture mesur\u00e9e depuis l&rsquo;ext\u00e9rieur).<\/li>\n<li>En cas de renouvellement de la fermeture des logements, il doit s&rsquo;agir de la premi\u00e8re r\u00e9sidence du demandeur.<\/li>\n<\/ul>\n<p>Toutes les personnes physiques et morales list\u00e9es ci-dessous ont \u00e9t\u00e9 consid\u00e9r\u00e9es comme b\u00e9n\u00e9ficiaires et ont pu b\u00e9n\u00e9ficier des aides r\u00e9glement\u00e9es dans la pr\u00e9sente R\u00e9solution :<\/p>\n<p>Pour les r\u00e9sidences priv\u00e9es :<\/p>\n<ul>\n<li>Familles (les communaut\u00e9s de biens form\u00e9es par les familles sont incluses dans ce type de b\u00e9n\u00e9ficiaire).<\/li>\n<\/ul>\n<p>Pour les b\u00e2timents du tiers secteur et les actions globales en immeubles r\u00e9sidentiels :<\/p>\n<ul>\n<li>Familles (les communaut\u00e9s de propri\u00e9taires constitu\u00e9es de familles sont incluses dans ce type de b\u00e9n\u00e9ficiaire).<\/li>\n<li>Entreprises priv\u00e9es.<\/li>\n<li>Institutions \u00e0 but non lucratif.<\/li>\n<li>Fondations.<\/li>\n<li>Autres institutions \u00e0 but non lucratif et autres personnes morales Familles (les communaut\u00e9s de propri\u00e9taires form\u00e9es par des familles sont incluses dans cette typologie de b\u00e9n\u00e9ficiaires).<\/li>\n<\/ul>\n<p><!--more--><\/p>\n","protected":false},"excerpt":{"rendered":"<p>Le Plan Renova&rsquo;t pour les fen\u00eatres et les cl\u00f4tures de l&rsquo;Institut Catalan de l&rsquo;\u00c9nergie (ICAEN) a pour objectif de promouvoir le remplacement des fermetures ext\u00e9rieures pour<span class=\"excerpt-hellip\"> [\u2026]<\/span><\/p>\n","protected":false},"author":1,"featured_media":0,"parent":0,"menu_order":0,"comment_status":"closed","ping_status":"closed","template":"","meta":{"_joinchat":[],"footnotes":""},"class_list":["post-52534","page","type-page","status-publish","hentry"],"aioseo_notices":[],"_links":{"self":[{"href":"https:\/\/www.carpinteria-aluminio.cat\/fr\/wp-json\/wp\/v2\/pages\/52534","targetHints":{"allow":["GET"]}}],"collection":[{"href":"https:\/\/www.carpinteria-aluminio.cat\/fr\/wp-json\/wp\/v2\/pages"}],"about":[{"href":"https:\/\/www.carpinteria-aluminio.cat\/fr\/wp-json\/wp\/v2\/types\/page"}],"author":[{"embeddable":true,"href":"https:\/\/www.carpinteria-aluminio.cat\/fr\/wp-json\/wp\/v2\/users\/1"}],"replies":[{"embeddable":true,"href":"https:\/\/www.carpinteria-aluminio.cat\/fr\/wp-json\/wp\/v2\/comments?post=52534"}],"version-history":[{"count":2,"href":"https:\/\/www.carpinteria-aluminio.cat\/fr\/wp-json\/wp\/v2\/pages\/52534\/revisions"}],"predecessor-version":[{"id":52536,"href":"https:\/\/www.carpinteria-aluminio.cat\/fr\/wp-json\/wp\/v2\/pages\/52534\/revisions\/52536"}],"wp:attachment":[{"href":"https:\/\/www.carpinteria-aluminio.cat\/fr\/wp-json\/wp\/v2\/media?parent=52534"}],"curies":[{"name":"wp","href":"https:\/\/api.w.org\/{rel}","templated":true}]}}