{"id":52537,"date":"2019-09-04T08:10:38","date_gmt":"2019-09-04T07:10:38","guid":{"rendered":"https:\/\/www.carpinteria-aluminio.cat\/politica-de-cookies\/"},"modified":"2024-06-06T07:36:37","modified_gmt":"2024-06-06T06:36:37","slug":"politique-de-cookies","status":"publish","type":"page","link":"https:\/\/www.carpinteria-aluminio.cat\/fr\/politique-de-cookies\/","title":{"rendered":"Politique de cookies"},"content":{"rendered":"\n<p>Ce site Web utilise des cookies pour am\u00e9liorer l&rsquo;exp\u00e9rience utilisateur. Vous trouverez ci-dessous des informations sur ce que sont les cookies, le type de cookies utilis\u00e9 par cette page, comment d\u00e9sactiver les cookies dans votre navigateur et comment d\u00e9sactiver sp\u00e9cifiquement l&rsquo;installation de cookies tiers. Si vous ne trouvez pas les informations sp\u00e9cifiques que vous recherchez, veuillez envoyer un e-mail \u00e0 ponsicoscp@hotmail.com<\/p>\n\n<ol class=\"wp-block-list\"><li><strong>ANT\u00c9C\u00c9DENTS<\/strong><\/li><\/ol>\n\n<p>Conform\u00e9ment \u00e0 la r\u00e9glementation espagnole qui r\u00e9glemente l&rsquo;utilisation de cookies dans le cadre de la fourniture de services de communications \u00e9lectroniques, contenue dans le d\u00e9cret-loi royal 13\/2012 du 30 mars, nous vous informons des cookies utilis\u00e9s sur le site Web de <strong>RUB\u00c9N PONSICO CANGUEIRO<\/strong>(aussi \u00ab\u00a0<strong>RPC<\/strong>\u00a0\u00bb ou la \u00ab\u00a0<strong>Pr\u00eateur<\/strong>\u00ab\u00a0) et la raison de son utilisation. De m\u00eame, nous vous informons qu&rsquo;en naviguant sur le Site, vous consentez \u00e0 leur utilisation.<\/p>\n\n<ul class=\"wp-block-list\"><li><strong>QUE SONT LES COOKIES ?<\/strong><\/li><\/ul>\n\n<p>Un cookie est un fichier t\u00e9l\u00e9charg\u00e9 sur votre ordinateur lorsque vous acc\u00e9dez \u00e0 certaines pages Web. Les cookies permettent, entre autres, \u00e0 un site Web de stocker et de r\u00e9cup\u00e9rer des informations sur les habitudes de navigation d&rsquo;un utilisateur ou de son \u00e9quipement et, en fonction des informations qu&rsquo;ils contiennent et de la mani\u00e8re dont vous utilisez votre \u00e9quipement, ils peuvent \u00eatre utilis\u00e9s pour reconna\u00eetre l&rsquo;utilisateur. Les cookies sont uniquement associ\u00e9s \u00e0 un utilisateur anonyme et \u00e0 son ordinateur ou appareil et ne fournissent pas de r\u00e9f\u00e9rences nous permettant de conna\u00eetre ses donn\u00e9es personnelles.<\/p>\n\n<ul class=\"wp-block-list\"><li><strong>COOKIES CONCERN\u00c9S PAR LA R\u00c9GLEMENTATION ET COOKIES EXEMPT\u00c9S<\/strong><\/li><\/ul>\n\n<p>Selon la directive europ\u00e9enne, les cookies qui n\u00e9cessitent le consentement \u00e9clair\u00e9 de l&rsquo;utilisateur sont les cookies analytiques et les cookies publicitaires et d&rsquo;affiliation, \u00e0 l&rsquo;exception de ceux de nature technique et ceux n\u00e9cessaires au fonctionnement du site ou \u00e0 la fourniture des services express\u00e9ment demand\u00e9s. par l&rsquo;utilisateur.<\/p>\n\n<ul class=\"wp-block-list\"><li><strong>TYPES DE COOKIES<\/strong><\/li><\/ul>\n\n<p>a) Selon le <strong>entit\u00e9<\/strong>qui les g\u00e8re, il y a <strong>Propres cookies<\/strong>(ceux qui sont envoy\u00e9s \u00e0 l&rsquo;\u00e9quipement terminal de l&rsquo;utilisateur depuis un ordinateur ou un domaine g\u00e9r\u00e9 par l&rsquo;\u00e9diteur lui-m\u00eame et \u00e0 partir duquel est fourni le service demand\u00e9 par l&rsquo;utilisateur) et <strong>de tiers<\/strong>(ceux qui sont envoy\u00e9s \u00e0 l&rsquo;\u00e9quipement terminal de l&rsquo;utilisateur depuis un ordinateur ou un domaine qui n&rsquo;est pas g\u00e9r\u00e9 par l&rsquo;\u00e9diteur, mais par une autre entit\u00e9 qui traite les donn\u00e9es obtenues via les cookies).<\/p>\n\n<p>b) Selon le <strong>temps<\/strong>qui restent actifs, il y a ceux de <strong>session<\/strong>(con\u00e7u pour collecter et stocker des donn\u00e9es pendant que l&rsquo;utilisateur acc\u00e8de \u00e0 une page Web) et <strong>persistant<\/strong>(en las que los datos se almacenan en el terminal y pueden ser accedidos y tratados durante un periodo definido por el responsable de la cookie -puede ir de unos minutos a varios a\u00f1os-).<\/p>\n\n<p>c) Selon le <strong>but<\/strong>pour lesquels ils traitent les informations qu\u2019ils collectent, ils peuvent \u00eatre :<\/p>\n\n<p>&#8211; <strong>Cookies techniques<\/strong>(n\u00e9cessaire \u00e0 l&rsquo;utilisation du site Web et \u00e0 la fourniture du service contract\u00e9), <\/p>\n\n<p>&#8211; <strong>Cookies de personnalisation<\/strong>(qui permettent \u00e0 l&rsquo;utilisateur d&rsquo;acc\u00e9der au service avec des caract\u00e9ristiques pr\u00e9d\u00e9finies, telles que la langue, le type de navigateur, la configuration r\u00e9gionale, etc.)<\/p>\n\n<p>&#8211; <strong>Cookies d&rsquo;analyse<\/strong>(ils collectent des informations sur l&rsquo;utilisation qui est faite du site),<\/p>\n\n<p>&#8211; <strong>Cookies publicitaires<\/strong>(ils collectent des informations sur les pr\u00e9f\u00e9rences et choix personnels des utilisateurs),<\/p>\n\n<p>&#8211; <strong>Cookies d&rsquo;affiliation<\/strong>(ils permettent de suivre les visites d&rsquo;autres sites Internet, avec lesquels le site Internet \u00e9tablit un contrat d&rsquo;affiliation).<\/p>\n\n<ul class=\"wp-block-list\"><li><strong>TYPES DE COOKIES UTILIS\u00c9S PAR CE SITE WEB<\/strong><\/li><\/ul>\n\n<p>Les cookies utilis\u00e9s sur notre site Web sont des cookies tiers (de session et persistants) et nous permettent de stocker et d&rsquo;acc\u00e9der \u00e0 des informations pour suivre et analyser l&rsquo;activit\u00e9 r\u00e9alis\u00e9e pour am\u00e9liorer et fournir nos services de mani\u00e8re plus efficace et personnalis\u00e9e. <\/p>\n\n<p>L&rsquo;utilisation de cookies offre des avantages, comme, par exemple, favoriser l&rsquo;am\u00e9lioration du fonctionnement et des services fournis \u00e0 travers ce site Web, apr\u00e8s l&rsquo;analyse correspondante des informations obtenues gr\u00e2ce aux cookies install\u00e9s.<\/p>\n\n<p>En acc\u00e9dant \u00e0 notre Site Internet, vous \u00eates inform\u00e9 que si vous poursuivez votre navigation, divers cookies tiers seront install\u00e9s, consentant ainsi \u00e0 l&rsquo;installation de certains cookies dont le seul but est d&rsquo;enregistrer l&rsquo;acc\u00e8s \u00e0 notre site Internet pour la production de statistiques anonymes de visites toujours. collecter des informations de mani\u00e8re anonyme. Vous n&rsquo;\u00eates pas oblig\u00e9 d&rsquo;accepter l&rsquo;installation de ces cookies, vous pouvez toujours naviguer sur l&rsquo;ensemble de notre site Internet.<\/p>\n\n<p>Des cookies de r\u00e9seaux sociaux peuvent \u00eatre install\u00e9s dans diff\u00e9rentes rubriques de notre site Internet, notamment : <\/p>\n\n<p>\u2022 Cookie de Facebook, Twitter ou LinkedIn, comme pr\u00e9vu dans leur politique en mati\u00e8re de cookies.<\/p>\n\n<p><a>Nous vous proposons ci-dessous notre liste de cookies :<\/a><a href=\"applewebdata:\/\/25D82ABB-5AF6-40D8-B169-5B21499F35F7#_msocom_1\">[MAC1]<\/a> <\/p>\n\n<table class=\"wp-block-table\"><tbody><tr><td> nom<\/td><td> Type<\/td><td> Description<\/td><td> Expiration<\/td><td> But<\/td><\/tr><tr><td> 1P_JAR<\/td><td> Analytique<\/td><td> Google Analytics<\/td><td> 1 mois<\/td><td> Transf\u00e9rer des donn\u00e9es vers Google<\/td><\/tr><tr><td><strong>_ga<\/strong><\/td><td> Analytique <\/td><td>Google Analytics<\/td><td> 2 ans<\/td><td> Il est utilis\u00e9 pour distinguer les utilisateurs.<\/td><\/tr><tr><td><strong>_gid <\/strong>(1)<\/td><td> Analytique<\/td><td> Google Analytics<\/td><td> 24 heures<\/td><td> Il est utilis\u00e9 pour distinguer les utilisateurs.<\/td><\/tr><tr><td><strong>SID, SSID, SIDCC, HSID, APISID, CONSENT, LOGIN_INFO, SAPISID, YSC, PREF, VISITOR_INFO1_LIVE<\/strong> <\/td><td>Analytique<\/td><td>Youtube.com<\/td><td>+ d&rsquo;informations (2)<\/td><td> Cookies techniques utilis\u00e9s par Youtube<\/td><\/tr><tr><td><strong>comment_author_[hash], comment_author_email_[hash], comment_author_url_[hash] <\/strong><\/td><td>Commentaire<\/td><td>WordPress<\/td><td>347 jours<\/td><td>Cookies pour commentaires<\/td><\/tr><\/tbody><\/table>\n\n<p>(2) Cookies Youtube : utilis\u00e9s pour lire des vid\u00e9os via le site Web. Vous pouvez en savoir plus sur les cookies qu&rsquo;il utilise et comment les d\u00e9sactiver sur <a href=\"http:\/\/www.google.es\/intl\/es\/policies\/technologies\/cookies\/\">http:\/\/www.google.es\/intl\/es\/policies\/technologies\/cookies\/<\/a>(\u00e9tant entendu que nous ne sommes pas responsables du contenu ou de la v\u00e9racit\u00e9 des sites Internet tiers).<\/p>\n\n<ul class=\"wp-block-list\"><li><strong>R\u00c9VOCATION<\/strong><\/li><\/ul>\n\n<p>A tout moment, vous pouvez acc\u00e9der aux param\u00e8tres de votre navigateur en acceptant ou en refusant tous les cookies, ou en s\u00e9lectionnant ceux dont vous soutenez l&rsquo;installation et ceux dont vous n&rsquo;acceptez pas l&rsquo;installation, en suivant l&rsquo;une des proc\u00e9dures suivantes, qui d\u00e9pend du navigateur que vous utilisez :<\/p>\n\n<p><strong>Google Chrome<\/strong>(dans le menu Outils) :<\/p>\n\n<p>Param\u00e8tres &gt; Afficher les options avanc\u00e9es &gt; Confidentialit\u00e9 (Param\u00e8tres de contenu) &gt; Cookies: https:\/\/support.google.com\/chrome\/answer\/95647?co=GENIE.Platform%3DDesktopandhl=es<\/p>\n\n<p><strong>Microsoft Internet Explorer<\/strong>(dans le menu Outils) :<\/p>\n\n<p>Options Internet &gt; Confidentialit\u00e9 &gt; Avanc\u00e9: https:\/\/support.microsoft.com\/es-es\/help\/17442\/windows-internet-explorer-delete-manage-cookies<\/p>\n\n<p><strong>Firefox:<\/strong><\/p>\n\n<p>Options &gt; Confidentialit\u00e9 &gt; Cookies: https:\/\/support.mozilla.org\/es\/kb\/habilitar-y-deshabilitar-cookies-sitios-web-rastrear-preferencias<\/p>\n\n<p><strong>Safari, iPad y iPhone:<\/strong><\/p>\n\n<p>Pr\u00e9f\u00e9rences &gt; Confidentialit\u00e9: https:\/\/support.apple.com\/kb\/ph21411?locale=es_ES<\/p>\n\n<p><strong>Opera:<\/strong><\/p>\n\n<p>Param\u00e8tres &gt; Options &gt; Avanc\u00e9 &gt; Cookies: http:\/\/help.opera.com\/Windows\/12.00\/es-ES\/cookies.html<\/p>\n\n<p>Ces navigateurs sont sujets \u00e0 des mises \u00e0 jour ou \u00e0 des modifications, nous ne pouvons donc pas garantir qu&rsquo;ils s&rsquo;adapteront compl\u00e8tement \u00e0 la version de votre navigateur. Vous pouvez \u00e9galement utiliser un autre navigateur non inclus dans ces liens tel que Konqueror, Arora, Flock, etc. Pour \u00e9viter ces d\u00e9s\u00e9quilibres, vous pouvez y acc\u00e9der directement depuis les options de votre navigateur, g\u00e9n\u00e9ralement dans le menu \u00ab Options \u00bb de la rubrique \u00ab Confidentialit\u00e9 \u00bb. (Veuillez consulter l&rsquo;aide de votre navigateur pour plus d&rsquo;informations).<\/p>\n\n<ul class=\"wp-block-list\"><li><strong>D\u00c9SACTIVATION\/ACTIVATION ET SUPPRESSION DES COOKIES<\/strong><\/li><\/ul>\n\n<p>Pour restreindre ou bloquer les cookies, cela se fait via les param\u00e8tres du navigateur.<\/p>\n\n<p>Si vous ne souhaitez pas que les sites Web placent des cookies sur votre ordinateur, vous pouvez ajuster les param\u00e8tres de votre navigateur afin d&rsquo;\u00eatre averti avant l&rsquo;installation de cookies. De m\u00eame, vous pouvez adapter les param\u00e8tres pour que le navigateur rejette tous les cookies, ou uniquement les cookies tiers. Vous pouvez \u00e9galement supprimer tous les cookies d\u00e9j\u00e0 pr\u00e9sents sur votre ordinateur. Veuillez noter que vous devrez adapter les param\u00e8tres s\u00e9par\u00e9ment pour chaque navigateur et appareil que vous utilisez.<\/p>\n\n<p>Pour d\u00e9sactiver les cookies sur votre t\u00e9l\u00e9phone mobile, consultez le manuel de l&rsquo;appareil pour plus d&rsquo;informations.<\/p>\n\n<p>Vous pouvez obtenir plus d&rsquo;informations sur les cookies sur Internet, http:\/\/www.aboutcookies.org\/.<\/p>\n\n<p>Compte tenu du fonctionnement d&rsquo;Internet et des sites Web, nous ne disposons pas toujours d&rsquo;informations sur les cookies plac\u00e9s par des tiers via notre site Web. Cela s&rsquo;applique particuli\u00e8rement aux cas o\u00f9 notre site Internet contient des \u00e9l\u00e9ments dits int\u00e9gr\u00e9s : des textes, des documents, des images ou des courts m\u00e9trages qui sont stock\u00e9s ailleurs, mais affich\u00e9s sur ou via notre site Internet.<\/p>\n\n<p>Par cons\u00e9quent, si vous rencontrez ces types de cookies sur ce site Web et qu\u2019ils ne sont pas r\u00e9pertori\u00e9s ci-dessus, veuillez nous en informer. Ou contactez directement le tiers pour demander des informations sur les cookies qu&rsquo;ils placent, le but et la dur\u00e9e du cookie, et comment ils ont assur\u00e9 votre confidentialit\u00e9.<\/p>\n\n<p>Version : juillet 2019<\/p>\n\n<hr class=\"wp-block-separator\"\/>\n\n<p><\/p>\n","protected":false},"excerpt":{"rendered":"<p>Ce site Web utilise des cookies pour am\u00e9liorer l&rsquo;exp\u00e9rience utilisateur. Vous trouverez ci-dessous des informations sur ce que sont les cookies, le type de cookies utilis\u00e9<span class=\"excerpt-hellip\"> [\u2026]<\/span><\/p>\n","protected":false},"author":5,"featured_media":0,"parent":0,"menu_order":0,"comment_status":"closed","ping_status":"closed","template":"","meta":{"_joinchat":[],"footnotes":""},"class_list":["post-52537","page","type-page","status-publish","hentry"],"aioseo_notices":[],"_links":{"self":[{"href":"https:\/\/www.carpinteria-aluminio.cat\/fr\/wp-json\/wp\/v2\/pages\/52537","targetHints":{"allow":["GET"]}}],"collection":[{"href":"https:\/\/www.carpinteria-aluminio.cat\/fr\/wp-json\/wp\/v2\/pages"}],"about":[{"href":"https:\/\/www.carpinteria-aluminio.cat\/fr\/wp-json\/wp\/v2\/types\/page"}],"author":[{"embeddable":true,"href":"https:\/\/www.carpinteria-aluminio.cat\/fr\/wp-json\/wp\/v2\/users\/5"}],"replies":[{"embeddable":true,"href":"https:\/\/www.carpinteria-aluminio.cat\/fr\/wp-json\/wp\/v2\/comments?post=52537"}],"version-history":[{"count":2,"href":"https:\/\/www.carpinteria-aluminio.cat\/fr\/wp-json\/wp\/v2\/pages\/52537\/revisions"}],"predecessor-version":[{"id":52539,"href":"https:\/\/www.carpinteria-aluminio.cat\/fr\/wp-json\/wp\/v2\/pages\/52537\/revisions\/52539"}],"wp:attachment":[{"href":"https:\/\/www.carpinteria-aluminio.cat\/fr\/wp-json\/wp\/v2\/media?parent=52537"}],"curies":[{"name":"wp","href":"https:\/\/api.w.org\/{rel}","templated":true}]}}