{"id":52540,"date":"2019-09-04T08:02:47","date_gmt":"2019-09-04T07:02:47","guid":{"rendered":"https:\/\/www.carpinteria-aluminio.cat\/politica-de-privacidad\/"},"modified":"2024-06-06T07:53:49","modified_gmt":"2024-06-06T06:53:49","slug":"politique-de-confidentialite","status":"publish","type":"page","link":"https:\/\/www.carpinteria-aluminio.cat\/fr\/politique-de-confidentialite\/","title":{"rendered":"Politique de confidentialit\u00e9"},"content":{"rendered":"<p><strong>DONN\u00c9ES D&rsquo;IDENTIFICATION DU CONTR\u00d4LEUR DU TRAITEMENT<\/strong><\/p>\n<p><strong> <\/strong><\/p>\n<p><strong>Identit\u00e9: <\/strong>Rub\u00e9n Ponsico Cangueiro (aussi\u201c<strong>RPC<\/strong>\u201d ou la \u201c<strong>Prestador<\/strong>\u201d)<\/p>\n<p><strong>NIF:<\/strong>40994326T<\/p>\n<p><strong>Adresse postale:<\/strong>Calle Murcia n\u00ba 29 local 3, 08027 Barcelona<\/p>\n<p><strong>Courrier \u00e9lectronique:<\/strong><a href=\"mailto:ponsicoscp@hotmail.com\">ponsicoscp@hotmail.com<\/a><\/p>\n<ul>\n<li><strong>Objectif de cette politique de confidentialit\u00e9 <\/strong><\/li>\n<\/ul>\n<p>Chez Carpinter\u00eda de Aluminio Ponsico, nous nous engageons \u00e0 respecter la confidentialit\u00e9 de nos clients et des utilisateurs du site Web. <a href=\"https:\/\/www.carpinteria-aluminio.cat\/\">https:\/\/www.carpinteria-aluminio.cat\/<\/a> (ci-apr\u00e8s, le \u00ab Site Web \u00bb) et nous essayons de garantir une protection ad\u00e9quate des donn\u00e9es qui nous sont fournies. Ainsi, conform\u00e9ment aux dispositions du R\u00e8glement (UE) 2016\/679 du Parlement europ\u00e9en et du Conseil du 27 avril 2016 relatif \u00e0 la protection des personnes physiques \u00e0 l&rsquo;\u00e9gard du traitement des donn\u00e9es \u00e0 caract\u00e8re personnel et \u00e0 la libre circulation de celles-ci donn\u00e9es (RGPD), Loi Organique 3\/2018 du 5 d\u00e9cembre (LOPDGDD) et autres r\u00e9glementations l\u00e9gales en vigueur concernant la protection des donn\u00e9es personnelles, nous mettons \u00e0 votre disposition des informations sur l&rsquo;utilisation que nous faisons de vos donn\u00e9es personnelles, notamment : les donn\u00e9es que nous collectons , les finalit\u00e9s du traitement ou les droits que vous pouvez exercer sur ceux-ci.<\/p>\n<p>Tout d\u2019abord, il nous semble n\u00e9cessaire de vous expliquer ce que l\u2019on entend par \u00ab donn\u00e9es personnelles \u00bb, d\u00e9finies comme toute information permettant d\u2019identifier une personne.<\/p>\n<p>Tout d&rsquo;abord, il nous semble n\u00e9cessaire de vous expliquer ce que l&rsquo;on entend par \u00ab donn\u00e9es personnelles \u00bb, d\u00e9fini comme toute information permettant d&rsquo;identifier une personne. <u>Il est important que vous lisiez attentivement et acceptiez cette politique de confidentialit\u00e9.<\/u>, acceptant et consentant au traitement des donn\u00e9es personnelles par RPC de la mani\u00e8re et aux fins qui seront d\u00e9crites ci-dessous. Cependant, si \u00e0 tout moment vous avez des questions, vous pouvez nous contacter via l&rsquo;adresse e-mail indiqu\u00e9e ci-dessus.<\/p>\n<p>La pr\u00e9sente politique g\u00e9n\u00e9rale de confidentialit\u00e9 constitue, avec la <a href=\"https:\/\/www.carpinteria-aluminio.cat\/aviso-legal\/\">Avis juridique<\/a> et la <a href=\"https:\/\/www.carpinteria-aluminio.cat\/politica-de-cookies\/\">Politique de cookies<\/a> l&rsquo;ensemble des r\u00e8gles qui r\u00e9gissent l&rsquo;utilisation du Web.<\/p>\n<p><strong> <\/strong><\/p>\n<ul>\n<li><strong>Domaine d&rsquo;application :<\/strong><\/li>\n<\/ul>\n<p>Notre politique de protection des donn\u00e9es s\u2019appliquera :<\/p>\n<ul>\n<li>Aux utilisateurs qui fournissent tout type de donn\u00e9es qui, \u00e0 tout moment, peuvent \u00eatre consid\u00e9r\u00e9es comme personnelles lors de l&rsquo;acc\u00e8s \u00e0 notre site Web.<\/li>\n<li>\u00c0 nos clients, dans la mesure o\u00f9 ils nous fournissent tout type de donn\u00e9es personnelles au moment o\u00f9 ils ach\u00e8tent nos produits ou font appel \u00e0 nos services de fabrication, de distribution et d&rsquo;assemblage dans le domaine de la menuiserie en aluminium.<\/li>\n<\/ul>\n<ul>\n<li>Ceux qui communiquent volontairement avec le Fournisseur via l&rsquo;un des formulaires que nous incluons sur notre site Web, ainsi que par courrier \u00e9lectronique ou par tout autre moyen.<\/li>\n<\/ul>\n<ul>\n<li><strong>Informations n\u00e9cessaires pour fournir nos services : <\/strong><\/li>\n<\/ul>\n<p>Comme nous vous l&rsquo;informons au point 2.1 de cette politique de confidentialit\u00e9, en acc\u00e9dant simplement \u00e0 notre Site Internet, nous collectons simplement <strong>donn\u00e9es non identifiantes. <\/strong>D\u00e9sormais, nous aurons besoin que vous nous fournissiez vos donn\u00e9es si vous souhaitez nous contacter ou vous fournir nos produits et\/ou services. Nous ne collecterons jamais plus de donn\u00e9es que ce qui est strictement n\u00e9cessaire, mais si vous ne nous les fournissez pas, nous pourrions ne pas \u00eatre en mesure de vous proposer nos services ou, le cas \u00e9ch\u00e9ant, de vous contacter. Vous ne subirez aucune autre cons\u00e9quence.<\/p>\n<ol start=\"2\">\n<li><strong>QUEL TYPE DE DONN\u00c9ES COLLECTONS-NOUS, DANS QUEL FIN ET SUR QUELLE BASE L\u00c9GITIME SON TRAITEMENT ?<\/strong><\/li>\n<\/ol>\n<p>Les cat\u00e9gories de donn\u00e9es collect\u00e9es, l&rsquo;utilisation ou la finalit\u00e9 pour laquelle elles sont collect\u00e9es ou la base juridique qui l\u00e9gitime l&rsquo;utilisation des donn\u00e9es personnelles fournies peuvent varier en fonction de la mani\u00e8re dont vous interagissez avec RPC. Pour plus de clart\u00e9, nous vous proposons les informations d\u00e9taill\u00e9es ci-dessous :<\/p>\n<ul>\n<li><strong>Par simple acc\u00e8s \u00e0 notre site Internet <\/strong><\/li>\n<\/ul>\n<p>Si vous acc\u00e9dez uniquement \u00e0 notre site Web, nous n&rsquo;aurons pas acc\u00e8s aux donn\u00e9es permettant de vous identifier. Ceux-ci peuvent \u00eatre limit\u00e9s \u00e0 : l\u2019adresse IP de l\u2019ordinateur, la date, l\u2019heure et la dur\u00e9e de la navigation ; les pages Web \u00e0 partir desquelles l&rsquo;acc\u00e8s a eu lieu ; moteur de recherche que vous avez utilis\u00e9 ; etc.<\/p>\n<p>Le Prestataire peut traiter ces donn\u00e9es aux fins suivantes :<\/p>\n<ul>\n<li>\u00c9tablir la connexion<\/li>\n<li>Assurer la s\u00e9curit\u00e9 et la stabilit\u00e9 du syst\u00e8me<\/li>\n<li>Administration technique et optimisation de l&rsquo;infrastructure r\u00e9seau<\/li>\n<li>Poursuivre les abus<\/li>\n<li>Analysez vos pr\u00e9f\u00e9rences<\/li>\n<\/ul>\n<p>Au regard des finalit\u00e9s pr\u00e9c\u00e9dentes, la base juridique du traitement de vos donn\u00e9es sera <strong>int\u00e9r\u00eat l\u00e9gitime<\/strong>(Art. 6.1, alin\u00e9a f) RGPD). En aucun cas, nous n\u2019utiliserons ces donn\u00e9es pour cr\u00e9er un profil ou tirer des conclusions vous concernant.<\/p>\n<p>Cependant, vous devez savoir que notre site Internet utilise des cookies. Vous pouvez obtenir plus d&rsquo;informations via notre <strong>Politique de cookies<\/strong><\/p>\n<ul>\n<li><strong>Pour la formulation de requ\u00eates, de demandes d&rsquo;informations, etc. via notre formulaire de contact ou par email. <\/strong><\/li>\n<\/ul>\n<p>Dans notre formulaire, nous demandons obligatoirement les donn\u00e9es personnelles suivantes : nom, email et num\u00e9ro de t\u00e9l\u00e9phone. Nous vous demandons le minimum d&rsquo;informations que nous estimons n\u00e9cessaires pour pouvoir vous contacter et vous apporter une r\u00e9ponse. Vous pouvez nous fournir d\u2019autres informations dans l\u2019espace pr\u00e9vu pour inclure volontairement vos commentaires.<\/p>\n<p>Dans ce cas, RPC traitera ces donn\u00e9es automatiquement et\/ou manuellement afin de g\u00e9rer vos requ\u00eates, exigences et demandes d&rsquo;informations, principalement en relation avec les services fournis par RPC.<\/p>\n<p>Au regard des finalit\u00e9s pr\u00e9c\u00e9dentes, la base juridique du traitement de vos donn\u00e9es sera <strong>Le consentement<\/strong>(Art. 6.1, alin\u00e9a a) RGPD).<\/p>\n<ul>\n<li><strong>En tant que client RPC<\/strong><\/li>\n<\/ul>\n<p>Pour assurer la fourniture de nos produits et services, nous demandons les cat\u00e9gories de donn\u00e9es suivantes : donn\u00e9es d&rsquo;identification (nom, pr\u00e9nom, pi\u00e8ce d&rsquo;identit\u00e9), num\u00e9ro de t\u00e9l\u00e9phone, adresse postale et\/ou e-mail et, lorsque cela est n\u00e9cessaire pour finaliser une transaction, nous devrons demandez vos informations bancaires.<\/p>\n<p>Dans ce cas, RPC traitera ces donn\u00e9es automatiquement et\/ou manuellement aux fins suivantes :<\/p>\n<ul>\n<li>Fourniture des produits et services requis par nos clients dans le domaine de la menuiserie d&rsquo;aluminium, ainsi que les actions directement li\u00e9es telles que les t\u00e2ches administratives, la facturation, le service \u00e0 la client\u00e8le, la gestion des recouvrements ou encore le respect de nos obligations fiscales.<\/li>\n<\/ul>\n<p>En lo que respecta a las finalidades anteriores la base legal para el tratamiento de tus datos ser\u00e1 posibilitar la propia ejecuci\u00f3n del <strong>contracter<\/strong>ou pour l&rsquo;application \u00e0 votre demande de mesures pr\u00e9contractuelles (Art. 6.1., section b) RGPD).<\/p>\n<ul>\n<li><strong>Commercialisation<\/strong><\/li>\n<\/ul>\n<p>Conform\u00e9ment \u00e0 la LSSICE, RPC ne pratique pas de SPAM, elle n&rsquo;envoie donc pas d&rsquo;e-mails commerciaux par courrier \u00e9lectronique qui n&rsquo;auraient pas \u00e9t\u00e9 pr\u00e9alablement demand\u00e9s ou autoris\u00e9s par l&rsquo;utilisateur (Art. 6.1, section a) du RGPD. <strong>Consentement<\/strong>). Par cons\u00e9quent, dans toutes les communications que vous recevrez du Fournisseur, l&rsquo;utilisateur a la possibilit\u00e9 d&rsquo;annuler son consentement expr\u00e8s \u00e0 recevoir nos communications.<\/p>\n<p>De plus, nous traitons vos donn\u00e9es personnelles aux fins suivantes :<\/p>\n<ul>\n<li>Veiller au respect des conditions d\u2019utilisation et de la loi applicable. \u00c0 cette fin, notre base juridique est l\u2019<strong>int\u00e9r\u00eat l\u00e9gitime <\/strong> (art. 6.1, section f) RGPD).<\/li>\n<li>Pour g\u00e9rer nos r\u00e9seaux sociaux, nous traiterons les donn\u00e9es personnelles des personnes qui les suivent. Pour ce traitement, notre base juridique sera le <strong>consentement <\/strong> de l&rsquo;Utilisateur dans l&rsquo;environnement du r\u00e9seau social correspondant (Art. 6.1, section a) RGPD) et conform\u00e9ment aux politiques de confidentialit\u00e9 de chacun d&rsquo;eux :<\/li>\n<\/ul>\n<p><strong> <\/strong><\/p>\n<p>Facebook: <a href=\"https:\/\/es-es.facebook.com\/privacy\/explanation\">https:\/\/es-es.facebook.com\/privacy\/explanation<\/a><\/p>\n<p>Twitter: <a href=\"https:\/\/twitter.com\/es\/privacy\">https:\/\/twitter.com\/es\/privacy<\/a><\/p>\n<p>Linkedin: <a href=\"https:\/\/www.linkedin.com\/legal\/privacy-policy?_l=es_ESY\">https:\/\/www.linkedin.com\/legal\/privacy-policy?_l=es_ESY<\/a><\/p>\n<p>Youtube: <a href=\"https:\/\/www.youtube.com\/intl\/es\/yt\/about\/policies\/#community-guidelines\">https:\/\/www.youtube.com\/intl\/es\/yt\/about\/policies\/#community-guidelines<\/a><\/p>\n<p>Dans tous les cas, si des informations personnelles sont envoy\u00e9es via le r\u00e9seau social, RPC sera exon\u00e9r\u00e9e de toute responsabilit\u00e9 quant aux mesures de s\u00e9curit\u00e9 applicables \u00e0 cette plateforme, et l&rsquo;Utilisateur devra, s&rsquo;il souhaite les conna\u00eetre, consulter les conditions particuli\u00e8res correspondantes du r\u00e9seau en question.<\/p>\n<p>Nous ne traiterons pas vos donn\u00e9es personnelles \u00e0 d\u2019autres fins que celles d\u00e9crites, sauf obligation l\u00e9gale ou exigence judiciaire. De m\u00eame, vous informez que vos donn\u00e9es ne feront pas l\u2019objet de d\u00e9cisions bas\u00e9es sur des traitements automatis\u00e9s.<\/p>\n<ol start=\"3\">\n<li><strong>COMMENT AVONS-NOUS OBTENU VOS DONN\u00c9ES ?<\/strong><\/li>\n<\/ol>\n<p>Les donn\u00e9es personnelles que nous traitons proviennent de l&rsquo;int\u00e9ress\u00e9 lui-m\u00eame.<\/p>\n<ol start=\"4\">\n<li><strong>COMBIEN DE TEMPS CONSERVERONS-NOUS VOS DONN\u00c9ES ?<\/strong><\/li>\n<\/ol>\n<p>RPC conservera vos donn\u00e9es aussi longtemps que n\u00e9cessaire pour r\u00e9pondre aux finalit\u00e9s pour lesquelles elles ont \u00e9t\u00e9 collect\u00e9es, \u00e0 savoir les dur\u00e9es suivantes :<\/p>\n<table>\n<tbody>\n<tr>\n<td width=\"302\"><strong>But<\/strong><\/td>\n<td width=\"302\"><strong>P\u00e9riode de conservation<\/strong><\/td>\n<\/tr>\n<tr>\n<td width=\"302\">Requ\u00eates, exigences, demandes d&rsquo;informations<\/td>\n<td width=\"302\">Pendant la p\u00e9riode que nous utilisons pour le g\u00e9rer<\/td>\n<\/tr>\n<tr>\n<td width=\"302\">Fourniture de nos produits et services<\/td>\n<td width=\"302\">Tant que la relation commerciale est maintenue.<\/td>\n<\/tr>\n<tr>\n<td width=\"302\">Marketing, communication commerciale<\/td>\n<td width=\"302\">Jusqu&rsquo;\u00e0 ce que vous retiriez votre consentement<\/td>\n<\/tr>\n<tr>\n<td width=\"302\">Respect des obligations l\u00e9gales (fiscales, civiles)<\/td>\n<td width=\"302\">Pendant les p\u00e9riodes requises par la r\u00e9glementation applicable<\/td>\n<\/tr>\n<\/tbody>\n<\/table>\n<p>Veuillez \u00e9galement consulter notre Politique Cookies pour conna\u00eetre les dur\u00e9es de conservation des cookies que nous utilisons.<\/p>\n<p>Si vos donn\u00e9es sont utilis\u00e9es \u00e0 plusieurs fins qui impliquent des dur\u00e9es de conservation diff\u00e9rentes, nous appliquerons la dur\u00e9e de conservation la plus longue. Dans tous les cas, nous limiterons l\u2019acc\u00e8s et l\u2019utilisation aux fins sp\u00e9cifiques qui sont n\u00e9cessaires \u00e0 tout moment.<\/p>\n<ol start=\"5\">\n<li><strong>\u00c0 QUI DONNONS-NOUS VOS DONN\u00c9ES ?<\/strong><\/li>\n<\/ol>\n<p><strong> <\/strong><\/p>\n<p>Les prestataires avec lesquels le Prestataire entretient une relation contractuelle et qui ont le statut de sous-traitant peuvent avoir acc\u00e8s aux donn\u00e9es personnelles. Dans tous les cas, ils leur seront communiqu\u00e9s afin d&rsquo;offrir au Prestataire des services auxiliaires impliquant des fonctions de support n\u00e9cessaires \u00e0 l&rsquo;activit\u00e9 et aux finalit\u00e9s indiqu\u00e9es ci-dessus, et leur utilisation \u00e0 leurs propres fins est interdite.<\/p>\n<p>Pour le reste, RPC ne transf\u00e9rera pas les donn\u00e9es collect\u00e9es \u00e0 des tiers sauf n\u00e9cessit\u00e9 raisonnable de se conformer \u00e0 une proc\u00e9dure judiciaire, \u00e0 une obligation l\u00e9gale ou apr\u00e8s avoir obtenu le consentement de l&rsquo;utilisateur.<\/p>\n<ol start=\"6\">\n<li><strong>QUELS DROITS POUVEZ-VOUS EXERCER PAR RAPPORT \u00c0 VOS DONN\u00c9ES ?<\/strong><\/li>\n<\/ol>\n<p>En tant qu&rsquo;Utilisateur int\u00e9ress\u00e9, vous pouvez demander l&rsquo;exercice des droits suivants aupr\u00e8s de <strong>RPC <\/strong> en adressant un courrier \u00e0 l&rsquo;adresse postale en rubrique ou en envoyant un email \u00e0 <a href=\"mailto:ponsicoscp@hotmail.com\">ponsicoscp@hotmail.com<\/a>, en indiquant comme objet : \u00ab LOPD, DROITS D&rsquo;EXERCICE \u00bb, et en joignant une photocopie de votre DNI ou tout moyen juridiquement analogue.<\/p>\n<p><strong>Droits:<\/strong><\/p>\n<ul>\n<li><strong>Droit d&rsquo;acc\u00e8s :<\/strong> permet \u00e0 l&rsquo;int\u00e9ress\u00e9 de conna\u00eetre et d&rsquo;obtenir des informations sur ses donn\u00e9es personnelles faisant l&rsquo;objet d&rsquo;un traitement.<\/li>\n<li><strong>Derecho de rectificaci\u00f3n o supresi\u00f3n<\/strong>:permite corregir errores y modificar los datos que resulten ser inexactos o incompletos.<\/li>\n<li><strong>Droit d&rsquo;annulation<\/strong> : permet de supprimer les donn\u00e9es qui s&rsquo;av\u00e8rent inappropri\u00e9es ou excessives.Droit d&rsquo;annulation : permet de supprimer les donn\u00e9es qui s&rsquo;av\u00e8rent inappropri\u00e9es ou excessives.<\/li>\n<li><strong>Droit d&rsquo;opposition<\/strong> : le droit de l&rsquo;int\u00e9ress\u00e9 de ne pas faire proc\u00e9der au traitement de ses donn\u00e9es personnelles ou de le faire cesser.<\/li>\n<li><strong>Limitation du traitement :<\/strong> consiste \u00e0 marquer les donn\u00e9es personnelles stock\u00e9es, dans le but de limiter leur traitement futur.<\/li>\n<li><strong>Portabilit\u00e9 des donn\u00e9es :<\/strong> mise \u00e0 disposition des donn\u00e9es en cours de traitement \u00e0 l&rsquo;int\u00e9ress\u00e9, afin qu&rsquo;il puisse les transmettre \u00e0 un autre responsable, sans entraves.<\/li>\n<li><strong>Droit de ne pas faire l&rsquo;objet de d\u00e9cisions individuelles automatis\u00e9es (y compris le profilage) : <\/strong> droit de ne pas faire l&rsquo;objet d&rsquo;une d\u00e9cision bas\u00e9e sur un traitement automatis\u00e9 qui produit des effets ou affecte de mani\u00e8re significative.<\/li>\n<\/ul>\n<p>En tant qu&rsquo;utilisateur\/int\u00e9ress\u00e9, <strong><u>Vous avez le droit de retirer le consentement que vous avez donn\u00e9<\/u><\/strong>, le cas \u00e9ch\u00e9ant, \u00e0 tout moment. Le retrait du consentement n&rsquo;affectera pas la lic\u00e9it\u00e9 du traitement effectu\u00e9 avant le retrait du consentement.<\/p>\n<p>Vous avez \u00e9galement le droit de d\u00e9poser une r\u00e9clamation aupr\u00e8s de l&rsquo;autorit\u00e9 de contr\u00f4le si vous estimez que vos droits peuvent avoir \u00e9t\u00e9 viol\u00e9s en mati\u00e8re de protection de vos donn\u00e9es (agpd.es).<\/p>\n<ol start=\"7\">\n<li><strong>TRANSFERTS INTERNATIONAUX DE DONN\u00c9ES <\/strong><\/li>\n<\/ol>\n<p>Aucun transfert international de vos donn\u00e9es personnelles ne sera effectu\u00e9 sans votre consentement pr\u00e9alable.<\/p>\n<ol start=\"8\">\n<li><strong>MESURE DE S\u00c9CURIT\u00c9:<\/strong><\/li>\n<\/ol>\n<p>Les donn\u00e9es que vous nous fournissez seront trait\u00e9es de mani\u00e8re confidentielle. Le Prestataire a adopt\u00e9 toutes les mesures techniques et organisationnelles et tous les niveaux de protection n\u00e9cessaires pour garantir la s\u00e9curit\u00e9 du traitement des donn\u00e9es et emp\u00eacher leur alt\u00e9ration, perte, vol, traitement ou acc\u00e8s non autoris\u00e9, conform\u00e9ment \u00e0 l&rsquo;\u00e9tat de la technologie et \u00e0 la nature des donn\u00e9es. stock\u00e9. De m\u00eame, il est \u00e9galement garanti que le traitement et l&rsquo;enregistrement dans les fichiers, programmes, syst\u00e8mes ou \u00e9quipements, locaux et centres respectent les exigences et conditions d&rsquo;int\u00e9grit\u00e9 et de s\u00e9curit\u00e9 \u00e9tablies dans la r\u00e9glementation en vigueur.<\/p>\n<ol start=\"9\">\n<li><strong>LANGAGE <\/strong><\/li>\n<\/ol>\n<p>La langue applicable \u00e0 cette politique de confidentialit\u00e9 est l&rsquo;espagnol. Par cons\u00e9quent, en cas de contradiction dans l\u2019une des versions fournies dans d\u2019autres langues, la version espagnole pr\u00e9vaudra.<\/p>\n<ol start=\"10\">\n<li><strong>MODIFICATIONS APPORT\u00c9ES \u00c0 CETTE POLITIQUE DE CONFIDENTIALIT\u00c9<\/strong><\/li>\n<\/ol>\n<p><strong>RPC<\/strong> se r\u00e9serve le droit de modifier cette politique pour l&rsquo;adapter aux \u00e9volutions l\u00e9gislatives ou jurisprudentielles.<\/p>\n<p>Version : juillet 2019<\/p>\n","protected":false},"excerpt":{"rendered":"<p>DONN\u00c9ES D&rsquo;IDENTIFICATION DU CONTR\u00d4LEUR DU TRAITEMENT Identit\u00e9: Rub\u00e9n Ponsico Cangueiro (aussi\u201cRPC\u201d ou la \u201cPrestador\u201d) NIF:40994326T Adresse postale:Calle Murcia n\u00ba 29 local 3, 08027 Barcelona Courrier \u00e9lectronique:ponsicoscp@hotmail.com<span class=\"excerpt-hellip\"> [\u2026]<\/span><\/p>\n","protected":false},"author":5,"featured_media":0,"parent":0,"menu_order":0,"comment_status":"closed","ping_status":"closed","template":"","meta":{"_joinchat":[],"footnotes":""},"class_list":["post-52540","page","type-page","status-publish","hentry"],"aioseo_notices":[],"_links":{"self":[{"href":"https:\/\/www.carpinteria-aluminio.cat\/fr\/wp-json\/wp\/v2\/pages\/52540","targetHints":{"allow":["GET"]}}],"collection":[{"href":"https:\/\/www.carpinteria-aluminio.cat\/fr\/wp-json\/wp\/v2\/pages"}],"about":[{"href":"https:\/\/www.carpinteria-aluminio.cat\/fr\/wp-json\/wp\/v2\/types\/page"}],"author":[{"embeddable":true,"href":"https:\/\/www.carpinteria-aluminio.cat\/fr\/wp-json\/wp\/v2\/users\/5"}],"replies":[{"embeddable":true,"href":"https:\/\/www.carpinteria-aluminio.cat\/fr\/wp-json\/wp\/v2\/comments?post=52540"}],"version-history":[{"count":2,"href":"https:\/\/www.carpinteria-aluminio.cat\/fr\/wp-json\/wp\/v2\/pages\/52540\/revisions"}],"predecessor-version":[{"id":52542,"href":"https:\/\/www.carpinteria-aluminio.cat\/fr\/wp-json\/wp\/v2\/pages\/52540\/revisions\/52542"}],"wp:attachment":[{"href":"https:\/\/www.carpinteria-aluminio.cat\/fr\/wp-json\/wp\/v2\/media?parent=52540"}],"curies":[{"name":"wp","href":"https:\/\/api.w.org\/{rel}","templated":true}]}}