{"id":52546,"date":"2013-01-05T14:51:43","date_gmt":"2013-01-05T14:51:43","guid":{"rendered":"https:\/\/www.carpinteria-aluminio.cat\/prestations-de-service\/distribucion\/"},"modified":"2024-06-06T17:14:10","modified_gmt":"2024-06-06T16:14:10","slug":"distribution","status":"publish","type":"page","link":"https:\/\/www.carpinteria-aluminio.cat\/fr\/prestations-de-service\/distribution\/","title":{"rendered":"Distribution"},"content":{"rendered":"<div id=\"attachment_52550\" style=\"width: 284px\" class=\"wp-caption alignleft\"><a href=\"https:\/\/www.carpinteria-aluminio.cat\/wp-content\/uploads\/2013\/01\/IMG_1517_resized_1.jpg\" target=\"_blank\" rel=\"noopener\"><img loading=\"lazy\" decoding=\"async\" aria-describedby=\"caption-attachment-52550\" class=\" wp-image-1635 \" style=\"margin: 0px; border: 0px;\" title=\"Transport pour la distribution\" src=\"https:\/\/www.carpinteria-aluminio.cat\/wp-content\/uploads\/2013\/01\/IMG_1517_resized_1-300x200.jpg\" alt=\"Transport pour la distribution\" width=\"274\" height=\"175\"><\/a><p id=\"caption-attachment-52550\" class=\"wp-caption-text\">Transport pour la distribution<\/p><\/div>\n<div id=\"attachment_52551\" style=\"width: 284px\" class=\"wp-caption alignleft\"><a href=\"https:\/\/www.carpinteria-aluminio.cat\/wp-content\/uploads\/2013\/01\/IMG_1566_resized.jpg\" target=\"_blank\" rel=\"noopener\"><img loading=\"lazy\" decoding=\"async\" aria-describedby=\"caption-attachment-52551\" class=\" wp-image-1637 \" style=\"margin: 0px; border: 0px;\" title=\"Transport pour la distribution\" src=\"https:\/\/www.carpinteria-aluminio.cat\/wp-content\/uploads\/2013\/01\/IMG_1566_resized-300x200.jpg\" alt=\"Transport pour la distribution\" width=\"274\" height=\"175\"><\/a><p id=\"caption-attachment-52551\" class=\"wp-caption-text\">Transport pour la distribution<\/p><\/div>\n<div id=\"attachment_52626\" style=\"width: 284px\" class=\"wp-caption alignleft\"><a href=\"https:\/\/www.carpinteria-aluminio.cat\/wp-content\/uploads\/2013\/01\/IMG_1514_resized-1.jpg\" target=\"_blank\" rel=\"noopener\"><img loading=\"lazy\" decoding=\"async\" aria-describedby=\"caption-attachment-52626\" class=\" wp-image-1633 \" style=\"margin: 0px; border: 0px;\" title=\"Transport pour la distribution\" src=\"https:\/\/www.carpinteria-aluminio.cat\/wp-content\/uploads\/2013\/01\/IMG_1514_resized-1-300x200.jpg\" alt=\"Transport pour la distribution\" width=\"274\" height=\"175\"><\/a><p id=\"caption-attachment-52626\" class=\"wp-caption-text\">Transport pour la distribution<\/p><\/div>\n<p style=\"text-align: justify;\">Le mat\u00e9riel fabriqu\u00e9 peut \u00eatre distribu\u00e9 afin d&rsquo;\u00eatre install\u00e9 par le client ou un autre professionnel. Tous les \u00e9l\u00e9ments n\u00e9cessaires \u00e0 son installation sont \u00e9galement inclus, hors outils, afin d&rsquo;obtenir une finition de qualit\u00e9. Pour toute question, n&rsquo;h\u00e9sitez pas \u00e0 nous contacter. Nous vous aiderons volontiers.<\/p>\n<p><!--more--><\/p>\n","protected":false},"excerpt":{"rendered":"<p>Le mat\u00e9riel fabriqu\u00e9 peut \u00eatre distribu\u00e9 afin d&rsquo;\u00eatre install\u00e9 par le client ou un autre professionnel. Tous les \u00e9l\u00e9ments n\u00e9cessaires \u00e0 son installation sont \u00e9galement inclus,<span class=\"excerpt-hellip\"> [\u2026]<\/span><\/p>\n","protected":false},"author":1,"featured_media":0,"parent":52314,"menu_order":0,"comment_status":"closed","ping_status":"open","template":"","meta":{"_joinchat":[],"footnotes":""},"class_list":["post-52546","page","type-page","status-publish","hentry"],"aioseo_notices":[],"_links":{"self":[{"href":"https:\/\/www.carpinteria-aluminio.cat\/fr\/wp-json\/wp\/v2\/pages\/52546","targetHints":{"allow":["GET"]}}],"collection":[{"href":"https:\/\/www.carpinteria-aluminio.cat\/fr\/wp-json\/wp\/v2\/pages"}],"about":[{"href":"https:\/\/www.carpinteria-aluminio.cat\/fr\/wp-json\/wp\/v2\/types\/page"}],"author":[{"embeddable":true,"href":"https:\/\/www.carpinteria-aluminio.cat\/fr\/wp-json\/wp\/v2\/users\/1"}],"replies":[{"embeddable":true,"href":"https:\/\/www.carpinteria-aluminio.cat\/fr\/wp-json\/wp\/v2\/comments?post=52546"}],"version-history":[{"count":3,"href":"https:\/\/www.carpinteria-aluminio.cat\/fr\/wp-json\/wp\/v2\/pages\/52546\/revisions"}],"predecessor-version":[{"id":52647,"href":"https:\/\/www.carpinteria-aluminio.cat\/fr\/wp-json\/wp\/v2\/pages\/52546\/revisions\/52647"}],"up":[{"embeddable":true,"href":"https:\/\/www.carpinteria-aluminio.cat\/fr\/wp-json\/wp\/v2\/pages\/52314"}],"wp:attachment":[{"href":"https:\/\/www.carpinteria-aluminio.cat\/fr\/wp-json\/wp\/v2\/media?parent=52546"}],"curies":[{"name":"wp","href":"https:\/\/api.w.org\/{rel}","templated":true}]}}