{"id":52554,"date":"2013-01-05T14:51:26","date_gmt":"2013-01-05T14:51:26","guid":{"rendered":"https:\/\/www.carpinteria-aluminio.cat\/prestations-de-service\/fabricacion\/"},"modified":"2024-06-07T06:28:36","modified_gmt":"2024-06-07T05:28:36","slug":"fabrication","status":"publish","type":"page","link":"https:\/\/www.carpinteria-aluminio.cat\/fr\/prestations-de-service\/fabrication\/","title":{"rendered":"Fabrication"},"content":{"rendered":"<div id=\"attachment_52488\" style=\"width: 284px\" class=\"wp-caption alignleft\"><a href=\"https:\/\/www.carpinteria-aluminio.cat\/wp-content\/uploads\/2013\/01\/IMG_0148.jpg\" target=\"_blank\" rel=\"noopener\"><img loading=\"lazy\" decoding=\"async\" aria-describedby=\"caption-attachment-52488\" class=\" wp-image-491 \" style=\"margin: 0px; border: 0px;\" title=\"Matrices pour m\u00e9canisation\" src=\"https:\/\/www.carpinteria-aluminio.cat\/wp-content\/uploads\/2013\/01\/IMG_0148-1024x682.jpg\" alt=\"Matrices pour m\u00e9canisation\" width=\"274\" height=\"175\"><\/a><p id=\"caption-attachment-52488\" class=\"wp-caption-text\">Matrices pour m\u00e9canisation<\/p><\/div>\n<div id=\"attachment_52492\" style=\"width: 284px\" class=\"wp-caption alignleft\"><a href=\"https:\/\/www.carpinteria-aluminio.cat\/wp-content\/uploads\/2012\/08\/Nuestra-empresa-taller.jpg\" target=\"_blank\" rel=\"noopener\"><img loading=\"lazy\" decoding=\"async\" aria-describedby=\"caption-attachment-52492\" class=\" wp-image-1063\" style=\"margin: 0px; border: 0px;\" title=\"Atelier de montage\" src=\"https:\/\/www.carpinteria-aluminio.cat\/wp-content\/uploads\/2012\/08\/Nuestra-empresa-taller-300x200.jpg\" alt=\"Atelier de montage\" width=\"274\" height=\"175\"><\/a><p id=\"caption-attachment-52492\" class=\"wp-caption-text\">Atelier de montage<\/p><\/div>\n<div id=\"attachment_52442\" style=\"width: 284px\" class=\"wp-caption alignleft\"><a href=\"https:\/\/www.carpinteria-aluminio.cat\/wp-content\/uploads\/2013\/01\/IMG_0150.jpg\" target=\"_blank\" rel=\"noopener\"><img loading=\"lazy\" decoding=\"async\" aria-describedby=\"caption-attachment-52442\" class=\" wp-image-515\" style=\"margin: 0px; border: 0px;\" title=\"Machine \u00e0 tron\u00e7onner\" src=\"https:\/\/www.carpinteria-aluminio.cat\/wp-content\/uploads\/2013\/01\/IMG_0150-300x200.jpg\" alt=\"Machine \u00e0 tron\u00e7onner\" width=\"274\" height=\"175\"><\/a><p id=\"caption-attachment-52442\" class=\"wp-caption-text\">Machine \u00e0 tron\u00e7onner<\/p><\/div>\n<p style=\"text-align: justify;\">Chez PONSICO S.C.P., nous r\u00e9alisons depuis plus de trente ans des portes et fen\u00eatres en aluminium sur mesure. La proc\u00e9dure est la suivante : &#8211; Les mat\u00e9riaux de base sont command\u00e9s, tels que les profil\u00e9s, les barres de six m\u00e8tres pr\u00e9alablement extrud\u00e9es et laqu\u00e9es ou anodis\u00e9es. , Ils sont command\u00e9s en grandes feuilles de 3&#215;2 m\u00e8tres s&rsquo;il s&rsquo;agit de verre simple afin de pouvoir \u00eatre d\u00e9coup\u00e9 sur mesure, ou il est command\u00e9 sur mesure s&rsquo;il s&rsquo;agit de verre chambr\u00e9 ou composite. -Les barres de six m\u00e8tres sont d\u00e9coup\u00e9es sur mesure et assembl\u00e9es pour former la structure, \u00e0 la fois le cadre et l&rsquo;ouvrant, puis la ferrure est ajust\u00e9e pour qu&rsquo;elle ne pose pas de probl\u00e8mes lors du montage. -Les ouvrants sont vitr\u00e9s dans une section diff\u00e9rente pr\u00e9vue \u00e0 cet effet, \u00e9querrant l&rsquo;ouvrant d&rsquo;\u00e9querre et le scellant pour \u00e9viter les fuites d&rsquo;eau ou d&rsquo;air. -L&rsquo;installation se d\u00e9roule en chargeant le mat\u00e9riel pr\u00e9alablement pr\u00e9par\u00e9 sur le v\u00e9hicule industriel, en l&rsquo;amenant sur le site de montage et en l&rsquo;installant ensuite.<\/p>\n<p style=\"text-align: justify;\">Les mat\u00e9riaux tels que : stores, plafonds, paravents&#8230; sont \u00e9galement d\u00e9coup\u00e9s sur mesure selon les directives de base d\u00e9crites pr\u00e9c\u00e9demment. Actuellement, nous disposons de nombreux types de mat\u00e9riaux, en nous adaptant autant que possible aux exigences de chaque client. Si vous avez des questions, n&rsquo;h\u00e9sitez pas \u00e0 nous contacter, nous serons heureux de vous aider.<\/p>\n<p><!--more--><\/p>\n","protected":false},"excerpt":{"rendered":"<p>Chez PONSICO S.C.P., nous r\u00e9alisons depuis plus de trente ans des portes et fen\u00eatres en aluminium sur mesure. La proc\u00e9dure est la suivante : &#8211; Les<span class=\"excerpt-hellip\"> [\u2026]<\/span><\/p>\n","protected":false},"author":5,"featured_media":0,"parent":52314,"menu_order":0,"comment_status":"closed","ping_status":"open","template":"template-fullwidth.php","meta":{"_joinchat":[],"footnotes":""},"class_list":["post-52554","page","type-page","status-publish","hentry"],"aioseo_notices":[],"_links":{"self":[{"href":"https:\/\/www.carpinteria-aluminio.cat\/fr\/wp-json\/wp\/v2\/pages\/52554","targetHints":{"allow":["GET"]}}],"collection":[{"href":"https:\/\/www.carpinteria-aluminio.cat\/fr\/wp-json\/wp\/v2\/pages"}],"about":[{"href":"https:\/\/www.carpinteria-aluminio.cat\/fr\/wp-json\/wp\/v2\/types\/page"}],"author":[{"embeddable":true,"href":"https:\/\/www.carpinteria-aluminio.cat\/fr\/wp-json\/wp\/v2\/users\/5"}],"replies":[{"embeddable":true,"href":"https:\/\/www.carpinteria-aluminio.cat\/fr\/wp-json\/wp\/v2\/comments?post=52554"}],"version-history":[{"count":3,"href":"https:\/\/www.carpinteria-aluminio.cat\/fr\/wp-json\/wp\/v2\/pages\/52554\/revisions"}],"predecessor-version":[{"id":52672,"href":"https:\/\/www.carpinteria-aluminio.cat\/fr\/wp-json\/wp\/v2\/pages\/52554\/revisions\/52672"}],"up":[{"embeddable":true,"href":"https:\/\/www.carpinteria-aluminio.cat\/fr\/wp-json\/wp\/v2\/pages\/52314"}],"wp:attachment":[{"href":"https:\/\/www.carpinteria-aluminio.cat\/fr\/wp-json\/wp\/v2\/media?parent=52554"}],"curies":[{"name":"wp","href":"https:\/\/api.w.org\/{rel}","templated":true}]}}