{"id":52560,"date":"2013-01-05T14:52:34","date_gmt":"2013-01-05T14:52:34","guid":{"rendered":"https:\/\/www.carpinteria-aluminio.cat\/prestations-de-service\/formas-de-pago\/"},"modified":"2024-06-06T08:11:20","modified_gmt":"2024-06-06T07:11:20","slug":"modes-de-paiement","status":"publish","type":"page","link":"https:\/\/www.carpinteria-aluminio.cat\/fr\/prestations-de-service\/modes-de-paiement\/","title":{"rendered":"Modes de paiement"},"content":{"rendered":"<p>Le mode de paiement habituel chez Ponsico Aluminium Menuiserie est : &#8211; 40% du montant total au moment de l&rsquo;acceptation du devis. &#8211; Le montant restant \u00e0 la fin des travaux. Nous offrons la possibilit\u00e9 de payer selon diff\u00e9rents modes de paiement pratiques : <strong>&#8211; Par virement bancaire. <\/strong> &#8211; Nous acceptons les paiements par <strong>ch\u00e8ques <\/strong> ou <strong>talons<\/strong>. &#8211; <strong>Carte de cr\u00e9dit<\/strong> (Visa, Mastercard, etc.)<\/p>\n<p><a title=\"Contactez-nous\" href=\"https:\/\/www.carpinteria-aluminio.cat\/contacto\/\">Consultez-nous<\/a> pour d&rsquo;autres facilit\u00e9s de paiement.<\/p>\n<p><!--more--><\/p>\n","protected":false},"excerpt":{"rendered":"<p>Le mode de paiement habituel chez Ponsico Aluminium Menuiserie est : &#8211; 40% du montant total au moment de l&rsquo;acceptation du devis. &#8211; Le montant restant<span class=\"excerpt-hellip\"> [\u2026]<\/span><\/p>\n","protected":false},"author":1,"featured_media":0,"parent":52314,"menu_order":0,"comment_status":"closed","ping_status":"open","template":"","meta":{"_joinchat":[],"footnotes":""},"class_list":["post-52560","page","type-page","status-publish","hentry"],"aioseo_notices":[],"_links":{"self":[{"href":"https:\/\/www.carpinteria-aluminio.cat\/fr\/wp-json\/wp\/v2\/pages\/52560","targetHints":{"allow":["GET"]}}],"collection":[{"href":"https:\/\/www.carpinteria-aluminio.cat\/fr\/wp-json\/wp\/v2\/pages"}],"about":[{"href":"https:\/\/www.carpinteria-aluminio.cat\/fr\/wp-json\/wp\/v2\/types\/page"}],"author":[{"embeddable":true,"href":"https:\/\/www.carpinteria-aluminio.cat\/fr\/wp-json\/wp\/v2\/users\/1"}],"replies":[{"embeddable":true,"href":"https:\/\/www.carpinteria-aluminio.cat\/fr\/wp-json\/wp\/v2\/comments?post=52560"}],"version-history":[{"count":2,"href":"https:\/\/www.carpinteria-aluminio.cat\/fr\/wp-json\/wp\/v2\/pages\/52560\/revisions"}],"predecessor-version":[{"id":52562,"href":"https:\/\/www.carpinteria-aluminio.cat\/fr\/wp-json\/wp\/v2\/pages\/52560\/revisions\/52562"}],"up":[{"embeddable":true,"href":"https:\/\/www.carpinteria-aluminio.cat\/fr\/wp-json\/wp\/v2\/pages\/52314"}],"wp:attachment":[{"href":"https:\/\/www.carpinteria-aluminio.cat\/fr\/wp-json\/wp\/v2\/media?parent=52560"}],"curies":[{"name":"wp","href":"https:\/\/api.w.org\/{rel}","templated":true}]}}