{"id":52621,"date":"2013-01-05T14:51:59","date_gmt":"2013-01-05T14:51:59","guid":{"rendered":"https:\/\/www.carpinteria-aluminio.cat\/prestations-de-service\/instalacion\/"},"modified":"2024-06-06T16:45:45","modified_gmt":"2024-06-06T15:45:45","slug":"facilite","status":"publish","type":"page","link":"https:\/\/www.carpinteria-aluminio.cat\/fr\/prestations-de-service\/facilite\/","title":{"rendered":"Facilit\u00e9"},"content":{"rendered":"<div id=\"attachment_52624\" style=\"width: 284px\" class=\"wp-caption alignleft\"><a href=\"https:\/\/www.carpinteria-aluminio.cat\/wp-content\/uploads\/2013\/01\/IMG_1571_resized.jpg\" target=\"_blank\" rel=\"noopener\"><img loading=\"lazy\" decoding=\"async\" aria-describedby=\"caption-attachment-52624\" class=\" wp-image-1631\" style=\"margin: 0px; border: 0px;\" title=\"Bo\u00eete \u00e0 outils\" src=\"https:\/\/www.carpinteria-aluminio.cat\/wp-content\/uploads\/2013\/01\/IMG_1571_resized-300x200.jpg\" alt=\"Bo\u00eete \u00e0 outils\" width=\"274\" height=\"175\"><\/a><p id=\"caption-attachment-52624\" class=\"wp-caption-text\">Bo\u00eete \u00e0 outils<\/p><\/div>\n<div id=\"attachment_52625\" style=\"width: 284px\" class=\"wp-caption alignleft\"><a href=\"https:\/\/www.carpinteria-aluminio.cat\/wp-content\/uploads\/2013\/01\/IMG_1570_resized.jpg\" target=\"_blank\" rel=\"noopener\"><img loading=\"lazy\" decoding=\"async\" aria-describedby=\"caption-attachment-52625\" class=\" wp-image-1632\" style=\"margin: 0px; border: 0px;\" title=\"tournevis classique\" src=\"https:\/\/www.carpinteria-aluminio.cat\/wp-content\/uploads\/2013\/01\/IMG_1570_resized-300x200.jpg\" alt=\"tournevis classique\" width=\"274\" height=\"175\"><\/a><p id=\"caption-attachment-52625\" class=\"wp-caption-text\">tournevis classique<\/p><\/div>\n<div id=\"attachment_52626\" style=\"width: 284px\" class=\"wp-caption alignleft\"><a href=\"https:\/\/www.carpinteria-aluminio.cat\/wp-content\/uploads\/2013\/01\/IMG_1514_resized-1.jpg\" target=\"_blank\" rel=\"noopener\"><img loading=\"lazy\" decoding=\"async\" aria-describedby=\"caption-attachment-52626\" class=\" wp-image-1633\" style=\"margin: 0px; border: 0px;\" title=\"Transport pour l'installation\" src=\"https:\/\/www.carpinteria-aluminio.cat\/wp-content\/uploads\/2013\/01\/IMG_1514_resized-1-300x200.jpg\" alt=\"Transport pour l'installation\" width=\"274\" height=\"175\"><\/a><p id=\"caption-attachment-52626\" class=\"wp-caption-text\">Transport pour l&rsquo;installation<\/p><\/div>\n<p style=\"text-align: justify;\">Nous disposons d&rsquo;une main-d&rsquo;\u0153uvre exp\u00e9riment\u00e9e et qualifi\u00e9e pour l&rsquo;installation de n&rsquo;importe lequel de nos produits. De plus, nous disposons des outils n\u00e9cessaires pour r\u00e9aliser ces installations rapidement, efficacement et avec solvabilit\u00e9. Silicones neutres de la plus haute qualit\u00e9 pour sceller les joints ext\u00e9rieurs des enceintes, polyur\u00e9thane. la mousse pour isoler au maximum la structure de l&rsquo;ext\u00e9rieur, les bouchons chimiques pour les murs les plus tenaces, sont un exemple des mat\u00e9riaux utilis\u00e9s dans l&rsquo;installation. Quant aux outils, nous en avons une grande vari\u00e9t\u00e9 \u00e0 utiliser quand ils sont le plus pratiques. : tournevis avec piles au lithium et marteau, scies sabres pour couper les cadres extraits, scies radiales de deux tailles, marteaux perforateurs pneumatiques pour les murs les plus durs, etc. La plupart des installations ne durent g\u00e9n\u00e9ralement pas plus d&rsquo;une journ\u00e9e, avec plus ou moins d&rsquo;op\u00e9rateurs le cas \u00e9ch\u00e9ant, afin de d\u00e9ranger le moins possible le client. La mati\u00e8re extraite est achemin\u00e9e au point vert pour \u00eatre s\u00e9lectionn\u00e9e et recycl\u00e9e.<\/p>\n<p><!--more--><\/p>\n","protected":false},"excerpt":{"rendered":"<p>Nous disposons d&rsquo;une main-d&rsquo;\u0153uvre exp\u00e9riment\u00e9e et qualifi\u00e9e pour l&rsquo;installation de n&rsquo;importe lequel de nos produits. De plus, nous disposons des outils n\u00e9cessaires pour r\u00e9aliser ces installations<span class=\"excerpt-hellip\"> [\u2026]<\/span><\/p>\n","protected":false},"author":1,"featured_media":0,"parent":52314,"menu_order":0,"comment_status":"closed","ping_status":"open","template":"template-fullwidth.php","meta":{"_joinchat":[],"footnotes":""},"class_list":["post-52621","page","type-page","status-publish","hentry"],"aioseo_notices":[],"_links":{"self":[{"href":"https:\/\/www.carpinteria-aluminio.cat\/fr\/wp-json\/wp\/v2\/pages\/52621","targetHints":{"allow":["GET"]}}],"collection":[{"href":"https:\/\/www.carpinteria-aluminio.cat\/fr\/wp-json\/wp\/v2\/pages"}],"about":[{"href":"https:\/\/www.carpinteria-aluminio.cat\/fr\/wp-json\/wp\/v2\/types\/page"}],"author":[{"embeddable":true,"href":"https:\/\/www.carpinteria-aluminio.cat\/fr\/wp-json\/wp\/v2\/users\/1"}],"replies":[{"embeddable":true,"href":"https:\/\/www.carpinteria-aluminio.cat\/fr\/wp-json\/wp\/v2\/comments?post=52621"}],"version-history":[{"count":2,"href":"https:\/\/www.carpinteria-aluminio.cat\/fr\/wp-json\/wp\/v2\/pages\/52621\/revisions"}],"predecessor-version":[{"id":52628,"href":"https:\/\/www.carpinteria-aluminio.cat\/fr\/wp-json\/wp\/v2\/pages\/52621\/revisions\/52628"}],"up":[{"embeddable":true,"href":"https:\/\/www.carpinteria-aluminio.cat\/fr\/wp-json\/wp\/v2\/pages\/52314"}],"wp:attachment":[{"href":"https:\/\/www.carpinteria-aluminio.cat\/fr\/wp-json\/wp\/v2\/media?parent=52621"}],"curies":[{"name":"wp","href":"https:\/\/api.w.org\/{rel}","templated":true}]}}