{"id":52629,"date":"2012-10-18T16:32:28","date_gmt":"2012-10-18T16:32:28","guid":{"rendered":"https:\/\/www.carpinteria-aluminio.cat\/prestations-de-service\/reparaciones-carpinteria-aluminio-barcelona\/"},"modified":"2024-06-06T16:50:02","modified_gmt":"2024-06-06T15:50:02","slug":"reparations-menuiserie-aluminium-barcelone","status":"publish","type":"page","link":"https:\/\/www.carpinteria-aluminio.cat\/fr\/prestations-de-service\/reparations-menuiserie-aluminium-barcelone\/","title":{"rendered":"R\u00e9parations, peinture d\u00e9corative et autres services"},"content":{"rendered":"<p>Chez Carpinteria de Aluminio Ponsico, nous offrons des services de r\u00e9paration, de peinture d\u00e9corative, d&rsquo;\u00e9lectricien et de plomberie. <strong><a title=\"Contactez-nous\" href=\"https:\/\/www.carpinteria-aluminio.cat\/contacto\/\">Contactez<\/a><\/strong>-nous et nous vous conseillerons selon vos besoins.<\/p>\n<p><!--more--><\/p>\n","protected":false},"excerpt":{"rendered":"<p>Chez Carpinteria de Aluminio Ponsico, nous offrons des services de r\u00e9paration, de peinture d\u00e9corative, d&rsquo;\u00e9lectricien et de plomberie. Contactez-nous et nous vous conseillerons selon vos besoins.<\/p>\n","protected":false},"author":1,"featured_media":0,"parent":52314,"menu_order":0,"comment_status":"closed","ping_status":"closed","template":"template-fullwidth.php","meta":{"_joinchat":[],"footnotes":""},"class_list":["post-52629","page","type-page","status-publish","hentry"],"aioseo_notices":[],"_links":{"self":[{"href":"https:\/\/www.carpinteria-aluminio.cat\/fr\/wp-json\/wp\/v2\/pages\/52629","targetHints":{"allow":["GET"]}}],"collection":[{"href":"https:\/\/www.carpinteria-aluminio.cat\/fr\/wp-json\/wp\/v2\/pages"}],"about":[{"href":"https:\/\/www.carpinteria-aluminio.cat\/fr\/wp-json\/wp\/v2\/types\/page"}],"author":[{"embeddable":true,"href":"https:\/\/www.carpinteria-aluminio.cat\/fr\/wp-json\/wp\/v2\/users\/1"}],"replies":[{"embeddable":true,"href":"https:\/\/www.carpinteria-aluminio.cat\/fr\/wp-json\/wp\/v2\/comments?post=52629"}],"version-history":[{"count":2,"href":"https:\/\/www.carpinteria-aluminio.cat\/fr\/wp-json\/wp\/v2\/pages\/52629\/revisions"}],"predecessor-version":[{"id":52631,"href":"https:\/\/www.carpinteria-aluminio.cat\/fr\/wp-json\/wp\/v2\/pages\/52629\/revisions\/52631"}],"up":[{"embeddable":true,"href":"https:\/\/www.carpinteria-aluminio.cat\/fr\/wp-json\/wp\/v2\/pages\/52314"}],"wp:attachment":[{"href":"https:\/\/www.carpinteria-aluminio.cat\/fr\/wp-json\/wp\/v2\/media?parent=52629"}],"curies":[{"name":"wp","href":"https:\/\/api.w.org\/{rel}","templated":true}]}}