{"id":52643,"date":"2014-07-20T10:10:26","date_gmt":"2014-07-20T09:10:26","guid":{"rendered":"https:\/\/www.carpinteria-aluminio.cat\/zona-outlet\/"},"modified":"2024-06-06T17:11:40","modified_gmt":"2024-06-06T16:11:40","slug":"zone-de-sortie","status":"publish","type":"page","link":"https:\/\/www.carpinteria-aluminio.cat\/fr\/zone-de-sortie\/","title":{"rendered":"Zone Outlet jusqu&rsquo;\u00e0 80% de r\u00e9duction"},"content":{"rendered":"<p style=\"text-align: justify;\">Sur cette page, nous avons des produits de notre catalogue de menuiserie en aluminium en parfait \u00e9tat, mis au rebut car hors catalogue, avec des mesures sp\u00e9cifiques, dot\u00e9s d&rsquo;une garantie compl\u00e8te et de la possibilit\u00e9 d&rsquo;\u00eatre install\u00e9s par nos soins.<\/p>\n<div id=\"attachment_52644\" style=\"width: 235px\" class=\"wp-caption alignleft\"><a href=\"https:\/\/www.carpinteria-aluminio.cat\/wp-content\/uploads\/2014\/07\/20140721_075420.jpg\" target=\"_blank\" rel=\"noopener\"><img loading=\"lazy\" decoding=\"async\" aria-describedby=\"caption-attachment-52644\" class=\"wp-image-5280 size-medium\" src=\"https:\/\/www.carpinteria-aluminio.cat\/wp-content\/uploads\/2014\/07\/20140721_075420-225x300.jpg\" alt=\"Porte de s\u00e9curit\u00e9 d'entr\u00e9e de maison blind\u00e9e en aluminium avec serrure multipoint anti-levier\" width=\"225\" height=\"300\" srcset=\"https:\/\/www.carpinteria-aluminio.cat\/wp-content\/uploads\/2014\/07\/20140721_075420-225x300.jpg 225w, https:\/\/www.carpinteria-aluminio.cat\/wp-content\/uploads\/2014\/07\/20140721_075420-768x1024.jpg 768w, https:\/\/www.carpinteria-aluminio.cat\/wp-content\/uploads\/2014\/07\/20140721_075420-500x666.jpg 500w\" sizes=\"auto, (max-width:767px) 225px, 225px\" \/><\/a><p id=\"caption-attachment-52644\" class=\"wp-caption-text\">Porte de s\u00e9curit\u00e9 d&rsquo;entr\u00e9e de maison blind\u00e9e en aluminium avec serrure multipoint anti-levier<\/p><\/div>\n<p style=\"text-align: justify;\">Porte en aluminium avec finition laqu\u00e9e blanc \u00e0 l&rsquo;ext\u00e9rieur, bois lamell\u00e9 \u00e0 l&rsquo;int\u00e9rieur avec plaque m\u00e9tallique interne la rendant blind\u00e9e. C&rsquo;est un type de porte robuste et solide, qui offre la s\u00e9curit\u00e9 n\u00e9cessaire \u00e0 toute maison familiale. Il int\u00e8gre un cylindre sp\u00e9cial pour les cl\u00e9s de s\u00e9curit\u00e9 anti-copie, qui ne peut pas \u00eatre cass\u00e9 avec une perceuse, comme la plupart d&rsquo;entre elles. Il dispose \u00e9galement d&rsquo;une serrure de s\u00e9curit\u00e9 multipoints anti-levier \u00e0 3 points avec 10 p\u00eanes. La porte int\u00e8gre \u00e9galement une charni\u00e8re anti-levier de haute s\u00e9curit\u00e9 avec une plaque longue \u00e0 5 n\u0153uds, avec boutons de fermeture int\u00e9rieurs. En termes d&rsquo;\u00e9tanch\u00e9it\u00e9, ce type de porte est dot\u00e9 d&rsquo;un caoutchouc sur le pourtour du vantail pour emp\u00eacher le passage de l&rsquo;air, ainsi que d&rsquo;un brise-vent en caoutchouc de type guillotine avec fermeture \u00e0 charni\u00e8re int\u00e9rieure au bas de la porte, l\u00e0 o\u00f9 il n&rsquo;y a pas d&rsquo;air. cadre, pour assurer son \u00e9tanch\u00e9it\u00e9. Poign\u00e9e, cl\u00e9s et poign\u00e9e incluses.<\/p>\n<p style=\"text-align: justify;\">Dimensions : <strong>915 mm de large x 2075 mm de haut <\/strong><\/p>\n<p style=\"text-align: justify;\">Le prix de cette porte avec TVA. et l&rsquo;installation incluse est <strong>1000 EUROS<\/strong>,<strong> <\/strong>(avant 1900 euros), une remise de 20% sans installation.<\/p>\n<p><!--more--><\/p>\n","protected":false},"excerpt":{"rendered":"<p>Sur cette page, nous avons des produits de notre catalogue de menuiserie en aluminium en parfait \u00e9tat, mis au rebut car hors catalogue, avec des mesures<span class=\"excerpt-hellip\"> [\u2026]<\/span><\/p>\n","protected":false},"author":5,"featured_media":0,"parent":0,"menu_order":0,"comment_status":"closed","ping_status":"closed","template":"","meta":{"_joinchat":[],"footnotes":""},"class_list":["post-52643","page","type-page","status-publish","hentry"],"aioseo_notices":[],"_links":{"self":[{"href":"https:\/\/www.carpinteria-aluminio.cat\/fr\/wp-json\/wp\/v2\/pages\/52643","targetHints":{"allow":["GET"]}}],"collection":[{"href":"https:\/\/www.carpinteria-aluminio.cat\/fr\/wp-json\/wp\/v2\/pages"}],"about":[{"href":"https:\/\/www.carpinteria-aluminio.cat\/fr\/wp-json\/wp\/v2\/types\/page"}],"author":[{"embeddable":true,"href":"https:\/\/www.carpinteria-aluminio.cat\/fr\/wp-json\/wp\/v2\/users\/5"}],"replies":[{"embeddable":true,"href":"https:\/\/www.carpinteria-aluminio.cat\/fr\/wp-json\/wp\/v2\/comments?post=52643"}],"version-history":[{"count":2,"href":"https:\/\/www.carpinteria-aluminio.cat\/fr\/wp-json\/wp\/v2\/pages\/52643\/revisions"}],"predecessor-version":[{"id":52646,"href":"https:\/\/www.carpinteria-aluminio.cat\/fr\/wp-json\/wp\/v2\/pages\/52643\/revisions\/52646"}],"wp:attachment":[{"href":"https:\/\/www.carpinteria-aluminio.cat\/fr\/wp-json\/wp\/v2\/media?parent=52643"}],"curies":[{"name":"wp","href":"https:\/\/api.w.org\/{rel}","templated":true}]}}